{"id":713748,"date":"2025-08-27T17:10:46","date_gmt":"2025-08-27T14:10:46","guid":{"rendered":"https:\/\/roveyayinevi.com.tr\/index.php\/urun\/serhh-siir-ve-elestiri-dergisi-sayi-7\/"},"modified":"2026-04-16T02:22:19","modified_gmt":"2026-04-15T23:22:19","slug":"serhh-siir-ve-elestiri-dergisi-sayi-7","status":"publish","type":"product","link":"https:\/\/roveyayinevi.com.tr\/index.php\/urun\/serhh-siir-ve-elestiri-dergisi-sayi-7\/","title":{"rendered":"\u015eerhh \u015eiir ve Ele\u015ftiri Dergisi Say\u0131 7"},"content":{"rendered":"<p>\u015eerhh \u015fiir ve ele\u015ftiri dergisinin 7. say\u0131s\u0131nda edit\u00f6rl\u00fc\u011f\u00fcn\u00fc Eren Bar\u0131\u015f\u2019\u0131n yapt\u0131\u011f\u0131 ilk dosya \u201cThomas Balkenhol\u2019u U\u011furlarken\u201d ismini ta\u015f\u0131yor. Uzun y\u0131llar T\u00fcrkiye sinemas\u0131na hem belgesel sinemac\u0131 ve kurgucu olarak hem de ODT\u00dc Rekt\u00f6rl\u00fc\u011f\u00fc\u2019ne ba\u011fl\u0131 G\u0130SAM\u2019da sinema \u00fczerine verdi\u011fi dersler ile teorik ve pratik katk\u0131lar yapm\u0131\u015f olan Thomas Balkenhol\u2019a odaklanan bu dosyada, Emre Koyuncu ile Eren Bar\u0131\u015f\u2019\u0131n kendisiyle ger\u00e7ekle\u015ftirdi\u011fi bir s\u00f6yle\u015fi, Bilge Demirta\u015f ve Hakan Topal\u2019\u0131n Thomas Balkenhol \u00fczerine yaz\u0131lar\u0131 ve Thomas Balkenhol\u2019\u00fcn belgesel sinema ve kurgu \u00fczerine iki yaz\u0131s\u0131 yer al\u0131yor. \u015ferhh\u2019in Alper G\u00f6bel taraf\u0131ndan haz\u0131rlanan \u201cJohn Berger\u2019\u0131 Okuma Bi\u00e7imleri\u201d adl\u0131 ikinci dosyas\u0131nda, E. Osman Erden, Sabri G\u00fcrses ve Gaye \u00c7ankaya Eksen\u2019in Berger metinlerine odaklanan yaz\u0131lar\u0131 bulunuyor. Emre Koyuncu, Se\u00e7il Yersel, Nazan Maksudyan, Kaan Kurt, Aslan Erdem, Hera B\u00fcy\u00fckta\u015f\u00e7\u0131yan, Cassis Cotton, Ekin Can G\u00f6ksoy, Bihter Sabano\u011flu bu say\u0131ya katk\u0131da bulunan di\u011fer yazarlar. \u015ferhh\u2019in bu say\u0131s\u0131nda ayr\u0131ca Osman \u015ei\u015fman\u2019\u0131n haz\u0131rlay\u0131p Pelin Tan, Levent \u015eent\u00fcrk, Can G\u00fcnd\u00fcz, Kenan G\u00fcven\u00e7\u2019in yan\u0131tlar\u0131yla dahil oldu\u011fu \u201cMimarl\u0131k ve \u0130ktidar\u201d ba\u015fl\u0131kl\u0131 bir soru\u015fturmay\u0131 da okuyabilirsiniz. \u015eairin Seyir Defteri\u2019nde Baran \u00c7a\u00e7an\u2019\u0131n yer ald\u0131\u011f\u0131 bu say\u0131n\u0131n di\u011fer \u015fairleri Mihrap Ayd\u0131n, Alara \u00c7akmak\u00e7\u0131, \u015eakir \u00d6z\u00fcdo\u011fru, \u0130nan\u00e7 Avadit, Kadir Sevin\u00e7, Enis Ak\u0131n, Tan Bab\u00fcr, Serhat Sar\u0131, Ece Eldek ve Cihat Duman. 7. say\u0131n\u0131n K\u00fclliyat b\u00f6l\u00fcm\u00fcnde ise yazar Kurt Tucholsky imzal\u0131 \u201cHiciv Nedir?\u201d yaz\u0131s\u0131 yay\u0131mlan\u0131yor. <\/p>\n","protected":false},"excerpt":{"rendered":"<p>\u015eerhh \u015fiir ve ele\u015ftiri dergisinin 7. say\u0131s\u0131nda edit\u00f6rl\u00fc\u011f\u00fcn\u00fc Eren Bar\u0131\u015f\u2019\u0131n yapt\u0131\u011f\u0131 ilk dosya \u201cThomas Balkenhol\u2019u U\u011furlarken\u201d ismini ta\u015f\u0131yor. Uzun y\u0131llar T\u00fcrkiye sinemas\u0131na hem belgesel sinemac\u0131 ve<span class=\"excerpt-hellip\"> [\u2026]<\/span><\/p>\n","protected":false},"featured_media":0,"template":"","meta":{"_monsterinsights_skip_tracking":false,"_monsterinsights_sitenote_active":false,"_monsterinsights_sitenote_note":"","_monsterinsights_sitenote_category":0},"product_brand":[],"product_cat":[30023,13527],"product_tag":[],"class_list":{"0":"post-713748","1":"product","2":"type-product","3":"status-publish","5":"product_cat-edebiyat-sureli-yayinlar","6":"product_cat-sureli-yayinlar","7":"pa_cilt-ciltsiz","8":"pa_tur-dergi","9":"pa_yayinevi-balkon-kitap","10":"pa_yazar-kollektif","12":"first","13":"instock","14":"sale","15":"shipping-taxable","16":"purchasable","17":"product-type-simple"},"_links":{"self":[{"href":"https:\/\/roveyayinevi.com.tr\/index.php\/wp-json\/wp\/v2\/product\/713748","targetHints":{"allow":["GET"]}}],"collection":[{"href":"https:\/\/roveyayinevi.com.tr\/index.php\/wp-json\/wp\/v2\/product"}],"about":[{"href":"https:\/\/roveyayinevi.com.tr\/index.php\/wp-json\/wp\/v2\/types\/product"}],"wp:attachment":[{"href":"https:\/\/roveyayinevi.com.tr\/index.php\/wp-json\/wp\/v2\/media?parent=713748"}],"wp:term":[{"taxonomy":"product_brand","embeddable":true,"href":"https:\/\/roveyayinevi.com.tr\/index.php\/wp-json\/wp\/v2\/product_brand?post=713748"},{"taxonomy":"product_cat","embeddable":true,"href":"https:\/\/roveyayinevi.com.tr\/index.php\/wp-json\/wp\/v2\/product_cat?post=713748"},{"taxonomy":"product_tag","embeddable":true,"href":"https:\/\/roveyayinevi.com.tr\/index.php\/wp-json\/wp\/v2\/product_tag?post=713748"}],"curies":[{"name":"wp","href":"https:\/\/api.w.org\/{rel}","templated":true}]}}