{"id":713746,"date":"2025-08-27T17:10:45","date_gmt":"2025-08-27T14:10:45","guid":{"rendered":"https:\/\/roveyayinevi.com.tr\/index.php\/urun\/anadolu-ve-efsaneleri\/"},"modified":"2026-01-21T02:38:02","modified_gmt":"2026-01-20T23:38:02","slug":"anadolu-ve-efsaneleri","status":"publish","type":"product","link":"https:\/\/roveyayinevi.com.tr\/index.php\/urun\/anadolu-ve-efsaneleri\/","title":{"rendered":"Anadolu ve Efsaneleri"},"content":{"rendered":"<p>H\u0131z\u0131r&#8217;la \u0130lyas hemen birer tas su i\u00e7tiler. \u00d6l\u00fcms\u00fczl\u00fck suyunu bulduklar\u0131na hala inanam\u0131yorlard\u0131. Suyun ger\u00e7ekten \u00f6l\u00fcms\u00fczl\u00fck suyu olup olmad\u0131\u011f\u0131n\u0131 bir kez daha test etmek i\u00e7in di\u011fer kuru bal\u0131klar\u0131n \u00fcstlerine birka\u00e7 damla su serptiler, i\u015fte o anda \u00f6l\u00fc bal\u0131klar\u0131n hepsi canlan\u0131p hareket etmeye ba\u015flad\u0131lar. <\/p>\n","protected":false},"excerpt":{"rendered":"<p>H\u0131z\u0131r&#8217;la \u0130lyas hemen birer tas su i\u00e7tiler. \u00d6l\u00fcms\u00fczl\u00fck suyunu bulduklar\u0131na hala inanam\u0131yorlard\u0131. Suyun ger\u00e7ekten \u00f6l\u00fcms\u00fczl\u00fck suyu olup olmad\u0131\u011f\u0131n\u0131 bir kez daha test etmek i\u00e7in di\u011fer kuru<span class=\"excerpt-hellip\"> [\u2026]<\/span><\/p>\n","protected":false},"featured_media":0,"template":"","meta":{"_monsterinsights_skip_tracking":false,"_monsterinsights_sitenote_active":false,"_monsterinsights_sitenote_note":"","_monsterinsights_sitenote_category":0},"product_brand":[],"product_cat":[12275,12274],"product_tag":[],"class_list":{"0":"post-713746","1":"product","2":"type-product","3":"status-publish","5":"product_cat-6-12-yas-kitaplari","6":"product_cat-cocuk-ve-genclik-kitaplari","7":"pa_cilt-ciltsiz","8":"pa_tur-kitap","9":"pa_yayinevi-somut-yayinlari","10":"pa_yazar-seyhan-livaneli","12":"first","13":"instock","14":"sale","15":"shipping-taxable","16":"purchasable","17":"product-type-simple"},"_links":{"self":[{"href":"https:\/\/roveyayinevi.com.tr\/index.php\/wp-json\/wp\/v2\/product\/713746","targetHints":{"allow":["GET"]}}],"collection":[{"href":"https:\/\/roveyayinevi.com.tr\/index.php\/wp-json\/wp\/v2\/product"}],"about":[{"href":"https:\/\/roveyayinevi.com.tr\/index.php\/wp-json\/wp\/v2\/types\/product"}],"wp:attachment":[{"href":"https:\/\/roveyayinevi.com.tr\/index.php\/wp-json\/wp\/v2\/media?parent=713746"}],"wp:term":[{"taxonomy":"product_brand","embeddable":true,"href":"https:\/\/roveyayinevi.com.tr\/index.php\/wp-json\/wp\/v2\/product_brand?post=713746"},{"taxonomy":"product_cat","embeddable":true,"href":"https:\/\/roveyayinevi.com.tr\/index.php\/wp-json\/wp\/v2\/product_cat?post=713746"},{"taxonomy":"product_tag","embeddable":true,"href":"https:\/\/roveyayinevi.com.tr\/index.php\/wp-json\/wp\/v2\/product_tag?post=713746"}],"curies":[{"name":"wp","href":"https:\/\/api.w.org\/{rel}","templated":true}]}}