{"id":713745,"date":"2025-08-27T17:10:44","date_gmt":"2025-08-27T14:10:44","guid":{"rendered":"https:\/\/roveyayinevi.com.tr\/index.php\/urun\/turk-kulturunde-deli-ve-delilik\/"},"modified":"2026-04-03T02:28:07","modified_gmt":"2026-04-02T23:28:07","slug":"turk-kulturunde-deli-ve-delilik","status":"publish","type":"product","link":"https:\/\/roveyayinevi.com.tr\/index.php\/urun\/turk-kulturunde-deli-ve-delilik\/","title":{"rendered":"T\u00fcrk K\u00fclt\u00fcr\u00fcnde Deli ve Delilik"},"content":{"rendered":"<p>Delilik \u00f6zg\u00fcrl\u00fckt\u00fcr; d\u00fcnyan\u0131n mant\u0131\u011fa, kurallara s\u0131\u011fmayan d\u00fczenine kar\u015f\u0131 marjinal bir itirazd\u0131r, akla isyan eden sorumsuz bir ak\u0131l denemesidir. Bu kitapta \u00e7ok \u00e7e\u015fitli, \u00e7ok anlaml\u0131 kavramlar olan deli ve delilik, T\u00fcrk k\u00fclt\u00fcr\u00fc temel al\u0131narak ara\u015ft\u0131r\u0131ld\u0131. Deli ve delilik; \u015famandan sufiye, \u00e2\u015f\u0131ktan komik tiplere, tanr\u0131o\u011flundan evliyaya, bimarhanelerde tedavi g\u00f6renlerden \u00e7\u0131lg\u0131n kahramanlara ve esrar ilmini bilen evliyalara kadar geni\u015f bir muhtevaya sahiptir. En az\u0131ndan akl\u00ee dengesi olmayan ve do\u011fu\u015ftan deli olanlarla, bir tecelladan, ilah\u00ee a\u015fk\u0131n \u015fiddetinden, H\u00fcsn\u00fc Mutlak\u2019\u0131n g\u00fczelli\u011finden delirenleri; \u00e7e\u015fitli nedenlerden, mesel\u00e2 \u015farap i\u00e7mekten, bahar\u0131n geli\u015finden, kan\u0131n co\u015fmas\u0131ndan, a\u015f\u0131r\u0131 sinirden cinnet ge\u00e7irenleri; fiziksel travmalar sebebiyle akl\u0131 selimini kaybedenlerle, baz\u0131 toplumsal bask\u0131lardan dolay\u0131 kendini deli gibi kaleme verenleri; at\u0131lgan, d\u00fcr\u00fcst, g\u00f6z\u00fcpek delikanl\u0131, deli dolu olanlarla, deli veya z\u0131rdeli diye adland\u0131r\u0131lanlar\u0131; Allah\u2019\u0131n g\u00fczel s\u0131fatlar\u0131n\u0131n azameti kar\u015f\u0131s\u0131nda s\u00fcrekli cezbe halinde olanlarla, delilik hastal\u0131\u011f\u0131na yakalananlar\u0131; deli muamelesi g\u00f6renleri ve nihayet bunlar\u0131n hepsiyle kutsal delileri birbirinden ay\u0131rmak gerekir. Fuzuli Bayat\u2019\u0131n T\u00fcrk K\u00fclt\u00fcr\u00fcnde Deli ve Delilik adl\u0131 bu \u00e7al\u0131\u015fmas\u0131nda, b\u00fct\u00fcn bu ayr\u0131mlar izah edildikten sonra var\u0131lan netice ise \u015fudur: Deliyi hastanelere kapatan, ona c\u00fczzaml\u0131 bir hasta, bazen de bir e\u011flence vesilesi gibi bakan Avrupa k\u00fclt\u00fcr\u00fcn\u00fcn aksine, T\u00fcrkler deliye, Allah taraf\u0131ndan verilmi\u015f bir emanet olarak bakm\u0131\u015flard\u0131r. <\/p>\n","protected":false},"excerpt":{"rendered":"<p>Delilik \u00f6zg\u00fcrl\u00fckt\u00fcr; d\u00fcnyan\u0131n mant\u0131\u011fa, kurallara s\u0131\u011fmayan d\u00fczenine kar\u015f\u0131 marjinal bir itirazd\u0131r, akla isyan eden sorumsuz bir ak\u0131l denemesidir. Bu kitapta \u00e7ok \u00e7e\u015fitli, \u00e7ok anlaml\u0131 kavramlar olan<span class=\"excerpt-hellip\"> [\u2026]<\/span><\/p>\n","protected":false},"featured_media":0,"template":"","meta":{"_monsterinsights_skip_tracking":false,"_monsterinsights_sitenote_active":false,"_monsterinsights_sitenote_note":"","_monsterinsights_sitenote_category":0},"product_brand":[],"product_cat":[12567,12566],"product_tag":[],"class_list":{"0":"post-713745","1":"product","2":"type-product","3":"status-publish","5":"product_cat-diger-egitim","6":"product_cat-egitim","7":"pa_cilt-ciltsiz","8":"pa_tur-kitap","9":"pa_yayinevi-otuken-nesriyat","10":"pa_yazar-fuzuli-bayat","12":"first","13":"instock","14":"sale","15":"shipping-taxable","16":"purchasable","17":"product-type-simple"},"_links":{"self":[{"href":"https:\/\/roveyayinevi.com.tr\/index.php\/wp-json\/wp\/v2\/product\/713745","targetHints":{"allow":["GET"]}}],"collection":[{"href":"https:\/\/roveyayinevi.com.tr\/index.php\/wp-json\/wp\/v2\/product"}],"about":[{"href":"https:\/\/roveyayinevi.com.tr\/index.php\/wp-json\/wp\/v2\/types\/product"}],"wp:attachment":[{"href":"https:\/\/roveyayinevi.com.tr\/index.php\/wp-json\/wp\/v2\/media?parent=713745"}],"wp:term":[{"taxonomy":"product_brand","embeddable":true,"href":"https:\/\/roveyayinevi.com.tr\/index.php\/wp-json\/wp\/v2\/product_brand?post=713745"},{"taxonomy":"product_cat","embeddable":true,"href":"https:\/\/roveyayinevi.com.tr\/index.php\/wp-json\/wp\/v2\/product_cat?post=713745"},{"taxonomy":"product_tag","embeddable":true,"href":"https:\/\/roveyayinevi.com.tr\/index.php\/wp-json\/wp\/v2\/product_tag?post=713745"}],"curies":[{"name":"wp","href":"https:\/\/api.w.org\/{rel}","templated":true}]}}