{"id":713744,"date":"2025-08-27T17:10:44","date_gmt":"2025-08-27T14:10:44","guid":{"rendered":"https:\/\/roveyayinevi.com.tr\/index.php\/urun\/klasik-gitar-metodu\/"},"modified":"2026-04-16T02:22:19","modified_gmt":"2026-04-15T23:22:19","slug":"klasik-gitar-metodu","status":"publish","type":"product","link":"https:\/\/roveyayinevi.com.tr\/index.php\/urun\/klasik-gitar-metodu\/","title":{"rendered":"Klasik Gitar Metodu"},"content":{"rendered":"<p>1966 y\u0131l\u0131nda Ankara\u2019da do\u011fdu. 1989\u2019da Ertu\u011frul \u0130lerisoy\u2019dan Klasik Gitar e\u011fitimi almaya ba\u015flad\u0131. 1991 y\u0131l\u0131ndan bu yana \u00e7ok say\u0131da \u00f6\u011frenci yeti\u015ftirdi. \u00d6\u011frencileriyle yapt\u0131\u011f\u0131 gitar e\u011fitimi \u00e7al\u0131\u015fmalar\u0131ndan edindi\u011fi tecr\u00fcbelerle bu kitab\u0131 olu\u015fturdu. Flamenko m\u00fczi\u011fiyle de ilgilenen gitarist, \u00fcnl\u00fc Flamenko gitaristi Serranito\u2019nun at\u00f6lye \u00e7al\u0131\u015fmalar\u0131na kat\u0131ld\u0131. Bu birikimlerini \u2018Flamenko Gitar Metodu\u2019 isimli kitab\u0131nda toplad\u0131. E\u011fitimcili\u011finin yan\u0131nda, Sanat M\u00fczi\u011fi, T\u00fcrk\u00fc ve pop\u00fcler m\u00fczik \u00fczerine beste ve d\u00fczenlemeleri de bulunan gitarist, T\u00fcrkiye\u2019nin \u00e7e\u015fitli yerlerinde bir\u00e7ok festivale kat\u0131lm\u0131\u015f, solo, duo ve trio konserler vermi\u015ftir. <\/p>\n","protected":false},"excerpt":{"rendered":"<p>1966 y\u0131l\u0131nda Ankara\u2019da do\u011fdu. 1989\u2019da Ertu\u011frul \u0130lerisoy\u2019dan Klasik Gitar e\u011fitimi almaya ba\u015flad\u0131. 1991 y\u0131l\u0131ndan bu yana \u00e7ok say\u0131da \u00f6\u011frenci yeti\u015ftirdi. \u00d6\u011frencileriyle yapt\u0131\u011f\u0131 gitar e\u011fitimi \u00e7al\u0131\u015fmalar\u0131ndan edindi\u011fi<span class=\"excerpt-hellip\"> [\u2026]<\/span><\/p>\n","protected":false},"featured_media":0,"template":"","meta":{"_monsterinsights_skip_tracking":false,"_monsterinsights_sitenote_active":false,"_monsterinsights_sitenote_note":"","_monsterinsights_sitenote_category":0},"product_brand":[],"product_cat":[14556,14557],"product_tag":[],"class_list":{"0":"post-713744","1":"product","2":"type-product","3":"status-publish","5":"product_cat-muzik","6":"product_cat-nota-kitaplari","7":"pa_cilt-ciltsiz","8":"pa_tur-kitap","9":"pa_yayinevi-beste-yayinlari","10":"pa_yazar-murat-isbilen","12":"first","13":"instock","14":"sale","15":"shipping-taxable","16":"purchasable","17":"product-type-simple"},"_links":{"self":[{"href":"https:\/\/roveyayinevi.com.tr\/index.php\/wp-json\/wp\/v2\/product\/713744","targetHints":{"allow":["GET"]}}],"collection":[{"href":"https:\/\/roveyayinevi.com.tr\/index.php\/wp-json\/wp\/v2\/product"}],"about":[{"href":"https:\/\/roveyayinevi.com.tr\/index.php\/wp-json\/wp\/v2\/types\/product"}],"wp:attachment":[{"href":"https:\/\/roveyayinevi.com.tr\/index.php\/wp-json\/wp\/v2\/media?parent=713744"}],"wp:term":[{"taxonomy":"product_brand","embeddable":true,"href":"https:\/\/roveyayinevi.com.tr\/index.php\/wp-json\/wp\/v2\/product_brand?post=713744"},{"taxonomy":"product_cat","embeddable":true,"href":"https:\/\/roveyayinevi.com.tr\/index.php\/wp-json\/wp\/v2\/product_cat?post=713744"},{"taxonomy":"product_tag","embeddable":true,"href":"https:\/\/roveyayinevi.com.tr\/index.php\/wp-json\/wp\/v2\/product_tag?post=713744"}],"curies":[{"name":"wp","href":"https:\/\/api.w.org\/{rel}","templated":true}]}}