{"id":713741,"date":"2025-08-27T17:10:42","date_gmt":"2025-08-27T14:10:42","guid":{"rendered":"https:\/\/roveyayinevi.com.tr\/index.php\/urun\/mevsimler-yaz-deniz-feneri-isik\/"},"modified":"2026-04-16T02:22:19","modified_gmt":"2026-04-15T23:22:19","slug":"mevsimler-yaz-deniz-feneri-isik","status":"publish","type":"product","link":"https:\/\/roveyayinevi.com.tr\/index.php\/urun\/mevsimler-yaz-deniz-feneri-isik\/","title":{"rendered":"Mevsimler Yaz: Deniz Feneri I\u015f\u0131k"},"content":{"rendered":"<p>Deniz Feneri I\u015f\u0131k, denize uzanan kayal\u0131klar\u0131n \u00fczerinde ya\u015fard\u0131. \u00c7ok \u00f6nemli bir g\u00f6revi vard\u0131: Gece ge\u00e7en gemilere \u0131\u015f\u0131\u011f\u0131yla yol g\u00f6stermek. Peki, ya g\u00fcnd\u00fczler! Yaz\u0131, Deniz Feneri I\u015f\u0131k ile kar\u015f\u0131lamaya haz\u0131r m\u0131s\u0131n\u0131z? <\/p>\n","protected":false},"excerpt":{"rendered":"<p>Deniz Feneri I\u015f\u0131k, denize uzanan kayal\u0131klar\u0131n \u00fczerinde ya\u015fard\u0131. \u00c7ok \u00f6nemli bir g\u00f6revi vard\u0131: Gece ge\u00e7en gemilere \u0131\u015f\u0131\u011f\u0131yla yol g\u00f6stermek. Peki, ya g\u00fcnd\u00fczler! Yaz\u0131, Deniz Feneri I\u015f\u0131k<span class=\"excerpt-hellip\"> [\u2026]<\/span><\/p>\n","protected":false},"featured_media":0,"template":"","meta":{"_monsterinsights_skip_tracking":false,"_monsterinsights_sitenote_active":false,"_monsterinsights_sitenote_note":"","_monsterinsights_sitenote_category":0},"product_brand":[],"product_cat":[12913,12274],"product_tag":[],"class_list":{"0":"post-713741","1":"product","2":"type-product","3":"status-publish","5":"product_cat-3-6-yas-kitaplari","6":"product_cat-cocuk-ve-genclik-kitaplari","7":"pa_cilt-ciltsiz","8":"pa_tur-kitap","9":"pa_yayinevi-kok-yayinevi","10":"pa_yazar-gulac-zulfikar","12":"first","13":"instock","14":"sale","15":"shipping-taxable","16":"purchasable","17":"product-type-simple"},"_links":{"self":[{"href":"https:\/\/roveyayinevi.com.tr\/index.php\/wp-json\/wp\/v2\/product\/713741","targetHints":{"allow":["GET"]}}],"collection":[{"href":"https:\/\/roveyayinevi.com.tr\/index.php\/wp-json\/wp\/v2\/product"}],"about":[{"href":"https:\/\/roveyayinevi.com.tr\/index.php\/wp-json\/wp\/v2\/types\/product"}],"wp:attachment":[{"href":"https:\/\/roveyayinevi.com.tr\/index.php\/wp-json\/wp\/v2\/media?parent=713741"}],"wp:term":[{"taxonomy":"product_brand","embeddable":true,"href":"https:\/\/roveyayinevi.com.tr\/index.php\/wp-json\/wp\/v2\/product_brand?post=713741"},{"taxonomy":"product_cat","embeddable":true,"href":"https:\/\/roveyayinevi.com.tr\/index.php\/wp-json\/wp\/v2\/product_cat?post=713741"},{"taxonomy":"product_tag","embeddable":true,"href":"https:\/\/roveyayinevi.com.tr\/index.php\/wp-json\/wp\/v2\/product_tag?post=713741"}],"curies":[{"name":"wp","href":"https:\/\/api.w.org\/{rel}","templated":true}]}}