{"id":713740,"date":"2025-08-27T17:10:41","date_gmt":"2025-08-27T14:10:41","guid":{"rendered":"https:\/\/roveyayinevi.com.tr\/index.php\/urun\/mevsimler-ilkbahar-semsiye-melodi\/"},"modified":"2026-04-16T02:22:19","modified_gmt":"2026-04-15T23:22:19","slug":"mevsimler-ilkbahar-semsiye-melodi","status":"publish","type":"product","link":"https:\/\/roveyayinevi.com.tr\/index.php\/urun\/mevsimler-ilkbahar-semsiye-melodi\/","title":{"rendered":"Mevsimler \u0130lkbahar: \u015eemsiye Melodi"},"content":{"rendered":"<p>\u015eemsiye Melodi\u2019nin can\u0131 \u00e7ok s\u0131k\u0131lm\u0131\u015ft\u0131r. D\u00f6rt g\u00f6zle ya\u011fmur ya\u011fmas\u0131n\u0131 bek- lemektedir. O ses de nee! \u015e\u0131p&#8230; \u015e\u0131p&#8230; \u015e\u0131p&#8230; \u0130lkbahar\u0131, \u015eemsiye Melodi ile kar\u015f\u0131lamaya haz\u0131r m\u0131s\u0131n\u0131z? <\/p>\n","protected":false},"excerpt":{"rendered":"<p>\u015eemsiye Melodi\u2019nin can\u0131 \u00e7ok s\u0131k\u0131lm\u0131\u015ft\u0131r. D\u00f6rt g\u00f6zle ya\u011fmur ya\u011fmas\u0131n\u0131 bek- lemektedir. O ses de nee! \u015e\u0131p&#8230; \u015e\u0131p&#8230; \u015e\u0131p&#8230; \u0130lkbahar\u0131, \u015eemsiye Melodi ile kar\u015f\u0131lamaya haz\u0131r m\u0131s\u0131n\u0131z?<\/p>\n","protected":false},"featured_media":0,"template":"","meta":{"_monsterinsights_skip_tracking":false,"_monsterinsights_sitenote_active":false,"_monsterinsights_sitenote_note":"","_monsterinsights_sitenote_category":0},"product_brand":[],"product_cat":[12913,12274],"product_tag":[],"class_list":{"0":"post-713740","1":"product","2":"type-product","3":"status-publish","5":"product_cat-3-6-yas-kitaplari","6":"product_cat-cocuk-ve-genclik-kitaplari","7":"pa_cilt-ciltsiz","8":"pa_tur-kitap","9":"pa_yayinevi-kok-yayinevi","10":"pa_yazar-gulac-zulfikar","12":"first","13":"instock","14":"sale","15":"shipping-taxable","16":"purchasable","17":"product-type-simple"},"_links":{"self":[{"href":"https:\/\/roveyayinevi.com.tr\/index.php\/wp-json\/wp\/v2\/product\/713740","targetHints":{"allow":["GET"]}}],"collection":[{"href":"https:\/\/roveyayinevi.com.tr\/index.php\/wp-json\/wp\/v2\/product"}],"about":[{"href":"https:\/\/roveyayinevi.com.tr\/index.php\/wp-json\/wp\/v2\/types\/product"}],"wp:attachment":[{"href":"https:\/\/roveyayinevi.com.tr\/index.php\/wp-json\/wp\/v2\/media?parent=713740"}],"wp:term":[{"taxonomy":"product_brand","embeddable":true,"href":"https:\/\/roveyayinevi.com.tr\/index.php\/wp-json\/wp\/v2\/product_brand?post=713740"},{"taxonomy":"product_cat","embeddable":true,"href":"https:\/\/roveyayinevi.com.tr\/index.php\/wp-json\/wp\/v2\/product_cat?post=713740"},{"taxonomy":"product_tag","embeddable":true,"href":"https:\/\/roveyayinevi.com.tr\/index.php\/wp-json\/wp\/v2\/product_tag?post=713740"}],"curies":[{"name":"wp","href":"https:\/\/api.w.org\/{rel}","templated":true}]}}