{"id":713733,"date":"2025-08-27T17:10:37","date_gmt":"2025-08-27T14:10:37","guid":{"rendered":"https:\/\/roveyayinevi.com.tr\/index.php\/urun\/yurek-yorgunu\/"},"modified":"2026-04-16T02:22:19","modified_gmt":"2026-04-15T23:22:19","slug":"yurek-yorgunu","status":"publish","type":"product","link":"https:\/\/roveyayinevi.com.tr\/index.php\/urun\/yurek-yorgunu\/","title":{"rendered":"Y\u00fcrek Yorgunu"},"content":{"rendered":"<p>Susan\u0131n g\u00f6nl\u00fc har i\u00e7inde kor olur. Vicdan\u0131m\u0131n ba\u011f\u0131ran sesi susmuyor.G\u00f6nl\u00fcm yol \u00e7eker lakinAyaklar yorgun, G\u00f6n\u00fcl bin beter yorgun&#8230;Ben bu y\u00fcrekten daha geni\u015f bir y\u00fcre\u011fe yol al\u0131yorum.Koyu renkli bulutlar \u00d6rtm\u00fc\u015fken g\u00fcne\u015f \u0131\u015f\u0131nlar\u0131n\u0131,H\u00fcz\u00fcn sarm\u0131\u015fken kalbin hududunu, Yeniden kalk\u0131labilece\u011fini hat\u0131rlatmak gayemiz.Korkunun ecele faydas\u0131 yok ki!Hayat devam etmekte&#8230;Her d\u00fc\u015ft\u00fc\u011f\u00fcnde s\u0131\u011f\u0131n\u0131p Rabbine, Mutsuz y\u00fcreklere, G\u00f6n\u00fcl yorgunlar\u0131naUmut olup ya\u011fmakt\u0131r dile\u011fimiz duam\u0131z\u2026 <\/p>\n","protected":false},"excerpt":{"rendered":"<p>Susan\u0131n g\u00f6nl\u00fc har i\u00e7inde kor olur. Vicdan\u0131m\u0131n ba\u011f\u0131ran sesi susmuyor.G\u00f6nl\u00fcm yol \u00e7eker lakinAyaklar yorgun, G\u00f6n\u00fcl bin beter yorgun&#8230;Ben bu y\u00fcrekten daha geni\u015f bir y\u00fcre\u011fe yol al\u0131yorum.Koyu<span class=\"excerpt-hellip\"> [\u2026]<\/span><\/p>\n","protected":false},"featured_media":0,"template":"","meta":{"_monsterinsights_skip_tracking":false,"_monsterinsights_sitenote_active":false,"_monsterinsights_sitenote_note":"","_monsterinsights_sitenote_category":0},"product_brand":[],"product_cat":[12777,12291],"product_tag":[],"class_list":{"0":"post-713733","1":"product","2":"type-product","3":"status-publish","5":"product_cat-deneme","6":"product_cat-edebiyat","7":"pa_cilt-ciltsiz","8":"pa_tur-kitap","9":"pa_yayinevi-nesil-yayinlari","10":"pa_yazar-venhar-sagiroglu","12":"first","13":"instock","14":"sale","15":"shipping-taxable","16":"purchasable","17":"product-type-simple"},"_links":{"self":[{"href":"https:\/\/roveyayinevi.com.tr\/index.php\/wp-json\/wp\/v2\/product\/713733","targetHints":{"allow":["GET"]}}],"collection":[{"href":"https:\/\/roveyayinevi.com.tr\/index.php\/wp-json\/wp\/v2\/product"}],"about":[{"href":"https:\/\/roveyayinevi.com.tr\/index.php\/wp-json\/wp\/v2\/types\/product"}],"wp:attachment":[{"href":"https:\/\/roveyayinevi.com.tr\/index.php\/wp-json\/wp\/v2\/media?parent=713733"}],"wp:term":[{"taxonomy":"product_brand","embeddable":true,"href":"https:\/\/roveyayinevi.com.tr\/index.php\/wp-json\/wp\/v2\/product_brand?post=713733"},{"taxonomy":"product_cat","embeddable":true,"href":"https:\/\/roveyayinevi.com.tr\/index.php\/wp-json\/wp\/v2\/product_cat?post=713733"},{"taxonomy":"product_tag","embeddable":true,"href":"https:\/\/roveyayinevi.com.tr\/index.php\/wp-json\/wp\/v2\/product_tag?post=713733"}],"curies":[{"name":"wp","href":"https:\/\/api.w.org\/{rel}","templated":true}]}}