{"id":713732,"date":"2025-08-27T17:10:36","date_gmt":"2025-08-27T14:10:36","guid":{"rendered":"https:\/\/roveyayinevi.com.tr\/index.php\/urun\/davetsiz-misafir-rehberi\/"},"modified":"2026-04-16T02:22:19","modified_gmt":"2026-04-15T23:22:19","slug":"davetsiz-misafir-rehberi","status":"publish","type":"product","link":"https:\/\/roveyayinevi.com.tr\/index.php\/urun\/davetsiz-misafir-rehberi\/","title":{"rendered":"Davetsiz Misafir Rehberi"},"content":{"rendered":"<p>Bir g\u00fcn kap\u0131 \u00e7ald\u0131 ve eski bir dostunuz s\u00fcrpriz yaparak size misafirli\u011fe geldi. Sak\u0131n panik yapmay\u0131n, bu kitap sayesinde misafirinizi \u00e7ok g\u00fczel a\u011f\u0131rlayacaks\u0131n\u0131z. Arad\u0131\u011f\u0131n\u0131z her \u015feyi bu rehberde bulabilirsiniz. <\/p>\n","protected":false},"excerpt":{"rendered":"<p>Bir g\u00fcn kap\u0131 \u00e7ald\u0131 ve eski bir dostunuz s\u00fcrpriz yaparak size misafirli\u011fe geldi. Sak\u0131n panik yapmay\u0131n, bu kitap sayesinde misafirinizi \u00e7ok g\u00fczel a\u011f\u0131rlayacaks\u0131n\u0131z. Arad\u0131\u011f\u0131n\u0131z her \u015feyi<span class=\"excerpt-hellip\"> [\u2026]<\/span><\/p>\n","protected":false},"featured_media":0,"template":"","meta":{"_monsterinsights_skip_tracking":false,"_monsterinsights_sitenote_active":false,"_monsterinsights_sitenote_note":"","_monsterinsights_sitenote_category":0},"product_brand":[],"product_cat":[12913,12274],"product_tag":[],"class_list":{"0":"post-713732","1":"product","2":"type-product","3":"status-publish","5":"product_cat-3-6-yas-kitaplari","6":"product_cat-cocuk-ve-genclik-kitaplari","7":"pa_cilt-ciltsiz","8":"pa_tur-kitap","9":"pa_yayinevi-mandolin-yayinlari","10":"pa_yazar-ozlem-fedai-korcak","12":"first","13":"instock","14":"sale","15":"shipping-taxable","16":"purchasable","17":"product-type-simple"},"_links":{"self":[{"href":"https:\/\/roveyayinevi.com.tr\/index.php\/wp-json\/wp\/v2\/product\/713732","targetHints":{"allow":["GET"]}}],"collection":[{"href":"https:\/\/roveyayinevi.com.tr\/index.php\/wp-json\/wp\/v2\/product"}],"about":[{"href":"https:\/\/roveyayinevi.com.tr\/index.php\/wp-json\/wp\/v2\/types\/product"}],"wp:attachment":[{"href":"https:\/\/roveyayinevi.com.tr\/index.php\/wp-json\/wp\/v2\/media?parent=713732"}],"wp:term":[{"taxonomy":"product_brand","embeddable":true,"href":"https:\/\/roveyayinevi.com.tr\/index.php\/wp-json\/wp\/v2\/product_brand?post=713732"},{"taxonomy":"product_cat","embeddable":true,"href":"https:\/\/roveyayinevi.com.tr\/index.php\/wp-json\/wp\/v2\/product_cat?post=713732"},{"taxonomy":"product_tag","embeddable":true,"href":"https:\/\/roveyayinevi.com.tr\/index.php\/wp-json\/wp\/v2\/product_tag?post=713732"}],"curies":[{"name":"wp","href":"https:\/\/api.w.org\/{rel}","templated":true}]}}