{"id":713724,"date":"2025-08-27T17:10:31","date_gmt":"2025-08-27T14:10:31","guid":{"rendered":"https:\/\/roveyayinevi.com.tr\/index.php\/urun\/nanni-kucuk-farenin-buyuk-maceralari\/"},"modified":"2026-04-16T02:22:18","modified_gmt":"2026-04-15T23:22:18","slug":"nanni-kucuk-farenin-buyuk-maceralari","status":"publish","type":"product","link":"https:\/\/roveyayinevi.com.tr\/index.php\/urun\/nanni-kucuk-farenin-buyuk-maceralari\/","title":{"rendered":"Nanni &#8211; K\u00fc\u00e7\u00fck Farenin B\u00fcy\u00fck Maceralar\u0131"},"content":{"rendered":"<p>Hayattaki amac\u0131n\u0131 bulmaya y\u00f6nelik macera dolu bir yolculuk! \u00d6d\u00fcll\u00fc yazar Koray Avc\u0131 \u00c7akman\u2019dan b\u00fcy\u00fck k\u00fc\u00e7\u00fck herkese hayattaki amac\u0131n\u0131 sorgulatan, fark\u0131ndal\u0131k ve aray\u0131\u015f \u00fczerine yo\u011funla\u015fan bir kitap. Nanni &#8211; K\u00fc\u00e7\u00fck Farenin B\u00fcy\u00fck Maceralar\u0131, hayattaki amac\u0131n\u0131 bulmak i\u00e7in yola d\u00fc\u015fen g\u00f6z\u00fc pek bir farenin yemye\u015fil tarlalardan b\u00fcy\u00fck kente uzanan heyecan dolu ser\u00fcvenini anlat\u0131yor. 8 ya\u015f ve \u00fczeri okurlara, hayattaki ama\u00e7lar\u0131n\u0131 belirleme ve ger\u00e7ekle\u015ftirme yolunda cesaret a\u015f\u0131layan bu s\u0131cac\u0131k roman, sorgulay\u0131c\u0131 tutumuyla \u00e7ocuklarda fark\u0131ndal\u0131k yarat\u0131yor.\u00c7iftlikte ya\u015fayan k\u00fc\u00e7\u00fck fare Nanni\u2019nin s\u0131radan bir hayat\u0131 vard\u0131r: Her g\u00fcn yeme\u011fini yer, etrafta gezinir ve sonra da uyur. Fakat g\u00fcn\u00fcn birinde ya\u015fl\u0131 ve bilge bayku\u015fun sorusuyla hayat\u0131 tamamen de\u011fi\u015fir. Nanni, hayattaki amac\u0131n\u0131 ke\u015ffetmeye karar vererek zorlu bir yolculu\u011fa \u00e7\u0131kar&#8230; B\u00fcy\u00fck k\u00fc\u00e7\u00fck demeden her ya\u015ftan okura ya\u015fama amac\u0131n\u0131 sorgulatan bu e\u011flenceli kitap, belirli bir hedef u\u011fruna \u00e7\u0131k\u0131lan her yolculu\u011fun hayatla ilgili paha bi\u00e7ilmez deneyimler kazand\u0131raca\u011f\u0131n\u0131 savunuyor. Sevimli fare Nanni, do\u011fru sorular\u0131 sorman\u0131n mutlulu\u011fa daha \u00e7ok yak\u0131nla\u015ft\u0131rd\u0131\u011f\u0131n\u0131 an\u0131msat\u0131yor. <\/p>\n","protected":false},"excerpt":{"rendered":"<p>Hayattaki amac\u0131n\u0131 bulmaya y\u00f6nelik macera dolu bir yolculuk! \u00d6d\u00fcll\u00fc yazar Koray Avc\u0131 \u00c7akman\u2019dan b\u00fcy\u00fck k\u00fc\u00e7\u00fck herkese hayattaki amac\u0131n\u0131 sorgulatan, fark\u0131ndal\u0131k ve aray\u0131\u015f \u00fczerine yo\u011funla\u015fan bir kitap.<span class=\"excerpt-hellip\"> [\u2026]<\/span><\/p>\n","protected":false},"featured_media":0,"template":"","meta":{"_monsterinsights_skip_tracking":false,"_monsterinsights_sitenote_active":false,"_monsterinsights_sitenote_note":"","_monsterinsights_sitenote_category":0},"product_brand":[],"product_cat":[12275,12274],"product_tag":[],"class_list":{"0":"post-713724","1":"product","2":"type-product","3":"status-publish","5":"product_cat-6-12-yas-kitaplari","6":"product_cat-cocuk-ve-genclik-kitaplari","7":"pa_cilt-ciltsiz","8":"pa_tur-kitap","9":"pa_yayinevi-tudem-yayinlari","10":"pa_yazar-koray-avci-cakman","12":"first","13":"instock","14":"sale","15":"shipping-taxable","16":"purchasable","17":"product-type-simple"},"_links":{"self":[{"href":"https:\/\/roveyayinevi.com.tr\/index.php\/wp-json\/wp\/v2\/product\/713724","targetHints":{"allow":["GET"]}}],"collection":[{"href":"https:\/\/roveyayinevi.com.tr\/index.php\/wp-json\/wp\/v2\/product"}],"about":[{"href":"https:\/\/roveyayinevi.com.tr\/index.php\/wp-json\/wp\/v2\/types\/product"}],"wp:attachment":[{"href":"https:\/\/roveyayinevi.com.tr\/index.php\/wp-json\/wp\/v2\/media?parent=713724"}],"wp:term":[{"taxonomy":"product_brand","embeddable":true,"href":"https:\/\/roveyayinevi.com.tr\/index.php\/wp-json\/wp\/v2\/product_brand?post=713724"},{"taxonomy":"product_cat","embeddable":true,"href":"https:\/\/roveyayinevi.com.tr\/index.php\/wp-json\/wp\/v2\/product_cat?post=713724"},{"taxonomy":"product_tag","embeddable":true,"href":"https:\/\/roveyayinevi.com.tr\/index.php\/wp-json\/wp\/v2\/product_tag?post=713724"}],"curies":[{"name":"wp","href":"https:\/\/api.w.org\/{rel}","templated":true}]}}