{"id":713723,"date":"2025-08-27T17:10:30","date_gmt":"2025-08-27T14:10:30","guid":{"rendered":"https:\/\/roveyayinevi.com.tr\/index.php\/urun\/islam-bu-muhammedi-islam\/"},"modified":"2026-04-16T02:22:18","modified_gmt":"2026-04-15T23:22:18","slug":"islam-bu-muhammedi-islam","status":"publish","type":"product","link":"https:\/\/roveyayinevi.com.tr\/index.php\/urun\/islam-bu-muhammedi-islam\/","title":{"rendered":"\u0130slam Bu Muhammedi \u0130slam"},"content":{"rendered":"<p>\u0130slam dinini metafizik anlat\u0131lar d\u00fczleminde ve salt inan\u00e7sal i\u00e7erikle de\u011ferlendirmek ger\u00e7e\u011fi g\u00f6rmeyi engelleyen b\u00fcy\u00fck bir yan\u0131lg\u0131d\u0131r. Bu yan\u0131lg\u0131dan kurtulup \u0130slam\u2019\u0131n do\u011fu\u015f y\u0131llar\u0131ndaki toplumsal yap\u0131 te\u015fhis edildi\u011finde Hazreti Muhammed\u2019in mesaj\u0131n\u0131n ne denli s\u0131n\u0131fsal bir mahiyet ta\u015f\u0131d\u0131\u011f\u0131 apa\u00e7\u0131k bir bi\u00e7imde g\u00f6r\u00fclecektir. \u0130\u015fte bu nedenle biz \u0130slam\u2019\u0131 toplumsal bir hareket olarak g\u00f6rmekteyiz. \u0130slam\u2019\u0131n toplumsal bir hareket oldu\u011fu ger\u00e7e\u011fini g\u00f6ren pek \u00e7ok M\u00fcsl\u00fcman d\u00fc\u015f\u00fcn\u00fcr onu yeni ve \u00e7a\u011fda\u015f bir okumaya tabi tutmak durumunda kalm\u0131\u015ft\u0131r. Biz de bu \u00e7al\u0131\u015fmada bu y\u00f6ndeki \u00e7abalara bir katk\u0131 sunmak istiyoruz.<\/p>\n","protected":false},"excerpt":{"rendered":"<p>\u0130slam dinini metafizik anlat\u0131lar d\u00fczleminde ve salt inan\u00e7sal i\u00e7erikle de\u011ferlendirmek ger\u00e7e\u011fi g\u00f6rmeyi engelleyen b\u00fcy\u00fck bir yan\u0131lg\u0131d\u0131r. Bu yan\u0131lg\u0131dan kurtulup \u0130slam\u2019\u0131n do\u011fu\u015f y\u0131llar\u0131ndaki toplumsal yap\u0131 te\u015fhis edildi\u011finde<span class=\"excerpt-hellip\"> [\u2026]<\/span><\/p>\n","protected":false},"featured_media":0,"template":"","meta":{"_monsterinsights_skip_tracking":false,"_monsterinsights_sitenote_active":false,"_monsterinsights_sitenote_note":"","_monsterinsights_sitenote_category":0},"product_brand":[],"product_cat":[13036,12718,12719],"product_tag":[],"class_list":{"0":"post-713723","1":"product","2":"type-product","3":"status-publish","5":"product_cat-arastirma-inceleme-islam","6":"product_cat-din","7":"product_cat-islam","8":"pa_cilt-ciltsiz","9":"pa_tur-kitap","10":"pa_yayinevi-kirmizi-kedi-yayinevi","11":"pa_yazar-cemil-kilic","13":"first","14":"instock","15":"sale","16":"shipping-taxable","17":"purchasable","18":"product-type-simple"},"_links":{"self":[{"href":"https:\/\/roveyayinevi.com.tr\/index.php\/wp-json\/wp\/v2\/product\/713723","targetHints":{"allow":["GET"]}}],"collection":[{"href":"https:\/\/roveyayinevi.com.tr\/index.php\/wp-json\/wp\/v2\/product"}],"about":[{"href":"https:\/\/roveyayinevi.com.tr\/index.php\/wp-json\/wp\/v2\/types\/product"}],"wp:attachment":[{"href":"https:\/\/roveyayinevi.com.tr\/index.php\/wp-json\/wp\/v2\/media?parent=713723"}],"wp:term":[{"taxonomy":"product_brand","embeddable":true,"href":"https:\/\/roveyayinevi.com.tr\/index.php\/wp-json\/wp\/v2\/product_brand?post=713723"},{"taxonomy":"product_cat","embeddable":true,"href":"https:\/\/roveyayinevi.com.tr\/index.php\/wp-json\/wp\/v2\/product_cat?post=713723"},{"taxonomy":"product_tag","embeddable":true,"href":"https:\/\/roveyayinevi.com.tr\/index.php\/wp-json\/wp\/v2\/product_tag?post=713723"}],"curies":[{"name":"wp","href":"https:\/\/api.w.org\/{rel}","templated":true}]}}