{"id":713718,"date":"2025-08-27T17:10:27","date_gmt":"2025-08-27T14:10:27","guid":{"rendered":"https:\/\/roveyayinevi.com.tr\/index.php\/urun\/kuresel-dijital-ekonomide-emek\/"},"modified":"2026-04-16T02:22:18","modified_gmt":"2026-04-15T23:22:18","slug":"kuresel-dijital-ekonomide-emek","status":"publish","type":"product","link":"https:\/\/roveyayinevi.com.tr\/index.php\/urun\/kuresel-dijital-ekonomide-emek\/","title":{"rendered":"K\u00fcresel Dijital Ekonomide Emek"},"content":{"rendered":"<p>Bu kitab\u0131 okuyanlar\u0131n bir k\u0131sm\u0131, belki de \u00e7o\u011fu, bu okuma eylemini bir bilgisayar ekran\u0131ndan ya da ta\u015f\u0131nabilir bir ayg\u0131ttan ger\u00e7ekle\u015ftirecektir. \u0130\u00e7inde ya\u015fad\u0131\u011f\u0131m\u0131z dijital \u00e7a\u011fda bu durumu giderek daha \u00e7ok kan\u0131ks\u0131yoruz. Bu, 21. y\u00fczy\u0131l kapitalizminin getirdi\u011fi yeniliklerin bir g\u00f6stergesidir; ama ayn\u0131 zamanda onun itici g\u00fcc\u00fcn\u00fc, yani ya\u015famlar\u0131m\u0131z\u0131 her bak\u0131mdan metala\u015ft\u0131ran amans\u0131z bir d\u00fcrt\u00fcy\u00fc anlamam\u0131z\u0131n da anahtar\u0131d\u0131r. Ursula Huws, g\u00fcn\u00fcm\u00fcz k\u00fcresel kapitalist ekonomisinin farkl\u0131 g\u00f6r\u00fcn\u00fcmleriyle ilgili k\u0131\u015fk\u0131rt\u0131c\u0131 analiziyle, son y\u0131llar\u0131n iktisadi, k\u00fclt\u00fcrel ve siyasi olgular\u0131n\u0131 bir araya getiriyor ve geli\u015fmi\u015f bili\u015fim ve ileti\u015fim teknolojisinin, sermaye birikimine nas\u0131l yepyeni alanlar a\u00e7t\u0131\u011f\u0131n\u0131 inceliyor. K\u00fclt\u00fcr ve sanat, kamu hizmetlerinin \u00f6zelle\u015ftirilmesi, ta\u015f\u0131nabilir ayg\u0131tlar ve toplumsal a\u011flar arac\u0131l\u0131\u011f\u0131yla insan\u0131n sosyalli\u011finin metala\u015ft\u0131r\u0131lmas\u0131 da bu alanlar aras\u0131nda yer al\u0131yor. Ayr\u0131ca \u00e7al\u0131\u015fma d\u00fczenlerinin ya\u015fad\u0131\u011f\u0131 \u00e7arp\u0131c\u0131 de\u011fi\u015fimler, 21. y\u00fczy\u0131lda emek ve sermayenin farkl\u0131 bi\u00e7imlerde y\u00fczle\u015fmesi, proletaryadan sibertaryaya ya\u015fanan d\u00f6n\u00fc\u015f\u00fcm, gezegenimizin her yan\u0131ndaki i\u015f\u00e7i dayan\u0131\u015fma ve m\u00fccadelesinin yeni \u00e7eli\u015fki ve bi\u00e7imlerin yolunu a\u00e7mas\u0131 da, bu genel e\u011filimlere e\u015flik ediyor. On y\u0131llar i\u00e7erisinde sisteme k\u00f6k salm\u0131\u015f s\u00f6m\u00fcr\u00fc mekanizmalar\u0131 ile kapitalizmin \u00f6z\u00fcn\u00fc ayd\u0131nlatan serbest bilgi ak\u0131\u015f\u0131 kavramlar\u0131n\u0131n \u00f6tesine ge\u00e7en bu kitap, g\u00fcn\u00fcm\u00fczdeki ba\u015f d\u00f6nd\u00fcr\u00fcc\u00fc dijital d\u00f6n\u00fc\u015f\u00fcm\u00fcn, \u00e7a\u011fda\u015f, g\u00fc\u00e7l\u00fc bir ele\u015ftirisini sunuyor\u2026 <\/p>\n","protected":false},"excerpt":{"rendered":"<p>Bu kitab\u0131 okuyanlar\u0131n bir k\u0131sm\u0131, belki de \u00e7o\u011fu, bu okuma eylemini bir bilgisayar ekran\u0131ndan ya da ta\u015f\u0131nabilir bir ayg\u0131ttan ger\u00e7ekle\u015ftirecektir. \u0130\u00e7inde ya\u015fad\u0131\u011f\u0131m\u0131z dijital \u00e7a\u011fda bu durumu<span class=\"excerpt-hellip\"> [\u2026]<\/span><\/p>\n","protected":false},"featured_media":0,"template":"","meta":{"_monsterinsights_skip_tracking":false,"_monsterinsights_sitenote_active":false,"_monsterinsights_sitenote_note":"","_monsterinsights_sitenote_category":0},"product_brand":[],"product_cat":[13590,12337],"product_tag":[],"class_list":{"0":"post-713718","1":"product","2":"type-product","3":"status-publish","5":"product_cat-arastirma-inceleme-politika-siyaset","6":"product_cat-politika-siyaset","7":"pa_cilt-ciltsiz","8":"pa_tur-kitap","9":"pa_yayinevi-yordam-kitap","10":"pa_yazar-ursula-huws","12":"first","13":"instock","14":"sale","15":"shipping-taxable","16":"purchasable","17":"product-type-simple"},"_links":{"self":[{"href":"https:\/\/roveyayinevi.com.tr\/index.php\/wp-json\/wp\/v2\/product\/713718","targetHints":{"allow":["GET"]}}],"collection":[{"href":"https:\/\/roveyayinevi.com.tr\/index.php\/wp-json\/wp\/v2\/product"}],"about":[{"href":"https:\/\/roveyayinevi.com.tr\/index.php\/wp-json\/wp\/v2\/types\/product"}],"wp:attachment":[{"href":"https:\/\/roveyayinevi.com.tr\/index.php\/wp-json\/wp\/v2\/media?parent=713718"}],"wp:term":[{"taxonomy":"product_brand","embeddable":true,"href":"https:\/\/roveyayinevi.com.tr\/index.php\/wp-json\/wp\/v2\/product_brand?post=713718"},{"taxonomy":"product_cat","embeddable":true,"href":"https:\/\/roveyayinevi.com.tr\/index.php\/wp-json\/wp\/v2\/product_cat?post=713718"},{"taxonomy":"product_tag","embeddable":true,"href":"https:\/\/roveyayinevi.com.tr\/index.php\/wp-json\/wp\/v2\/product_tag?post=713718"}],"curies":[{"name":"wp","href":"https:\/\/api.w.org\/{rel}","templated":true}]}}