{"id":713717,"date":"2025-08-27T17:10:26","date_gmt":"2025-08-27T14:10:26","guid":{"rendered":"https:\/\/roveyayinevi.com.tr\/index.php\/urun\/marksizm-ve-feminizm\/"},"modified":"2026-04-16T02:22:18","modified_gmt":"2026-04-15T23:22:18","slug":"marksizm-ve-feminizm","status":"publish","type":"product","link":"https:\/\/roveyayinevi.com.tr\/index.php\/urun\/marksizm-ve-feminizm\/","title":{"rendered":"Marksizm ve Feminizm"},"content":{"rendered":"<p>Marksizm ve Feminizm, 1980\u2019li y\u0131llar\u0131n ortas\u0131na kadar \u00fclkesi \u0130ran\u2019da bask\u0131c\u0131 uygulamalara tan\u0131k olan, ard\u0131ndan Kanada\u2019ya ge\u00e7en ve halen Toronto \u00dcniversitesinde akademisyenlik yapan aktivist Shahrzad Mojab\u2019\u0131n haz\u0131rlad\u0131\u011f\u0131 kapsaml\u0131 bir derleme. Bu \u00f6nemli derlemede Asya, Amerika ve Avrupa\u2019dan tan\u0131nm\u0131\u015f akademisyenlerle birlikte heyecan verici yeni seslerin katk\u0131lar\u0131 bir araya gelirken, Marksizm ve feminizmle ilgili tarihsel tart\u0131\u015fmalar, g\u00fcn\u00fcm\u00fcz\u00fcn en can al\u0131c\u0131 ideolojik sorunlar\u0131na cevap arayan bir ba\u011flamda inceleniyor, kapitalizm, ataerki ve \u0131rk\u00e7\u0131l\u0131k s\u0131n\u0131f odakl\u0131 bir perspektifle ele al\u0131n\u0131yor. B\u00f6ylece, Marksizm ve feminizm aras\u0131ndaki tart\u0131\u015fmal\u0131 ili\u015fkiyi merak eden ara\u015ft\u0131rmac\u0131, \u00f6\u011frenci ve aktivistler i\u00e7in \u00e7a\u011fda\u015f Marksist-feminist d\u00fc\u015f\u00fcnceye kaynakl\u0131k edecek temel bir eser ortaya \u00e7\u0131k\u0131yor. \u0130ki k\u0131s\u0131mdan olu\u015fan kitab\u0131n ilk k\u0131sm\u0131nda, g\u00fcncel ve tarihsel Marksist-feminist yakla\u015f\u0131mlar ele al\u0131n\u0131yor. \u0130kinci k\u0131s\u0131m ise, feminizmin Marksist bir kavray\u0131\u015fla ele al\u0131nmas\u0131n\u0131 sa\u011flayacak anahtar kavramlar\u0131n incelendi\u011fi makalelerden olu\u015fuyor. Bir yandan k\u00fcreselle\u015fmenin sonu\u00e7lar\u0131 kad\u0131nlar\u0131 orant\u0131s\u0131z bir \u015fiddette etkiliyor, \u00f6te yandan d\u00fcnyan\u0131n her yerinde kad\u0131nlar, bask\u0131ya ve s\u00f6m\u00fcr\u00fcye kar\u015f\u0131 m\u00fccadeleye \u00f6nc\u00fcl\u00fck ediyor. Pek \u00e7ok kad\u0131n aktivist ve akademisyen aras\u0131nda Marksist teoriye ilgi artarken bu kitap, hem \u00f6nceki tart\u0131\u015fmalar\u0131 yeniden de\u011ferlendirerek, ataerki ile kapitalizm aras\u0131ndaki ili\u015fkiyi anlaman\u0131n yollar\u0131n\u0131, hem de kad\u0131nlarla birlikte toplumu da \u00f6zg\u00fcrle\u015ftirecek feminist bir projeyi nas\u0131l \u00f6ng\u00f6rebilece\u011fimizi ara\u015ft\u0131r\u0131yor. <\/p>\n","protected":false},"excerpt":{"rendered":"<p>Marksizm ve Feminizm, 1980\u2019li y\u0131llar\u0131n ortas\u0131na kadar \u00fclkesi \u0130ran\u2019da bask\u0131c\u0131 uygulamalara tan\u0131k olan, ard\u0131ndan Kanada\u2019ya ge\u00e7en ve halen Toronto \u00dcniversitesinde akademisyenlik yapan aktivist Shahrzad Mojab\u2019\u0131n haz\u0131rlad\u0131\u011f\u0131<span class=\"excerpt-hellip\"> [\u2026]<\/span><\/p>\n","protected":false},"featured_media":0,"template":"","meta":{"_monsterinsights_skip_tracking":false,"_monsterinsights_sitenote_active":false,"_monsterinsights_sitenote_note":"","_monsterinsights_sitenote_category":0},"product_brand":[],"product_cat":[14741,13488],"product_tag":[],"class_list":{"0":"post-713717","1":"product","2":"type-product","3":"status-publish","5":"product_cat-kadin-sorunlari-feminizm","6":"product_cat-toplum-ve-insan","7":"pa_cilt-ciltsiz","8":"pa_tur-kitap","9":"pa_yayinevi-yordam-kitap","10":"pa_yazar-shahrzad-mojab","12":"first","13":"instock","14":"sale","15":"shipping-taxable","16":"purchasable","17":"product-type-simple"},"_links":{"self":[{"href":"https:\/\/roveyayinevi.com.tr\/index.php\/wp-json\/wp\/v2\/product\/713717","targetHints":{"allow":["GET"]}}],"collection":[{"href":"https:\/\/roveyayinevi.com.tr\/index.php\/wp-json\/wp\/v2\/product"}],"about":[{"href":"https:\/\/roveyayinevi.com.tr\/index.php\/wp-json\/wp\/v2\/types\/product"}],"wp:attachment":[{"href":"https:\/\/roveyayinevi.com.tr\/index.php\/wp-json\/wp\/v2\/media?parent=713717"}],"wp:term":[{"taxonomy":"product_brand","embeddable":true,"href":"https:\/\/roveyayinevi.com.tr\/index.php\/wp-json\/wp\/v2\/product_brand?post=713717"},{"taxonomy":"product_cat","embeddable":true,"href":"https:\/\/roveyayinevi.com.tr\/index.php\/wp-json\/wp\/v2\/product_cat?post=713717"},{"taxonomy":"product_tag","embeddable":true,"href":"https:\/\/roveyayinevi.com.tr\/index.php\/wp-json\/wp\/v2\/product_tag?post=713717"}],"curies":[{"name":"wp","href":"https:\/\/api.w.org\/{rel}","templated":true}]}}