{"id":713716,"date":"2025-08-27T17:10:26","date_gmt":"2025-08-27T14:10:26","guid":{"rendered":"https:\/\/roveyayinevi.com.tr\/index.php\/urun\/leninin-secim-stratejisi-2-kitap-takim\/"},"modified":"2026-04-16T02:22:18","modified_gmt":"2026-04-15T23:22:18","slug":"leninin-secim-stratejisi-2-kitap-takim","status":"publish","type":"product","link":"https:\/\/roveyayinevi.com.tr\/index.php\/urun\/leninin-secim-stratejisi-2-kitap-takim\/","title":{"rendered":"Lenin&#8217;in Se\u00e7im Stratejisi \u2013 2 Kitap Tak\u0131m"},"content":{"rendered":"<p>Se\u00e7imler ve parlamento k\u00fcrs\u00fcs\u00fc devrimci hedeflere ula\u015fmak i\u00e7in kullan\u0131labilir mi? 1905\u2019ten 1907\u2019ye kadar Lenin\u2019in ilgisini canl\u0131 tutan soru kesinlikle budur. Lenin bu sorunun cevab\u0131n\u0131n \u201cevet\u201d oldu\u011fu kan\u0131s\u0131ndayd\u0131 ve haks\u0131z olmad\u0131\u011f\u0131 kan\u0131tland\u0131. Ama ba\u015fka ve daha g\u00fcncel sorular da var: Lenin\u2019in 20. y\u00fczy\u0131l ba\u015f\u0131nda Rusya\u2019da belirledi\u011fi se\u00e7im stratejisi bug\u00fcne de \u0131\u015f\u0131k tutuyor mu; bu stratejik yakla\u015f\u0131m\u0131n Tahrir\u2019den Gezi\u2019ye son y\u0131llarda ba\u015flayan toplumsal muhalefetle ili\u015fkisi nas\u0131l kurulabilir? \u00c7a\u011fda\u015f Marksist yaz\u0131nda ve sosyalistler aras\u0131nda, Lenin\u2019in se\u00e7imlere ve parlamentoya d\u00f6n\u00fck yaz\u0131lar\u0131 ve yakla\u015f\u0131m\u0131 konusunda neden derin bir sessizlik s\u00f6z konusu? Yunanistan\u2019daki Syriza deneyimi bize neler anlat\u0131yor? August H. Nimtz\u2019in e\u015fsiz \u00e7al\u0131\u015fmas\u0131n\u0131n ikinci cildi, hem birinci ciltte kald\u0131\u011f\u0131 yerden devam edip 1905\u2019ten 1917\u2019ye uzan\u0131yor, \u00dc\u00e7\u00fcnc\u00fc ve D\u00f6rd\u00fcnc\u00fc Duma deneyimlerini, Alman sosyal demokrasisi ile ya\u015fanan ayr\u0131mlar\u0131, Birinci D\u00fcnya Sava\u015f\u0131 ko\u015fullar\u0131n\u0131, sovyetlerin parlamentoya g\u00f6re \u00fcst\u00fcnl\u00fck ve farkl\u0131l\u0131klar\u0131n\u0131, Tro\u00e7ki ve Stalin\u2019in Lenin\u2019in se\u00e7im stratejisi kar\u015f\u0131s\u0131ndaki konumlar\u0131n\u0131, Komintern\u2019de ya\u015fananlar\u0131 vb. anlat\u0131yor, hem de birka\u00e7 \u00f6rne\u011fini verdi\u011fimiz bu g\u00fcncel sorular\u0131n yan\u0131tlar\u0131n\u0131 aray\u0131p tart\u0131\u015f\u0131yor. \u201cNimtz ilgi \u00e7ekici ve tart\u0131\u015fmalar\u0131 ate\u015fleyecek bir tez at\u0131yor ortaya: Lenin, pek \u00e7ok \u015fey aras\u0131nda, se\u00e7imleri Rusya\u2019daki devrimci stratejisinin merkezine yerle\u015ftirdi. Nimtz\u2019in, Lenin\u2019in d\u00fc\u015f\u00fcncelerinin Marx ve Engels\u2019in teorik ve pratik politik katk\u0131lar\u0131 \u00fczerinde y\u00fckseldi\u011fine i\u015faret eden iyi belgelendirilmi\u015f bak\u0131\u015f a\u00e7\u0131s\u0131 eksiksizdir. Bilimsel ve politik tart\u0131\u015fma ortam\u0131na parlak bir katk\u0131&#8230;\u201d  Paul Le Blanc <\/p>\n","protected":false},"excerpt":{"rendered":"<p>Se\u00e7imler ve parlamento k\u00fcrs\u00fcs\u00fc devrimci hedeflere ula\u015fmak i\u00e7in kullan\u0131labilir mi? 1905\u2019ten 1907\u2019ye kadar Lenin\u2019in ilgisini canl\u0131 tutan soru kesinlikle budur. Lenin bu sorunun cevab\u0131n\u0131n \u201cevet\u201d oldu\u011fu<span class=\"excerpt-hellip\"> [\u2026]<\/span><\/p>\n","protected":false},"featured_media":0,"template":"","meta":{"_monsterinsights_skip_tracking":false,"_monsterinsights_sitenote_active":false,"_monsterinsights_sitenote_note":"","_monsterinsights_sitenote_category":0},"product_brand":[],"product_cat":[12370,12304],"product_tag":[],"class_list":{"0":"post-713716","1":"product","2":"type-product","3":"status-publish","5":"product_cat-arastirma-inceleme","6":"product_cat-tarih","7":"pa_cilt-ciltsiz","8":"pa_tur-kitap","9":"pa_yayinevi-yordam-kitap","10":"pa_yazar-august-h-nimtz","12":"first","13":"instock","14":"sale","15":"shipping-taxable","16":"purchasable","17":"product-type-simple"},"_links":{"self":[{"href":"https:\/\/roveyayinevi.com.tr\/index.php\/wp-json\/wp\/v2\/product\/713716","targetHints":{"allow":["GET"]}}],"collection":[{"href":"https:\/\/roveyayinevi.com.tr\/index.php\/wp-json\/wp\/v2\/product"}],"about":[{"href":"https:\/\/roveyayinevi.com.tr\/index.php\/wp-json\/wp\/v2\/types\/product"}],"wp:attachment":[{"href":"https:\/\/roveyayinevi.com.tr\/index.php\/wp-json\/wp\/v2\/media?parent=713716"}],"wp:term":[{"taxonomy":"product_brand","embeddable":true,"href":"https:\/\/roveyayinevi.com.tr\/index.php\/wp-json\/wp\/v2\/product_brand?post=713716"},{"taxonomy":"product_cat","embeddable":true,"href":"https:\/\/roveyayinevi.com.tr\/index.php\/wp-json\/wp\/v2\/product_cat?post=713716"},{"taxonomy":"product_tag","embeddable":true,"href":"https:\/\/roveyayinevi.com.tr\/index.php\/wp-json\/wp\/v2\/product_tag?post=713716"}],"curies":[{"name":"wp","href":"https:\/\/api.w.org\/{rel}","templated":true}]}}