{"id":713714,"date":"2025-08-27T17:10:25","date_gmt":"2025-08-27T14:10:25","guid":{"rendered":"https:\/\/roveyayinevi.com.tr\/index.php\/urun\/leninin-secim-stratejisi-i-marx-ve-engelsten-1905-devrimine\/"},"modified":"2026-04-16T02:22:18","modified_gmt":"2026-04-15T23:22:18","slug":"leninin-secim-stratejisi-i-marx-ve-engelsten-1905-devrimine","status":"publish","type":"product","link":"https:\/\/roveyayinevi.com.tr\/index.php\/urun\/leninin-secim-stratejisi-i-marx-ve-engelsten-1905-devrimine\/","title":{"rendered":"Lenin&#8217;in Se\u00e7im Stratejisi I &#8211; Marx ve Engels&#8217;ten 1905 Devrimi&#8217;ne"},"content":{"rendered":"<p>Se\u00e7imler ve parlamento k\u00fcrs\u00fcs\u00fc devrimci hedeflere ula\u015fmak i\u00e7in kullan\u0131labilir mi? Boykot takti\u011fine hangi durumda ba\u015fvurulabilir, kom\u00fcnist bir aday parlamentoya se\u00e7ilirse k\u00fcrs\u00fcy\u00fc nas\u0131l de\u011ferlendirebilir? Lenin\u2019in se\u00e7im stratejisinin k\u00f6kenleri Marx ve Engels\u2019te bulunabilir mi? Marx ve Engels\u2019in se\u00e7imlere d\u00f6n\u00fck g\u00f6r\u00fc\u015fleri hangi klasik metinlere nas\u0131l yans\u0131m\u0131\u015f, Lenin bunlardan nas\u0131l yararlanm\u0131\u015ft\u0131r? Legal-illegal m\u00fccadele ko\u015fullar\u0131, s\u0131n\u0131f ve se\u00e7im ittifaklar\u0131, \u00e7arl\u0131\u011fa kar\u015f\u0131 di\u011fer muhalif kesimlerle i\u015fbirli\u011fi olanaklar\u0131, Bol\u015fevik-Men\u015fevik ayr\u0131m\u0131n\u0131n s\u0131cakl\u0131\u011f\u0131 ve 1905 Devrimi\u2019nin \u00f6ncesi ve sonras\u0131 g\u00f6z \u00f6n\u00fcnde bulunduruldu\u011funda, Lenin ne gibi stratejik de\u011fi\u015fikliklere gitmi\u015f, Birinci ve \u0130kinci Duma se\u00e7imleri i\u00e7in nas\u0131l bir m\u00fccadele \u00f6rg\u00fctlemi\u015ftir? Hepsi, bug\u00fcne yans\u0131malar\u0131 da olan can al\u0131c\u0131 sorular\u2026 Ve August H. Nimtz\u2019in kitab\u0131, Lenin\u2019in stratejik yakla\u015f\u0131mlar\u0131 temelinde bu ve benzer sorular\u0131n yan\u0131t\u0131n\u0131 olu\u015fturan e\u015fsiz bir \u00e7al\u0131\u015fma. Marx ve Engels\u2019ten yola \u00e7\u0131k\u0131p 1905 Devrimi\u2019ne kadar uzanan bu ilk ciltte, Lenin\u2019in, se\u00e7im kampanyalar\u0131n\u0131n nas\u0131l y\u00fcr\u00fct\u00fclece\u011fi, se\u00e7im bloklar\u0131nda yer al\u0131p al\u0131nmayaca\u011f\u0131 ve bununla ilgili \u201cehveni\u015fer\u201d ikilemi, vekillerin partiye hesap vermesinin nas\u0131l sa\u011flanaca\u011f\u0131 ve se\u00e7im siyasetiyle silahl\u0131 m\u00fccadele dengesinin nas\u0131l kurulaca\u011f\u0131 gibi meselelere nas\u0131l cevap \u00fcretti\u011fini de g\u00f6r\u00fcyoruz. Lenin\u2019in, daha sonralar\u0131 bu \u00e7al\u0131\u015fmadan \u00e7\u0131kan derslerin Bol\u015feviklerin 1917\u2019deki ba\u015far\u0131s\u0131 a\u00e7\u0131s\u0131ndan \u201celzem\u201d oldu\u011funu s\u00f6yledi\u011fi d\u00fc\u015f\u00fcn\u00fcld\u00fc\u011f\u00fcnde, bu d\u00f6nemin ayr\u0131nt\u0131l\u0131 analizinin eksiksiz bir Leninizm kavray\u0131\u015f\u0131 i\u00e7in hayati \u00f6nemde oldu\u011funu g\u00f6r\u00fcyoruz&#8230; <\/p>\n","protected":false},"excerpt":{"rendered":"<p>Se\u00e7imler ve parlamento k\u00fcrs\u00fcs\u00fc devrimci hedeflere ula\u015fmak i\u00e7in kullan\u0131labilir mi? Boykot takti\u011fine hangi durumda ba\u015fvurulabilir, kom\u00fcnist bir aday parlamentoya se\u00e7ilirse k\u00fcrs\u00fcy\u00fc nas\u0131l de\u011ferlendirebilir? Lenin\u2019in se\u00e7im stratejisinin<span class=\"excerpt-hellip\"> [\u2026]<\/span><\/p>\n","protected":false},"featured_media":0,"template":"","meta":{"_monsterinsights_skip_tracking":false,"_monsterinsights_sitenote_active":false,"_monsterinsights_sitenote_note":"","_monsterinsights_sitenote_category":0},"product_brand":[],"product_cat":[12370,12304],"product_tag":[],"class_list":{"0":"post-713714","1":"product","2":"type-product","3":"status-publish","5":"product_cat-arastirma-inceleme","6":"product_cat-tarih","7":"pa_cilt-ciltsiz","8":"pa_tur-kitap","9":"pa_yayinevi-yordam-kitap","10":"pa_yazar-august-h-nimtz","12":"first","13":"instock","14":"sale","15":"shipping-taxable","16":"purchasable","17":"product-type-simple"},"_links":{"self":[{"href":"https:\/\/roveyayinevi.com.tr\/index.php\/wp-json\/wp\/v2\/product\/713714","targetHints":{"allow":["GET"]}}],"collection":[{"href":"https:\/\/roveyayinevi.com.tr\/index.php\/wp-json\/wp\/v2\/product"}],"about":[{"href":"https:\/\/roveyayinevi.com.tr\/index.php\/wp-json\/wp\/v2\/types\/product"}],"wp:attachment":[{"href":"https:\/\/roveyayinevi.com.tr\/index.php\/wp-json\/wp\/v2\/media?parent=713714"}],"wp:term":[{"taxonomy":"product_brand","embeddable":true,"href":"https:\/\/roveyayinevi.com.tr\/index.php\/wp-json\/wp\/v2\/product_brand?post=713714"},{"taxonomy":"product_cat","embeddable":true,"href":"https:\/\/roveyayinevi.com.tr\/index.php\/wp-json\/wp\/v2\/product_cat?post=713714"},{"taxonomy":"product_tag","embeddable":true,"href":"https:\/\/roveyayinevi.com.tr\/index.php\/wp-json\/wp\/v2\/product_tag?post=713714"}],"curies":[{"name":"wp","href":"https:\/\/api.w.org\/{rel}","templated":true}]}}