{"id":713713,"date":"2025-08-27T17:10:24","date_gmt":"2025-08-27T14:10:24","guid":{"rendered":"https:\/\/roveyayinevi.com.tr\/index.php\/urun\/babalar-ve-cocuklar-2\/"},"modified":"2026-04-16T02:22:18","modified_gmt":"2026-04-15T23:22:18","slug":"babalar-ve-cocuklar-2","status":"publish","type":"product","link":"https:\/\/roveyayinevi.com.tr\/index.php\/urun\/babalar-ve-cocuklar-2\/","title":{"rendered":"Babalar ve \u00c7ocuklar"},"content":{"rendered":"<p>Edebiyatla, \u00f6zellikle Rus edebiyat\u0131yla ilgili herkesin okumaktan zevk duyaca\u011f\u0131, yay\u0131mland\u0131\u011f\u0131 y\u0131ldan bu yana ad\u0131ndan s\u00f6z ettiren bir romand\u0131r Babalar ve \u00c7ocuklar. Turgenyev\u2019in romanda babalardan m\u0131 \u00e7ocuklardan m\u0131 yana oldu\u011fu sorusu 1860\u2019larda tart\u0131\u015fmalara neden olmu\u015f, \u201cbabalar\u201d gericilikle \u00f6zde\u015fle\u015ftirilirken \u201c\u00e7ocuklar\u201d demokrasinin, devrimin ve ilericili\u011fin simgesi say\u0131lm\u0131\u015ft\u0131r. Roman, evrensel nesil fark\u0131 temas\u0131n\u0131n yan\u0131 s\u0131ra, d\u00f6n\u00fc\u015f\u00fcm ge\u00e7irmekte olan 19. y\u00fczy\u0131l Rusya\u2019s\u0131n\u0131n ger\u00e7ek\u00e7i bir tasviri, panoramik bir foto\u011fraf\u0131d\u0131r. Turgenyev ilericilik-gericilik ekseninde \u00e7arp\u0131\u015ft\u0131rd\u0131\u011f\u0131 babalar ve \u00e7ocuklar\u0131n\u0131, \u201ckurba\u011falara inanan ama prensiplere inanmayan\u201d Bazarov karakterinin prizmas\u0131ndan ustal\u0131kla yans\u0131t\u0131r. Romanda, \u00fcniversiteyi hen\u00fcz bitiren Arkadi, arkada\u015f\u0131 Bazarov\u2019la birlikte ailesinin b\u00fcy\u00fck \u00e7iftli\u011fine gelir. Eski toprak sahiplerinden olan baba ve amcan\u0131n temsil etti\u011fi ku\u015fakla bu nihilist gen\u00e7ler aras\u0131nda, do\u011fald\u0131r ki \u00e7e\u015fitli \u00e7at\u0131\u015fmalar ya\u015fan\u0131r. Hik\u00e2yeye eklenen ba\u015fka ki\u015fi ve unsurlarla Babalar ve \u00c7ocuklar, ku\u015fak \u00e7at\u0131\u015fmas\u0131 anlat\u0131s\u0131n\u0131n \u00f6tesine ge\u00e7ecektir. Babalar ve \u00c7ocuklar, hem babalar\u0131n hem de \u00e7ocuklar\u0131n zevkle okuyaca\u011f\u0131, nadir \u201cortak\u201d kitaplardand\u0131r. Hasan \u00c2li Ediz\u2019in g\u00fczel T\u00fcrk\u00e7esiyle\u2026 Nikolay Petrovi\u00e7 \u2018A\u011fabeyim bizim hakl\u0131 oldu\u011fumuzu s\u00f6yl\u00fcyor,\u2019 diye d\u00fc\u015f\u00fcn\u00fcyordu. \u2018Her t\u00fcrl\u00fc gururu bir yana b\u0131rakarak, bana da ger\u00e7e\u011fe biz onlardan daha \u00e7ok yak\u0131nm\u0131\u015f\u0131z gibi geliyor&#8230; Ama \u00f6te yandan bizde olmayan bir \u015feyin onlarda oldu\u011funu, bize g\u00f6re bir \u00fcst\u00fcnl\u00fckleri bulundu\u011funu da hissediyorum. Gen\u00e7likleri mi? Hay\u0131r, yaln\u0131z gen\u00e7likleri de\u011fil&#8230; Sak\u0131n onlar\u0131n bu \u00fcst\u00fcnl\u00fckleri, onlarda derebeylik izlerinin bizden daha az olu\u015fundan ileri gelmesin?..\u2019 <\/p>\n","protected":false},"excerpt":{"rendered":"<p>Edebiyatla, \u00f6zellikle Rus edebiyat\u0131yla ilgili herkesin okumaktan zevk duyaca\u011f\u0131, yay\u0131mland\u0131\u011f\u0131 y\u0131ldan bu yana ad\u0131ndan s\u00f6z ettiren bir romand\u0131r Babalar ve \u00c7ocuklar. Turgenyev\u2019in romanda babalardan m\u0131 \u00e7ocuklardan<span class=\"excerpt-hellip\"> [\u2026]<\/span><\/p>\n","protected":false},"featured_media":0,"template":"","meta":{"_monsterinsights_skip_tracking":false,"_monsterinsights_sitenote_active":false,"_monsterinsights_sitenote_note":"","_monsterinsights_sitenote_category":0},"product_brand":[],"product_cat":[12291,12711],"product_tag":[],"class_list":{"0":"post-713713","1":"product","2":"type-product","3":"status-publish","5":"product_cat-edebiyat","6":"product_cat-roman-oyku","7":"pa_cilt-ciltsiz","8":"pa_tur-kitap","9":"pa_yayinevi-yordam-kitap","10":"pa_yazar-ivan-sergeyevic-turgenyev","12":"first","13":"instock","14":"sale","15":"shipping-taxable","16":"purchasable","17":"product-type-simple"},"_links":{"self":[{"href":"https:\/\/roveyayinevi.com.tr\/index.php\/wp-json\/wp\/v2\/product\/713713","targetHints":{"allow":["GET"]}}],"collection":[{"href":"https:\/\/roveyayinevi.com.tr\/index.php\/wp-json\/wp\/v2\/product"}],"about":[{"href":"https:\/\/roveyayinevi.com.tr\/index.php\/wp-json\/wp\/v2\/types\/product"}],"wp:attachment":[{"href":"https:\/\/roveyayinevi.com.tr\/index.php\/wp-json\/wp\/v2\/media?parent=713713"}],"wp:term":[{"taxonomy":"product_brand","embeddable":true,"href":"https:\/\/roveyayinevi.com.tr\/index.php\/wp-json\/wp\/v2\/product_brand?post=713713"},{"taxonomy":"product_cat","embeddable":true,"href":"https:\/\/roveyayinevi.com.tr\/index.php\/wp-json\/wp\/v2\/product_cat?post=713713"},{"taxonomy":"product_tag","embeddable":true,"href":"https:\/\/roveyayinevi.com.tr\/index.php\/wp-json\/wp\/v2\/product_tag?post=713713"}],"curies":[{"name":"wp","href":"https:\/\/api.w.org\/{rel}","templated":true}]}}