{"id":713706,"date":"2025-08-27T17:10:19","date_gmt":"2025-08-27T14:10:19","guid":{"rendered":"https:\/\/roveyayinevi.com.tr\/index.php\/urun\/dalavere\/"},"modified":"2026-04-07T02:29:35","modified_gmt":"2026-04-06T23:29:35","slug":"dalavere","status":"publish","type":"product","link":"https:\/\/roveyayinevi.com.tr\/index.php\/urun\/dalavere\/","title":{"rendered":"Dalavere"},"content":{"rendered":"<p>Grisham\u2019dan yeni bir gerilim roman\u0131\u2026 Mark, Todd ve Zola, daha iyi bir d\u00fcnya yaratma hayaliyle hukuk fak\u00fcltesine girmi\u015flerdir. Ancak \u00fc\u00e7\u00fcnc\u00fc s\u0131n\u0131fa ge\u00e7tiklerinde inan\u0131lmaz bir oyuna getirildiklerini fark ederler. Bir hayli bor\u00e7lanarak devam ettikleri bu hukuk fak\u00fcltesi, asl\u0131nda e\u011fitim d\u00fczeyi \u00e7ok d\u00fc\u015f\u00fck olan, sadece k\u00e2r ama\u00e7l\u0131 ve mezunlar\u0131 b\u0131rak\u0131n iyi bir i\u015fe girmeyi, baro s\u0131nav\u0131n\u0131 bile ge\u00e7emeyen vasat bir okuldur. B\u00fct\u00fcn bunlar\u0131n \u00fcst\u00fcne bir de okul sahibinin, ge\u00e7mi\u015fi karanl\u0131k bir fon y\u00f6neticisi ve ayr\u0131ca \u00f6\u011frencilere bor\u00e7 veren bir bankan\u0131n sahibi oldu\u011funu \u00f6\u011frenince, \u00fc\u00e7 arkada\u015f \u201cB\u00fcy\u00fck Hukuk Fak\u00fcltesi\u201d dalaveresinin a\u011f\u0131na tak\u0131ld\u0131klar\u0131n\u0131 anlarlar. Ama belki de, bu durumdan bir \u00e7\u0131k\u0131\u015f yolu vard\u0131r. Belki de, alt\u0131na girmi\u015f olduklar\u0131 a\u011f\u0131r bor\u00e7 y\u00fck\u00fcnden kurtulman\u0131n, \u201cdalavere\u201dyi if\u015fa etmenin ve \u00fcstelik arada biraz da para kazanman\u0131n bir yolu olabilir. Ancak bunu yapabilmek i\u00e7in \u00f6nce okuldan ayr\u0131lmalar\u0131 gerekmektedir. Peki mezuniyete k\u0131sa bir s\u00fcre kalm\u0131\u015fken b\u00f6yle bir \u015fey yapmak \u00e7\u0131lg\u0131nl\u0131k de\u011fil midir? Belki evet, belki hay\u0131r&#8230; \ufffcTan\u0131t\u0131m Metni<\/p>\n","protected":false},"excerpt":{"rendered":"<p>Grisham\u2019dan yeni bir gerilim roman\u0131\u2026 Mark, Todd ve Zola, daha iyi bir d\u00fcnya yaratma hayaliyle hukuk fak\u00fcltesine girmi\u015flerdir. Ancak \u00fc\u00e7\u00fcnc\u00fc s\u0131n\u0131fa ge\u00e7tiklerinde inan\u0131lmaz bir oyuna getirildiklerini<span class=\"excerpt-hellip\"> [\u2026]<\/span><\/p>\n","protected":false},"featured_media":0,"template":"","meta":{"_monsterinsights_skip_tracking":false,"_monsterinsights_sitenote_active":false,"_monsterinsights_sitenote_note":"","_monsterinsights_sitenote_category":0},"product_brand":[],"product_cat":[12291,12711],"product_tag":[],"class_list":{"0":"post-713706","1":"product","2":"type-product","3":"status-publish","5":"product_cat-edebiyat","6":"product_cat-roman-oyku","7":"pa_cilt-ciltsiz","8":"pa_tur-kitap","9":"pa_yayinevi-remzi-kitabevi","10":"pa_yazar-john-grisham","12":"first","13":"instock","14":"sale","15":"shipping-taxable","16":"purchasable","17":"product-type-simple"},"_links":{"self":[{"href":"https:\/\/roveyayinevi.com.tr\/index.php\/wp-json\/wp\/v2\/product\/713706","targetHints":{"allow":["GET"]}}],"collection":[{"href":"https:\/\/roveyayinevi.com.tr\/index.php\/wp-json\/wp\/v2\/product"}],"about":[{"href":"https:\/\/roveyayinevi.com.tr\/index.php\/wp-json\/wp\/v2\/types\/product"}],"wp:attachment":[{"href":"https:\/\/roveyayinevi.com.tr\/index.php\/wp-json\/wp\/v2\/media?parent=713706"}],"wp:term":[{"taxonomy":"product_brand","embeddable":true,"href":"https:\/\/roveyayinevi.com.tr\/index.php\/wp-json\/wp\/v2\/product_brand?post=713706"},{"taxonomy":"product_cat","embeddable":true,"href":"https:\/\/roveyayinevi.com.tr\/index.php\/wp-json\/wp\/v2\/product_cat?post=713706"},{"taxonomy":"product_tag","embeddable":true,"href":"https:\/\/roveyayinevi.com.tr\/index.php\/wp-json\/wp\/v2\/product_tag?post=713706"}],"curies":[{"name":"wp","href":"https:\/\/api.w.org\/{rel}","templated":true}]}}