{"id":713705,"date":"2025-08-27T17:10:19","date_gmt":"2025-08-27T14:10:19","guid":{"rendered":"https:\/\/roveyayinevi.com.tr\/index.php\/urun\/turk-milli-destani-oguzlama\/"},"modified":"2026-04-16T02:22:18","modified_gmt":"2026-04-15T23:22:18","slug":"turk-milli-destani-oguzlama","status":"publish","type":"product","link":"https:\/\/roveyayinevi.com.tr\/index.php\/urun\/turk-milli-destani-oguzlama\/","title":{"rendered":"T\u00fcrk Milli Destan\u0131 O\u011fuzlama"},"content":{"rendered":"<p>Basri Gocul \u00f6mr\u00fcn\u00fc tek \u00fclk\u00fcye, T\u00fcrk destan\u0131n\u0131 manzum olarak yazmak d\u00fc\u015f\u00fcncesine vermi\u015ftir ve tek gaye \u00fczerinde ko\u015fan insanlar\u0131n \u00e7o\u011fu gibi onun da ba\u015far\u0131ya ula\u015fmas\u0131 pek muhtemeldir (&#8230;) U\u011fra\u015ft\u0131\u011f\u0131 konunun heybeti ve ha\u015fmeti, kendisindeki naz\u0131m tekni\u011fi ve \u015fairlik kabiliyeti belki ilerde onun ad\u0131n\u0131 ebed\u00eele\u015ftirecektir. ATSIZBasri Gocul, mill\u00ee ruhumuzun ate\u015fli mugannilerindendir. Mehmet Emin YURDAKUL\u201cT\u00fcrk dil destan\u0131\u201dn\u0131 ancak siz yazacaks\u0131n\u0131z ve yazd\u0131n\u0131z. Ben buna inan\u0131yorum. Bu gibi \u015feyleri yapt\u0131ran \u015fey a\u015fk, heyecan ve uzduyudur. Bunlar\u0131n hepsini de sizde g\u00f6r\u00fcyorum. Sizi ve milletimi \u015fimdiden tebrik ederim. Besim ATALAYBir k\u00f6y \u00f6\u011fretmeni olan m\u00fcellifin eski T\u00fcrk destanlar\u0131n\u0131 inceleyerek, Dede Korkut hik\u00e2yelerinin ruhuna n\u00fcfuz ederek \u0130ran destan\u0131ndan faydalanmak gayesiyle Fars\u00e7a \u00f6\u011frenerek giri\u015fti\u011fi bu b\u00fcy\u00fck mesai \u00f6rnek olacak derecede m\u00fchim ve mill\u00ee bir \u00e7al\u0131\u015fmad\u0131r. Nihad Sami BANARLIBasri Gocul Hoca\u2019n\u0131n T\u00fcrk Mill\u00ee Destan\u0131 O\u011fuzlama\u2019s\u0131nda geleneklerimiz, g\u00f6reneklerimiz, ac\u0131m\u0131z, sevincimiz, derdimiz, d\u00e2vam\u0131z var. Binlerce y\u0131l \u00f6ncesinden gelen havam\u0131z var\u2026 Tahir Kutsi MAKALBasri Gocul b\u00fcy\u00fck destan yazma d\u00e2vas\u0131n\u0131n kudsiyeti i\u00e7inde \u00e2deta erimi\u015f bir T\u00fcrk\u00e7\u00fc-milliyet\u00e7idir. Ahmet KABAKLI Mill\u00ee k\u00fclt\u00fcr\u00fcm\u00fcze ve mill\u00ee k\u00fct\u00fcphanemize \u00e2bide gibi eserlerle \u00e7ok de\u011ferli katk\u0131da bulundunuz. T\u00fcrk gen\u00e7lerine mill\u00ee \u00fclk\u00fc vermek ve onlara ge\u00e7mi\u015fteki T\u00fcrkl\u00fc\u011f\u00fcn b\u00fcy\u00fck ruhunu anlatmak hususunda e\u015fsiz eserleriniz \u00e7ok yararl\u0131 olmaktad\u0131r. Alparslan T\u00dcRKE\u015e <\/p>\n","protected":false},"excerpt":{"rendered":"<p>Basri Gocul \u00f6mr\u00fcn\u00fc tek \u00fclk\u00fcye, T\u00fcrk destan\u0131n\u0131 manzum olarak yazmak d\u00fc\u015f\u00fcncesine vermi\u015ftir ve tek gaye \u00fczerinde ko\u015fan insanlar\u0131n \u00e7o\u011fu gibi onun da ba\u015far\u0131ya ula\u015fmas\u0131 pek muhtemeldir<span class=\"excerpt-hellip\"> [\u2026]<\/span><\/p>\n","protected":false},"featured_media":0,"template":"","meta":{"_monsterinsights_skip_tracking":false,"_monsterinsights_sitenote_active":false,"_monsterinsights_sitenote_note":"","_monsterinsights_sitenote_category":0},"product_brand":[],"product_cat":[12291,13706],"product_tag":[],"class_list":{"0":"post-713705","1":"product","2":"type-product","3":"status-publish","5":"product_cat-edebiyat","6":"product_cat-efsane-destan-masal","7":"pa_cilt-ciltsiz","8":"pa_tur-kitap","9":"pa_yayinevi-otuken-nesriyat","10":"pa_yazar-basri-gocul","12":"first","13":"instock","14":"sale","15":"shipping-taxable","16":"purchasable","17":"product-type-simple"},"_links":{"self":[{"href":"https:\/\/roveyayinevi.com.tr\/index.php\/wp-json\/wp\/v2\/product\/713705","targetHints":{"allow":["GET"]}}],"collection":[{"href":"https:\/\/roveyayinevi.com.tr\/index.php\/wp-json\/wp\/v2\/product"}],"about":[{"href":"https:\/\/roveyayinevi.com.tr\/index.php\/wp-json\/wp\/v2\/types\/product"}],"wp:attachment":[{"href":"https:\/\/roveyayinevi.com.tr\/index.php\/wp-json\/wp\/v2\/media?parent=713705"}],"wp:term":[{"taxonomy":"product_brand","embeddable":true,"href":"https:\/\/roveyayinevi.com.tr\/index.php\/wp-json\/wp\/v2\/product_brand?post=713705"},{"taxonomy":"product_cat","embeddable":true,"href":"https:\/\/roveyayinevi.com.tr\/index.php\/wp-json\/wp\/v2\/product_cat?post=713705"},{"taxonomy":"product_tag","embeddable":true,"href":"https:\/\/roveyayinevi.com.tr\/index.php\/wp-json\/wp\/v2\/product_tag?post=713705"}],"curies":[{"name":"wp","href":"https:\/\/api.w.org\/{rel}","templated":true}]}}