{"id":713704,"date":"2025-08-27T17:10:18","date_gmt":"2025-08-27T14:10:18","guid":{"rendered":"https:\/\/roveyayinevi.com.tr\/index.php\/urun\/kucuk-kosucular\/"},"modified":"2026-04-16T02:22:18","modified_gmt":"2026-04-15T23:22:18","slug":"kucuk-kosucular","status":"publish","type":"product","link":"https:\/\/roveyayinevi.com.tr\/index.php\/urun\/kucuk-kosucular\/","title":{"rendered":"K\u00fc\u00e7\u00fck Ko\u015fucular"},"content":{"rendered":"<p>Ko\u015fun \u00e7ocuklar, hayallerinize ko\u015fun!T\u00fcm d\u00fcnyan\u0131n okudu\u011fu \u0130ngiliz yazar David Almond&#8217;dan, okuma ser\u00fcveninin ba\u015f\u0131ndaki \u00e7ocuklar i\u00e7in unutulmayacak bir \u00f6yk\u00fc! Hayat ko\u015fusuna yeni \u00e7\u0131km\u0131\u015f bir \u00e7ocukla, ko\u015funun sonuna yakla\u015fm\u0131\u015f bir ihtiyar\u0131 ayn\u0131 mahallede bulu\u015fturan yazar, ba\u015far\u0131n\u0131n ipi g\u00f6\u011f\u00fcslemekten \u00e7ok, mutlu an\u0131lar biriktirmekten ge\u00e7ti\u011fini hat\u0131rlat\u0131yor. Ku\u015fak fark\u0131n\u0131 ortak hayallerle ortadan kald\u0131ran \u00f6yk\u00fc, \u00e7ocuklara cesaret a\u015f\u0131l\u0131yor. Her ya\u015ftan okurda iz b\u0131rakacak g\u00fc\u00e7teki kitap, \u00f6d\u00fcll\u00fc ill\u00fcstrat\u00f6r Salvatore Rubbino&#8217;nun \u00f6zg\u00fcn desenleriyle renkleniyor.Liam, yak\u0131n arkada\u015f\u0131yla birlikte, geleneksel B\u00fcy\u00fck Kuzey Gen\u00e7ler Ko\u015fusu&#8217;na haz\u0131rlanmaktad\u0131r. R\u0131ht\u0131m boyunca nas\u0131l f\u0131rt\u0131na gibi ko\u015faca\u011f\u0131n\u0131 d\u00fc\u015f\u00fcn\u00fcp, biti\u015f \u00e7izgisini nas\u0131l g\u00f6\u011f\u00fcsleyece\u011fini hayal etmektedir. O g\u00fcn, antrenman yapmak yerine, annesinin zoruyla ya\u015fl\u0131 kom\u015fular\u0131n\u0131 ziyarete gider. Kom\u015fuda g\u00f6rd\u00fc\u011f\u00fc eski foto\u011fraflar ve dinledikleri, Liam&#8217;\u0131n ko\u015fusuna yepyeni bir anlam kazand\u0131racakt\u0131r&#8230; <\/p>\n","protected":false},"excerpt":{"rendered":"<p>Ko\u015fun \u00e7ocuklar, hayallerinize ko\u015fun!T\u00fcm d\u00fcnyan\u0131n okudu\u011fu \u0130ngiliz yazar David Almond&#8217;dan, okuma ser\u00fcveninin ba\u015f\u0131ndaki \u00e7ocuklar i\u00e7in unutulmayacak bir \u00f6yk\u00fc! Hayat ko\u015fusuna yeni \u00e7\u0131km\u0131\u015f bir \u00e7ocukla, ko\u015funun sonuna<span class=\"excerpt-hellip\"> [\u2026]<\/span><\/p>\n","protected":false},"featured_media":0,"template":"","meta":{"_monsterinsights_skip_tracking":false,"_monsterinsights_sitenote_active":false,"_monsterinsights_sitenote_note":"","_monsterinsights_sitenote_category":0},"product_brand":[],"product_cat":[12275,12274],"product_tag":[],"class_list":{"0":"post-713704","1":"product","2":"type-product","3":"status-publish","5":"product_cat-6-12-yas-kitaplari","6":"product_cat-cocuk-ve-genclik-kitaplari","7":"pa_cilt-ciltsiz","8":"pa_tur-kitap","9":"pa_yayinevi-gunisigi-kitapligi","10":"pa_yazar-david-almond","12":"first","13":"instock","14":"sale","15":"shipping-taxable","16":"purchasable","17":"product-type-simple"},"_links":{"self":[{"href":"https:\/\/roveyayinevi.com.tr\/index.php\/wp-json\/wp\/v2\/product\/713704","targetHints":{"allow":["GET"]}}],"collection":[{"href":"https:\/\/roveyayinevi.com.tr\/index.php\/wp-json\/wp\/v2\/product"}],"about":[{"href":"https:\/\/roveyayinevi.com.tr\/index.php\/wp-json\/wp\/v2\/types\/product"}],"wp:attachment":[{"href":"https:\/\/roveyayinevi.com.tr\/index.php\/wp-json\/wp\/v2\/media?parent=713704"}],"wp:term":[{"taxonomy":"product_brand","embeddable":true,"href":"https:\/\/roveyayinevi.com.tr\/index.php\/wp-json\/wp\/v2\/product_brand?post=713704"},{"taxonomy":"product_cat","embeddable":true,"href":"https:\/\/roveyayinevi.com.tr\/index.php\/wp-json\/wp\/v2\/product_cat?post=713704"},{"taxonomy":"product_tag","embeddable":true,"href":"https:\/\/roveyayinevi.com.tr\/index.php\/wp-json\/wp\/v2\/product_tag?post=713704"}],"curies":[{"name":"wp","href":"https:\/\/api.w.org\/{rel}","templated":true}]}}