{"id":713700,"date":"2025-08-27T17:10:16","date_gmt":"2025-08-27T14:10:16","guid":{"rendered":"https:\/\/roveyayinevi.com.tr\/index.php\/urun\/assassins-creed-komplolar-2-cilt-gokkusagi-projesi\/"},"modified":"2026-04-16T02:22:18","modified_gmt":"2026-04-15T23:22:18","slug":"assassins-creed-komplolar-2-cilt-gokkusagi-projesi","status":"publish","type":"product","link":"https:\/\/roveyayinevi.com.tr\/index.php\/urun\/assassins-creed-komplolar-2-cilt-gokkusagi-projesi\/","title":{"rendered":"Assassin&#8217;s Creed Komplolar 2. Cilt &#8211; G\u00f6kku\u015fa\u011f\u0131 Projesi"},"content":{"rendered":"<p>MADR\u0130D, 2017 Maxime Gorm, Nazilerin i\u00e7ine s\u0131zm\u0131\u015f bir casus olan b\u00fcy\u00fckbabas\u0131n\u0131n genetik haf\u0131zas\u0131nda yapt\u0131\u011f\u0131 yolculu\u011fa devam ediyor. \u0130kinci D\u00fcnya Sava\u015f\u0131 s\u0131ras\u0131nda Londra&#8217;n\u0131n bombalanmas\u0131yla kaybetti\u011fi ailesinin intikam\u0131n\u0131 almaya \u00e7abalayan Eddie Gorm, Suikast\u00e7\u0131lara kat\u0131l\u0131yor. Devletlerin oynad\u0131\u011f\u0131 k\u00fcresel oyunlar ve ger\u00e7ekle\u015ftirilen bilimsel deneyler, Suikast\u00e7\u0131lar ile Tap\u0131nak\u00e7\u0131lar aras\u0131ndaki m\u00fccadelenin iyice alevlenmesine neden oluyor. Basit bir piyon ollan Eddie, \u00f6nemli bir yol ayr\u0131m\u0131na gelip taraf\u0131n\u0131 se\u00e7mek zorunda kal\u0131yor. O andan sonra, Eddie Gorm&#8217;un kaderi ka\u00e7\u0131n\u0131lmaz bir \u015fekilde, t\u00fcm bu m\u00fccadelenin merkezinde yer alan cennet meyvesine ba\u011fl\u0131. <\/p>\n","protected":false},"excerpt":{"rendered":"<p>MADR\u0130D, 2017 Maxime Gorm, Nazilerin i\u00e7ine s\u0131zm\u0131\u015f bir casus olan b\u00fcy\u00fckbabas\u0131n\u0131n genetik haf\u0131zas\u0131nda yapt\u0131\u011f\u0131 yolculu\u011fa devam ediyor. \u0130kinci D\u00fcnya Sava\u015f\u0131 s\u0131ras\u0131nda Londra&#8217;n\u0131n bombalanmas\u0131yla kaybetti\u011fi ailesinin intikam\u0131n\u0131<span class=\"excerpt-hellip\"> [\u2026]<\/span><\/p>\n","protected":false},"featured_media":0,"template":"","meta":{"_monsterinsights_skip_tracking":false,"_monsterinsights_sitenote_active":false,"_monsterinsights_sitenote_note":"","_monsterinsights_sitenote_category":0},"product_brand":[],"product_cat":[12416,12291],"product_tag":[],"class_list":{"0":"post-713700","1":"product","2":"type-product","3":"status-publish","5":"product_cat-cizgi-roman","6":"product_cat-edebiyat","7":"pa_cilt-ciltsiz","8":"pa_tur-kitap","9":"pa_yayinevi-akil-celen-kitaplar","10":"pa_yazar-guillaume-dorison","12":"first","13":"instock","14":"sale","15":"shipping-taxable","16":"purchasable","17":"product-type-simple"},"_links":{"self":[{"href":"https:\/\/roveyayinevi.com.tr\/index.php\/wp-json\/wp\/v2\/product\/713700","targetHints":{"allow":["GET"]}}],"collection":[{"href":"https:\/\/roveyayinevi.com.tr\/index.php\/wp-json\/wp\/v2\/product"}],"about":[{"href":"https:\/\/roveyayinevi.com.tr\/index.php\/wp-json\/wp\/v2\/types\/product"}],"wp:attachment":[{"href":"https:\/\/roveyayinevi.com.tr\/index.php\/wp-json\/wp\/v2\/media?parent=713700"}],"wp:term":[{"taxonomy":"product_brand","embeddable":true,"href":"https:\/\/roveyayinevi.com.tr\/index.php\/wp-json\/wp\/v2\/product_brand?post=713700"},{"taxonomy":"product_cat","embeddable":true,"href":"https:\/\/roveyayinevi.com.tr\/index.php\/wp-json\/wp\/v2\/product_cat?post=713700"},{"taxonomy":"product_tag","embeddable":true,"href":"https:\/\/roveyayinevi.com.tr\/index.php\/wp-json\/wp\/v2\/product_tag?post=713700"}],"curies":[{"name":"wp","href":"https:\/\/api.w.org\/{rel}","templated":true}]}}