{"id":713699,"date":"2025-08-27T17:10:15","date_gmt":"2025-08-27T14:10:15","guid":{"rendered":"https:\/\/roveyayinevi.com.tr\/index.php\/urun\/assassins-creed-komplolar-1-cilt-can-projesi\/"},"modified":"2026-02-02T02:23:20","modified_gmt":"2026-02-01T23:23:20","slug":"assassins-creed-komplolar-1-cilt-can-projesi","status":"publish","type":"product","link":"https:\/\/roveyayinevi.com.tr\/index.php\/urun\/assassins-creed-komplolar-1-cilt-can-projesi\/","title":{"rendered":"Assassin&#8217;s Creed Komplolar 1. Cilt &#8211; \u00c7an Projesi"},"content":{"rendered":"<p>LONDRA, EYL\u00dcL 1940 Eddie Gorm, sava\u015f g\u00fcnlerinde East End doklar\u0131ndaki k\u00fc\u00e7\u00fck i\u015fletmesini ayakta tutabilmek i\u00e7in i\u00e7ki ka\u00e7\u0131rmak, ordu erza\u011f\u0131n\u0131 zimmetine ge\u00e7irmek, rakipleriyle hesapla\u015fmak gibi bir tak\u0131m kanunsuz i\u015flere bula\u015fmak zorunda kalan basit bir t\u00fcccard\u0131r. Ne sava\u015fla ne de Nazilerle ilgilenecek vakti vard\u0131r. Her \u015fey bir anda, hi\u00e7 beklenmedik bir \u015fekilde de\u011fi\u015fir ve d\u00fcnyay\u0131 atom bombas\u0131 felaketinden kurtarabilecek yeg\u00e2ne ki\u015fi olan Eddie, kendisini karma\u015f\u0131k bir entrikalar a\u011f\u0131n\u0131n tam ortas\u0131nda buluverir. <\/p>\n","protected":false},"excerpt":{"rendered":"<p>LONDRA, EYL\u00dcL 1940 Eddie Gorm, sava\u015f g\u00fcnlerinde East End doklar\u0131ndaki k\u00fc\u00e7\u00fck i\u015fletmesini ayakta tutabilmek i\u00e7in i\u00e7ki ka\u00e7\u0131rmak, ordu erza\u011f\u0131n\u0131 zimmetine ge\u00e7irmek, rakipleriyle hesapla\u015fmak gibi bir tak\u0131m<span class=\"excerpt-hellip\"> [\u2026]<\/span><\/p>\n","protected":false},"featured_media":0,"template":"","meta":{"_monsterinsights_skip_tracking":false,"_monsterinsights_sitenote_active":false,"_monsterinsights_sitenote_note":"","_monsterinsights_sitenote_category":0},"product_brand":[],"product_cat":[12416,12291],"product_tag":[],"class_list":{"0":"post-713699","1":"product","2":"type-product","3":"status-publish","5":"product_cat-cizgi-roman","6":"product_cat-edebiyat","7":"pa_cilt-ciltsiz","8":"pa_tur-kitap","9":"pa_yayinevi-akil-celen-kitaplar","10":"pa_yazar-guillaume-dorison","12":"first","13":"instock","14":"sale","15":"shipping-taxable","16":"purchasable","17":"product-type-simple"},"_links":{"self":[{"href":"https:\/\/roveyayinevi.com.tr\/index.php\/wp-json\/wp\/v2\/product\/713699","targetHints":{"allow":["GET"]}}],"collection":[{"href":"https:\/\/roveyayinevi.com.tr\/index.php\/wp-json\/wp\/v2\/product"}],"about":[{"href":"https:\/\/roveyayinevi.com.tr\/index.php\/wp-json\/wp\/v2\/types\/product"}],"wp:attachment":[{"href":"https:\/\/roveyayinevi.com.tr\/index.php\/wp-json\/wp\/v2\/media?parent=713699"}],"wp:term":[{"taxonomy":"product_brand","embeddable":true,"href":"https:\/\/roveyayinevi.com.tr\/index.php\/wp-json\/wp\/v2\/product_brand?post=713699"},{"taxonomy":"product_cat","embeddable":true,"href":"https:\/\/roveyayinevi.com.tr\/index.php\/wp-json\/wp\/v2\/product_cat?post=713699"},{"taxonomy":"product_tag","embeddable":true,"href":"https:\/\/roveyayinevi.com.tr\/index.php\/wp-json\/wp\/v2\/product_tag?post=713699"}],"curies":[{"name":"wp","href":"https:\/\/api.w.org\/{rel}","templated":true}]}}