{"id":713697,"date":"2025-08-27T17:10:14","date_gmt":"2025-08-27T14:10:14","guid":{"rendered":"https:\/\/roveyayinevi.com.tr\/index.php\/urun\/cinnetzede\/"},"modified":"2026-04-16T02:22:18","modified_gmt":"2026-04-15T23:22:18","slug":"cinnetzede","status":"publish","type":"product","link":"https:\/\/roveyayinevi.com.tr\/index.php\/urun\/cinnetzede\/","title":{"rendered":"Cinnetzede"},"content":{"rendered":"<p>\u0130hanet ediyor tarih Medine Ad\u0131yaman\u2019a g\u00f6\u00e7t\u00fc \u015eimdi bir peygamber mi laz\u0131m Olmak m\u0131 laz\u0131m Hangi vahiye s\u0131\u011f\u0131nsam da yarg\u0131lans\u0131z evrimsiz insan Bir \u00e7a\u011f\u0131n yan\u0131lg\u0131s\u0131nda masumiyet kay\u0131p Var m\u0131yd\u0131 bilmem Rivayeti mutlu bir masal Bir k\u0131z \u00e7ocu\u011funun masal\u0131 yar\u0131da kesilir Ve yine yan\u0131ld\u0131 bir \u00e7okbilmi\u015f Tekerr\u00fcr etti tarih ve cinnet dirildi Bir \u00e7ocuk b\u00fcy\u00fcd\u00fc\u011f\u00fcn\u00fcn fark\u0131nda de\u011fil Bir elinde \u015feker di\u011ferinde k\u0131na Bir \u00e7ocuk b\u00fcy\u00fcrken anne oluyor G\u00f6lgesini yitiriyor yar\u0131n\u0131n oyununda Yar\u0131m kalan masal\u0131 hayal oluyor Hayalleri masald\u0131r bebe\u011fine m\u0131r\u0131ldand\u0131\u011f\u0131 ninnidir\u2026 <\/p>\n","protected":false},"excerpt":{"rendered":"<p>\u0130hanet ediyor tarih Medine Ad\u0131yaman\u2019a g\u00f6\u00e7t\u00fc \u015eimdi bir peygamber mi laz\u0131m Olmak m\u0131 laz\u0131m Hangi vahiye s\u0131\u011f\u0131nsam da yarg\u0131lans\u0131z evrimsiz insan Bir \u00e7a\u011f\u0131n yan\u0131lg\u0131s\u0131nda masumiyet kay\u0131p<span class=\"excerpt-hellip\"> [\u2026]<\/span><\/p>\n","protected":false},"featured_media":0,"template":"","meta":{"_monsterinsights_skip_tracking":false,"_monsterinsights_sitenote_active":false,"_monsterinsights_sitenote_note":"","_monsterinsights_sitenote_category":0},"product_brand":[],"product_cat":[12291,12509],"product_tag":[],"class_list":{"0":"post-713697","1":"product","2":"type-product","3":"status-publish","5":"product_cat-edebiyat","6":"product_cat-siir","7":"pa_cilt-ciltsiz","8":"pa_tur-kitap","9":"pa_yayinevi-peron-kitap","10":"pa_yazar-ahmet-gunes","12":"first","13":"instock","14":"sale","15":"shipping-taxable","16":"purchasable","17":"product-type-simple"},"_links":{"self":[{"href":"https:\/\/roveyayinevi.com.tr\/index.php\/wp-json\/wp\/v2\/product\/713697","targetHints":{"allow":["GET"]}}],"collection":[{"href":"https:\/\/roveyayinevi.com.tr\/index.php\/wp-json\/wp\/v2\/product"}],"about":[{"href":"https:\/\/roveyayinevi.com.tr\/index.php\/wp-json\/wp\/v2\/types\/product"}],"wp:attachment":[{"href":"https:\/\/roveyayinevi.com.tr\/index.php\/wp-json\/wp\/v2\/media?parent=713697"}],"wp:term":[{"taxonomy":"product_brand","embeddable":true,"href":"https:\/\/roveyayinevi.com.tr\/index.php\/wp-json\/wp\/v2\/product_brand?post=713697"},{"taxonomy":"product_cat","embeddable":true,"href":"https:\/\/roveyayinevi.com.tr\/index.php\/wp-json\/wp\/v2\/product_cat?post=713697"},{"taxonomy":"product_tag","embeddable":true,"href":"https:\/\/roveyayinevi.com.tr\/index.php\/wp-json\/wp\/v2\/product_tag?post=713697"}],"curies":[{"name":"wp","href":"https:\/\/api.w.org\/{rel}","templated":true}]}}