{"id":713695,"date":"2025-08-27T17:10:12","date_gmt":"2025-08-27T14:10:12","guid":{"rendered":"https:\/\/roveyayinevi.com.tr\/index.php\/urun\/merakli-cakil-mutfakta-duygular-serisi-2\/"},"modified":"2026-04-16T02:22:18","modified_gmt":"2026-04-15T23:22:18","slug":"merakli-cakil-mutfakta-duygular-serisi-2","status":"publish","type":"product","link":"https:\/\/roveyayinevi.com.tr\/index.php\/urun\/merakli-cakil-mutfakta-duygular-serisi-2\/","title":{"rendered":"Merakl\u0131 \u00c7ak\u0131l Mutfakta &#8211; Duygular Serisi 2"},"content":{"rendered":"<p>T\u0131k\u0131r t\u0131k\u0131r sesler geliyordu mutfaktan, bir de hi\u00e7 g\u00fczel olmayan kokular. \u00c7ak\u0131l hemen odas\u0131ndan \u00e7\u0131kt\u0131, evin dar koridorunda z\u0131playa z\u0131playa y\u00fcr\u00fcmeye ba\u015flad\u0131. Merakl\u0131 m\u0131 merakl\u0131, sevimli mi sevimli \u00c7ak\u0131l\u2019\u0131n her maceras\u0131nda bir duygu gizli. Bu kitapta da \u201ci\u011frenmek\u201d ile ilgili s\u0131cac\u0131k bir \u00f6yk\u00fc var. <\/p>\n","protected":false},"excerpt":{"rendered":"<p>T\u0131k\u0131r t\u0131k\u0131r sesler geliyordu mutfaktan, bir de hi\u00e7 g\u00fczel olmayan kokular. \u00c7ak\u0131l hemen odas\u0131ndan \u00e7\u0131kt\u0131, evin dar koridorunda z\u0131playa z\u0131playa y\u00fcr\u00fcmeye ba\u015flad\u0131. Merakl\u0131 m\u0131 merakl\u0131, sevimli<span class=\"excerpt-hellip\"> [\u2026]<\/span><\/p>\n","protected":false},"featured_media":0,"template":"","meta":{"_monsterinsights_skip_tracking":false,"_monsterinsights_sitenote_active":false,"_monsterinsights_sitenote_note":"","_monsterinsights_sitenote_category":0},"product_brand":[],"product_cat":[12274,12518],"product_tag":[],"class_list":{"0":"post-713695","1":"product","2":"type-product","3":"status-publish","5":"product_cat-cocuk-ve-genclik-kitaplari","6":"product_cat-okul-oncesi-kitaplar","7":"pa_cilt-ciltsiz","8":"pa_tur-kitap","9":"pa_yayinevi-kirmizi-kedi-yayinevi","10":"pa_yazar-nazli-deniz-guler","12":"first","13":"instock","14":"sale","15":"shipping-taxable","16":"purchasable","17":"product-type-simple"},"_links":{"self":[{"href":"https:\/\/roveyayinevi.com.tr\/index.php\/wp-json\/wp\/v2\/product\/713695","targetHints":{"allow":["GET"]}}],"collection":[{"href":"https:\/\/roveyayinevi.com.tr\/index.php\/wp-json\/wp\/v2\/product"}],"about":[{"href":"https:\/\/roveyayinevi.com.tr\/index.php\/wp-json\/wp\/v2\/types\/product"}],"wp:attachment":[{"href":"https:\/\/roveyayinevi.com.tr\/index.php\/wp-json\/wp\/v2\/media?parent=713695"}],"wp:term":[{"taxonomy":"product_brand","embeddable":true,"href":"https:\/\/roveyayinevi.com.tr\/index.php\/wp-json\/wp\/v2\/product_brand?post=713695"},{"taxonomy":"product_cat","embeddable":true,"href":"https:\/\/roveyayinevi.com.tr\/index.php\/wp-json\/wp\/v2\/product_cat?post=713695"},{"taxonomy":"product_tag","embeddable":true,"href":"https:\/\/roveyayinevi.com.tr\/index.php\/wp-json\/wp\/v2\/product_tag?post=713695"}],"curies":[{"name":"wp","href":"https:\/\/api.w.org\/{rel}","templated":true}]}}