{"id":713694,"date":"2025-08-27T17:10:12","date_gmt":"2025-08-27T14:10:12","guid":{"rendered":"https:\/\/roveyayinevi.com.tr\/index.php\/urun\/top-ve-kaleci\/"},"modified":"2026-04-16T02:22:18","modified_gmt":"2026-04-15T23:22:18","slug":"top-ve-kaleci","status":"publish","type":"product","link":"https:\/\/roveyayinevi.com.tr\/index.php\/urun\/top-ve-kaleci\/","title":{"rendered":"Top ve Kaleci"},"content":{"rendered":"<p>Jorge Amado, futbol delisiydi. Top oynad\u0131\u011f\u0131ndan ya da ba\u015fka bir fiziksel aktivitede bulundu\u011fundan de\u011fil. Spor ve dans ona g\u00f6re de\u011fildi. Stadyumda ve televizyonda futbol ma\u00e7\u0131 izlemeyi \u00e7ok severdi; milli kar\u015f\u0131la\u015fmalar\u0131 hi\u00e7 ka\u00e7\u0131rmazd\u0131. Onu heyecana bo\u011fan D\u00fcnya Kupas\u0131\u2019ndan s\u00f6z etmeye bile gerek yok tabii. Bu y\u00fczden, bir yay\u0131nevi ondan \u00e7ocuk kitab\u0131 yazmas\u0131n\u0131 istedi\u011finde, bu futbol hik\u00e2yesini yaratt\u0131. <\/p>\n","protected":false},"excerpt":{"rendered":"<p>Jorge Amado, futbol delisiydi. Top oynad\u0131\u011f\u0131ndan ya da ba\u015fka bir fiziksel aktivitede bulundu\u011fundan de\u011fil. Spor ve dans ona g\u00f6re de\u011fildi. Stadyumda ve televizyonda futbol ma\u00e7\u0131 izlemeyi<span class=\"excerpt-hellip\"> [\u2026]<\/span><\/p>\n","protected":false},"featured_media":0,"template":"","meta":{"_monsterinsights_skip_tracking":false,"_monsterinsights_sitenote_active":false,"_monsterinsights_sitenote_note":"","_monsterinsights_sitenote_category":0},"product_brand":[],"product_cat":[12275,12274],"product_tag":[],"class_list":{"0":"post-713694","1":"product","2":"type-product","3":"status-publish","5":"product_cat-6-12-yas-kitaplari","6":"product_cat-cocuk-ve-genclik-kitaplari","7":"pa_cilt-ciltsiz","8":"pa_tur-kitap","9":"pa_yayinevi-kirmizi-kedi-yayinevi","10":"pa_yazar-jorge-amado","12":"first","13":"instock","14":"sale","15":"shipping-taxable","16":"purchasable","17":"product-type-simple"},"_links":{"self":[{"href":"https:\/\/roveyayinevi.com.tr\/index.php\/wp-json\/wp\/v2\/product\/713694","targetHints":{"allow":["GET"]}}],"collection":[{"href":"https:\/\/roveyayinevi.com.tr\/index.php\/wp-json\/wp\/v2\/product"}],"about":[{"href":"https:\/\/roveyayinevi.com.tr\/index.php\/wp-json\/wp\/v2\/types\/product"}],"wp:attachment":[{"href":"https:\/\/roveyayinevi.com.tr\/index.php\/wp-json\/wp\/v2\/media?parent=713694"}],"wp:term":[{"taxonomy":"product_brand","embeddable":true,"href":"https:\/\/roveyayinevi.com.tr\/index.php\/wp-json\/wp\/v2\/product_brand?post=713694"},{"taxonomy":"product_cat","embeddable":true,"href":"https:\/\/roveyayinevi.com.tr\/index.php\/wp-json\/wp\/v2\/product_cat?post=713694"},{"taxonomy":"product_tag","embeddable":true,"href":"https:\/\/roveyayinevi.com.tr\/index.php\/wp-json\/wp\/v2\/product_tag?post=713694"}],"curies":[{"name":"wp","href":"https:\/\/api.w.org\/{rel}","templated":true}]}}