{"id":713691,"date":"2025-08-27T17:10:10","date_gmt":"2025-08-27T14:10:10","guid":{"rendered":"https:\/\/roveyayinevi.com.tr\/index.php\/urun\/natan-farkli-bir-sekilde-ogreniyor\/"},"modified":"2026-04-16T02:22:18","modified_gmt":"2026-04-15T23:22:18","slug":"natan-farkli-bir-sekilde-ogreniyor","status":"publish","type":"product","link":"https:\/\/roveyayinevi.com.tr\/index.php\/urun\/natan-farkli-bir-sekilde-ogreniyor\/","title":{"rendered":"Natan Farkl\u0131 Bir \u015eekilde \u00d6\u011freniyor"},"content":{"rendered":"<p>Ger\u00e7ek hayattan hik\u00e2yeler- \u00d6\u011frenme bozuklu\u011fu \u00fczerine bir hik\u00e2ye Natan dislektik bir \u00e7ocuk! Buna ra\u011fmen \u00e7ok be\u011fendi\u011fibir gen\u00e7lik kitaplar\u0131 dizisi var. Evet, okumay\u0131 \u00e7ok sevdi\u011fi do\u011fru! Gelgelelim bu her zaman b\u00f6yle de\u011fildi ve \u00f6nceleri okurken \u00e7ok zorlan\u0131yordu. Gen\u00e7 \u00e7ocuk a\u015fmak zorunda kald\u0131\u011f\u0131 engelleri ve \u015fu anda bulundu\u011fu noktaya gelmek i\u00e7in harcad\u0131\u011f\u0131 \u00e7abalar\u0131 d\u00fc\u015f\u00fcnd\u00fc\u011f\u00fcnde kendisiyle gurur duyuyor! \u00d6\u011fretmeninin, okul m\u00fcd\u00fcr\u00fcn\u00fcn, konu\u015fma terapistinin ve anne babas\u0131n\u0131n yard\u0131mlar\u0131yla kitaplar\u0131n b\u00fcy\u00fcl\u00fc d\u00fcnyas\u0131n\u0131n keyfini \u00e7\u0131karabiliyor. *Yeti\u015fkinler i\u00e7in bile yeni bir ba\u015flang\u0131\u00e7 tedirgin edici olabilirken, \u00e7ocuklar i\u00e7in neden olmas\u0131n? Yeni bir karde\u015f, yeni bir okul, beklenmedik bir geli\u015fme ya da ba\u015f etmek zorunda kald\u0131\u011f\u0131m\u0131z heyecanlar, korkular, tak\u0131nt\u0131lar, duygular&#8230; \u201cGer\u00e7ek hayattan hik\u00e2yeler\u201ddizisi, farkl\u0131 duygu ve durumlara odaklan\u0131yor.\u00c7ocuklara, ya\u015fad\u0131klar\u0131 sorunlar kar\u015f\u0131s\u0131nda yeni pencereler a\u00e7abilecek resimli hik\u00e2yelere yer verilmesinin yan\u0131 s\u0131ra ebeveynlere ve e\u011fitimcilere y\u00f6nelik bilgilendirici bir b\u00f6l\u00fcm de bulunuyor. <\/p>\n","protected":false},"excerpt":{"rendered":"<p>Ger\u00e7ek hayattan hik\u00e2yeler- \u00d6\u011frenme bozuklu\u011fu \u00fczerine bir hik\u00e2ye Natan dislektik bir \u00e7ocuk! Buna ra\u011fmen \u00e7ok be\u011fendi\u011fibir gen\u00e7lik kitaplar\u0131 dizisi var. Evet, okumay\u0131 \u00e7ok sevdi\u011fi do\u011fru! Gelgelelim<span class=\"excerpt-hellip\"> [\u2026]<\/span><\/p>\n","protected":false},"featured_media":0,"template":"","meta":{"_monsterinsights_skip_tracking":false,"_monsterinsights_sitenote_active":false,"_monsterinsights_sitenote_note":"","_monsterinsights_sitenote_category":0},"product_brand":[],"product_cat":[12913,12274],"product_tag":[],"class_list":{"0":"post-713691","1":"product","2":"type-product","3":"status-publish","5":"product_cat-3-6-yas-kitaplari","6":"product_cat-cocuk-ve-genclik-kitaplari","7":"pa_cilt-ciltsiz","8":"pa_tur-kitap","9":"pa_yayinevi-yapi-kredi-yayinlari","10":"pa_yazar-danielle-noreau","12":"first","13":"instock","14":"sale","15":"shipping-taxable","16":"purchasable","17":"product-type-simple"},"_links":{"self":[{"href":"https:\/\/roveyayinevi.com.tr\/index.php\/wp-json\/wp\/v2\/product\/713691","targetHints":{"allow":["GET"]}}],"collection":[{"href":"https:\/\/roveyayinevi.com.tr\/index.php\/wp-json\/wp\/v2\/product"}],"about":[{"href":"https:\/\/roveyayinevi.com.tr\/index.php\/wp-json\/wp\/v2\/types\/product"}],"wp:attachment":[{"href":"https:\/\/roveyayinevi.com.tr\/index.php\/wp-json\/wp\/v2\/media?parent=713691"}],"wp:term":[{"taxonomy":"product_brand","embeddable":true,"href":"https:\/\/roveyayinevi.com.tr\/index.php\/wp-json\/wp\/v2\/product_brand?post=713691"},{"taxonomy":"product_cat","embeddable":true,"href":"https:\/\/roveyayinevi.com.tr\/index.php\/wp-json\/wp\/v2\/product_cat?post=713691"},{"taxonomy":"product_tag","embeddable":true,"href":"https:\/\/roveyayinevi.com.tr\/index.php\/wp-json\/wp\/v2\/product_tag?post=713691"}],"curies":[{"name":"wp","href":"https:\/\/api.w.org\/{rel}","templated":true}]}}