{"id":713690,"date":"2025-08-27T17:10:09","date_gmt":"2025-08-27T14:10:09","guid":{"rendered":"https:\/\/roveyayinevi.com.tr\/index.php\/urun\/tibo-tabletine-yapisti\/"},"modified":"2026-04-16T02:22:18","modified_gmt":"2026-04-15T23:22:18","slug":"tibo-tabletine-yapisti","status":"publish","type":"product","link":"https:\/\/roveyayinevi.com.tr\/index.php\/urun\/tibo-tabletine-yapisti\/","title":{"rendered":"Tibo Tabletine Yap\u0131\u015ft\u0131!"},"content":{"rendered":"<p>Tibo\u2019yu kurtarmak i\u00e7in ne yapmal\u0131? Bir hediye alan Tibo\u2019nun hayat\u0131 de\u011fi\u015fir\u2026 Tibo hediye tabletine yap\u0131\u015fm\u0131\u015f gibidir. Dersiniz bir heykel! G\u00f6z\u00fcn\u00fc tabletinden ay\u0131ramaz haldedir. Bu durum arkada\u015flar\u0131n\u0131n can\u0131n\u0131 s\u0131kar. Ne yap\u0131p edip onu kurtarmalar\u0131 gerekmektedir. G\u00f6rkem Kantar Arsoy\u2019un yazd\u0131\u011f\u0131, Melis G\u00f6k\u00e7en\u2019in resimledi\u011fi Tibo Tabletine Yap\u0131\u015ft\u0131! kitab\u0131 b\u00fct\u00fcn ebeveynlerin \u00fczerinde d\u00fc\u015f\u00fcnmesi gereken bir t\u00fcr ba\u011f\u0131ml\u0131l\u0131\u011fa dikkat \u00e7ekmesi bak\u0131m\u0131ndan da \u00f6nem ta\u015f\u0131yor.   TADIMLIK\u201cO g\u00fcn hava mis, g\u00f6k mavi, deniz \u00e7ar\u015faf, g\u00fcne\u015f yald\u0131zl\u0131 bir top gibiydi. Uzaklarda bir yerde kar\u0131nca, file masal anlat\u0131yor, soka\u011f\u0131n ba\u015f\u0131nda fare ile kedi \u015fakala\u015f\u0131p g\u00fcl\u00fc\u015f\u00fcyor, bahar g\u00fcne\u015finin \u0131\u015f\u0131klar\u0131 Tibo\u2019nun odas\u0131nda geziniyordu. Tibo ise koltu\u011funa g\u00f6m\u00fclm\u00fc\u015f tabletiyle oynuyordu. K\u0131r\u0131m\u0131z Tav\u015fan,Tibo\u2019ya \u201cYemek haz\u0131\u0131\u0131\u0131\u0131r!\u201d diye seslendi.  Tibo cevap vermedi. K\u0131rm\u0131z\u0131 Tav\u015fan\u2019\u0131n s\u00f6zleri havaya kar\u0131\u015ft\u0131, yok olup gitti.\u201d <\/p>\n","protected":false},"excerpt":{"rendered":"<p>Tibo\u2019yu kurtarmak i\u00e7in ne yapmal\u0131? Bir hediye alan Tibo\u2019nun hayat\u0131 de\u011fi\u015fir\u2026 Tibo hediye tabletine yap\u0131\u015fm\u0131\u015f gibidir. Dersiniz bir heykel! G\u00f6z\u00fcn\u00fc tabletinden ay\u0131ramaz haldedir. Bu durum arkada\u015flar\u0131n\u0131n<span class=\"excerpt-hellip\"> [\u2026]<\/span><\/p>\n","protected":false},"featured_media":0,"template":"","meta":{"_monsterinsights_skip_tracking":false,"_monsterinsights_sitenote_active":false,"_monsterinsights_sitenote_note":"","_monsterinsights_sitenote_category":0},"product_brand":[],"product_cat":[12913,12274],"product_tag":[],"class_list":{"0":"post-713690","1":"product","2":"type-product","3":"status-publish","5":"product_cat-3-6-yas-kitaplari","6":"product_cat-cocuk-ve-genclik-kitaplari","7":"pa_cilt-ciltsiz","8":"pa_tur-kitap","9":"pa_yayinevi-yapi-kredi-yayinlari","10":"pa_yazar-gorkem-kantar-arsoy","12":"first","13":"instock","14":"sale","15":"shipping-taxable","16":"purchasable","17":"product-type-simple"},"_links":{"self":[{"href":"https:\/\/roveyayinevi.com.tr\/index.php\/wp-json\/wp\/v2\/product\/713690","targetHints":{"allow":["GET"]}}],"collection":[{"href":"https:\/\/roveyayinevi.com.tr\/index.php\/wp-json\/wp\/v2\/product"}],"about":[{"href":"https:\/\/roveyayinevi.com.tr\/index.php\/wp-json\/wp\/v2\/types\/product"}],"wp:attachment":[{"href":"https:\/\/roveyayinevi.com.tr\/index.php\/wp-json\/wp\/v2\/media?parent=713690"}],"wp:term":[{"taxonomy":"product_brand","embeddable":true,"href":"https:\/\/roveyayinevi.com.tr\/index.php\/wp-json\/wp\/v2\/product_brand?post=713690"},{"taxonomy":"product_cat","embeddable":true,"href":"https:\/\/roveyayinevi.com.tr\/index.php\/wp-json\/wp\/v2\/product_cat?post=713690"},{"taxonomy":"product_tag","embeddable":true,"href":"https:\/\/roveyayinevi.com.tr\/index.php\/wp-json\/wp\/v2\/product_tag?post=713690"}],"curies":[{"name":"wp","href":"https:\/\/api.w.org\/{rel}","templated":true}]}}