{"id":713687,"date":"2025-08-27T17:10:07","date_gmt":"2025-08-27T14:10:07","guid":{"rendered":"https:\/\/roveyayinevi.com.tr\/index.php\/urun\/bursa-yazilari\/"},"modified":"2026-04-16T02:22:18","modified_gmt":"2026-04-15T23:22:18","slug":"bursa-yazilari","status":"publish","type":"product","link":"https:\/\/roveyayinevi.com.tr\/index.php\/urun\/bursa-yazilari\/","title":{"rendered":"Bursa Yaz\u0131lar\u0131"},"content":{"rendered":"<p>\u0130smet Tokg\u00f6z memleketi Bursa&#8217;ya s\u0131cakl\u0131\u011f\u0131n\u0131 kaybetmemi\u015f an\u0131lar\u0131n\u0131n penceresinden bak\u0131yor. \u0130lkgen\u00e7lik y\u0131llar\u0131n\u0131n \u015fehir ya\u015fant\u0131s\u0131na, \u201cBursa&#8217;n\u0131n \u015fiirini olu\u015fturan ba\u015fat \u00f6ge\u201d olarak sayd\u0131\u011f\u0131 mimarisine ve tarihine de\u011finerek sakin ad\u0131mlarla \u015fehri dola\u015f\u0131yor. Bilge Karasu&#8217;nun yolda\u015f oldu\u011fu bu gezintide Tokg\u00f6z&#8217;e; Bursa&#8217;n\u0131n \u015fiirini, tarihini kaleme alm\u0131\u015f Ahmet Hamdi Tanp\u0131nar ve Refik Halid Karay gibi yazarlar da \u201cmetinleriyle\u201d e\u015flik ediyor&#8230; <\/p>\n","protected":false},"excerpt":{"rendered":"<p>\u0130smet Tokg\u00f6z memleketi Bursa&#8217;ya s\u0131cakl\u0131\u011f\u0131n\u0131 kaybetmemi\u015f an\u0131lar\u0131n\u0131n penceresinden bak\u0131yor. \u0130lkgen\u00e7lik y\u0131llar\u0131n\u0131n \u015fehir ya\u015fant\u0131s\u0131na, \u201cBursa&#8217;n\u0131n \u015fiirini olu\u015fturan ba\u015fat \u00f6ge\u201d olarak sayd\u0131\u011f\u0131 mimarisine ve tarihine de\u011finerek sakin ad\u0131mlarla<span class=\"excerpt-hellip\"> [\u2026]<\/span><\/p>\n","protected":false},"featured_media":0,"template":"","meta":{"_monsterinsights_skip_tracking":false,"_monsterinsights_sitenote_active":false,"_monsterinsights_sitenote_note":"","_monsterinsights_sitenote_category":0},"product_brand":[],"product_cat":[13528,13527],"product_tag":[],"class_list":{"0":"post-713687","1":"product","2":"type-product","3":"status-publish","5":"product_cat-gezi","6":"product_cat-sureli-yayinlar","7":"pa_cilt-ciltsiz","8":"pa_tur-kitap","9":"pa_yayinevi-kirmizi-kedi-yayinevi","10":"pa_yazar-ismet-tokgoz","12":"first","13":"instock","14":"sale","15":"shipping-taxable","16":"purchasable","17":"product-type-simple"},"_links":{"self":[{"href":"https:\/\/roveyayinevi.com.tr\/index.php\/wp-json\/wp\/v2\/product\/713687","targetHints":{"allow":["GET"]}}],"collection":[{"href":"https:\/\/roveyayinevi.com.tr\/index.php\/wp-json\/wp\/v2\/product"}],"about":[{"href":"https:\/\/roveyayinevi.com.tr\/index.php\/wp-json\/wp\/v2\/types\/product"}],"wp:attachment":[{"href":"https:\/\/roveyayinevi.com.tr\/index.php\/wp-json\/wp\/v2\/media?parent=713687"}],"wp:term":[{"taxonomy":"product_brand","embeddable":true,"href":"https:\/\/roveyayinevi.com.tr\/index.php\/wp-json\/wp\/v2\/product_brand?post=713687"},{"taxonomy":"product_cat","embeddable":true,"href":"https:\/\/roveyayinevi.com.tr\/index.php\/wp-json\/wp\/v2\/product_cat?post=713687"},{"taxonomy":"product_tag","embeddable":true,"href":"https:\/\/roveyayinevi.com.tr\/index.php\/wp-json\/wp\/v2\/product_tag?post=713687"}],"curies":[{"name":"wp","href":"https:\/\/api.w.org\/{rel}","templated":true}]}}