{"id":713686,"date":"2025-08-27T17:10:06","date_gmt":"2025-08-27T14:10:06","guid":{"rendered":"https:\/\/roveyayinevi.com.tr\/index.php\/urun\/harfler-bizi-terk-etmeden\/"},"modified":"2026-04-16T02:22:18","modified_gmt":"2026-04-15T23:22:18","slug":"harfler-bizi-terk-etmeden","status":"publish","type":"product","link":"https:\/\/roveyayinevi.com.tr\/index.php\/urun\/harfler-bizi-terk-etmeden\/","title":{"rendered":"Harfler Bizi Terk Etmeden"},"content":{"rendered":"<p>Ademhan Esen, ikinci \u00f6yk\u00fc kitab\u0131 Harfler Bizi Terk Etmeden\u2019de, kitaplara, sayfalara, paragraflara, c\u00fcmlelere, s\u00f6zc\u00fcklere, hecelere nihayetinde harflere bile s\u0131\u011f\u0131n\u0131labilece\u011fini anlat\u0131yor. Yan\u0131lg\u0131 ve pi\u015fmanl\u0131klar\u0131m\u0131z\u0131n; yalan ve uydurmalar\u0131m\u0131z\u0131n; hasret ve s\u0131lalar\u0131m\u0131z\u0131n \u00fczerinden \u00f6n\u00fc balonlarla kapl\u0131 bir dozerle ge\u00e7iyor. B\u00fct\u00fcn bu kasvetli havan\u0131n i\u00e7inde bizlere bir nevi hayat\u0131n reklam\u0131n\u0131 yap\u0131yor. Tabii ilk kitab\u0131 A\u011fr\u0131 Kesici\u2019de oldu\u011fu gibi yine minik oyuncaklar\u0131, tatl\u0131 oyunlar\u0131 ve ufak \u015fakalar\u0131 var, \u00fcstelik bu kitapta daha da fazla. S\u0131radanl\u0131ktan fersah fersah uzak bu \u00f6yk\u00fcler, zarif, ak\u0131c\u0131 ve yer yer mizahi ama en \u00f6nemlisi de samimi bir \u00fcslup, i\u00e7ten bir ses\u2026 Harfler Bizi Terk Etmeden, kurmacan\u0131n ve hayal g\u00fcc\u00fcn\u00fcn \u015f\u0131k c\u00fcmlelere d\u00f6k\u00fclm\u00fc\u015f hali. <\/p>\n","protected":false},"excerpt":{"rendered":"<p>Ademhan Esen, ikinci \u00f6yk\u00fc kitab\u0131 Harfler Bizi Terk Etmeden\u2019de, kitaplara, sayfalara, paragraflara, c\u00fcmlelere, s\u00f6zc\u00fcklere, hecelere nihayetinde harflere bile s\u0131\u011f\u0131n\u0131labilece\u011fini anlat\u0131yor. Yan\u0131lg\u0131 ve pi\u015fmanl\u0131klar\u0131m\u0131z\u0131n; yalan ve uydurmalar\u0131m\u0131z\u0131n;<span class=\"excerpt-hellip\"> [\u2026]<\/span><\/p>\n","protected":false},"featured_media":0,"template":"","meta":{"_monsterinsights_skip_tracking":false,"_monsterinsights_sitenote_active":false,"_monsterinsights_sitenote_note":"","_monsterinsights_sitenote_category":0},"product_brand":[],"product_cat":[12291,12711],"product_tag":[],"class_list":{"0":"post-713686","1":"product","2":"type-product","3":"status-publish","5":"product_cat-edebiyat","6":"product_cat-roman-oyku","7":"pa_cilt-ciltsiz","8":"pa_tur-kitap","9":"pa_yayinevi-cinar-yayinlari","10":"pa_yazar-ademhan-esen","12":"first","13":"instock","14":"sale","15":"shipping-taxable","16":"purchasable","17":"product-type-simple"},"_links":{"self":[{"href":"https:\/\/roveyayinevi.com.tr\/index.php\/wp-json\/wp\/v2\/product\/713686","targetHints":{"allow":["GET"]}}],"collection":[{"href":"https:\/\/roveyayinevi.com.tr\/index.php\/wp-json\/wp\/v2\/product"}],"about":[{"href":"https:\/\/roveyayinevi.com.tr\/index.php\/wp-json\/wp\/v2\/types\/product"}],"wp:attachment":[{"href":"https:\/\/roveyayinevi.com.tr\/index.php\/wp-json\/wp\/v2\/media?parent=713686"}],"wp:term":[{"taxonomy":"product_brand","embeddable":true,"href":"https:\/\/roveyayinevi.com.tr\/index.php\/wp-json\/wp\/v2\/product_brand?post=713686"},{"taxonomy":"product_cat","embeddable":true,"href":"https:\/\/roveyayinevi.com.tr\/index.php\/wp-json\/wp\/v2\/product_cat?post=713686"},{"taxonomy":"product_tag","embeddable":true,"href":"https:\/\/roveyayinevi.com.tr\/index.php\/wp-json\/wp\/v2\/product_tag?post=713686"}],"curies":[{"name":"wp","href":"https:\/\/api.w.org\/{rel}","templated":true}]}}