{"id":713685,"date":"2025-08-27T17:10:06","date_gmt":"2025-08-27T14:10:06","guid":{"rendered":"https:\/\/roveyayinevi.com.tr\/index.php\/urun\/bilime-ilk-adim-saglikli-kalmak\/"},"modified":"2026-04-16T02:22:18","modified_gmt":"2026-04-15T23:22:18","slug":"bilime-ilk-adim-saglikli-kalmak","status":"publish","type":"product","link":"https:\/\/roveyayinevi.com.tr\/index.php\/urun\/bilime-ilk-adim-saglikli-kalmak\/","title":{"rendered":"Bilime \u0130lk Ad\u0131m &#8211; Sa\u011fl\u0131kl\u0131 Kalmak"},"content":{"rendered":"<p>Bilimin renkli, e\u011flenceli ve heyecanl\u0131 d\u00fcnyas\u0131na ho\u015f geldin. Bilime \u0130lk Ad\u0131m dizisi sayesinde \u00e7ocuklar bilimin temellerini ke\u015ffediyor, bilimin ana kavramlar\u0131n\u0131 \u00f6\u011freniyor, etkinlik ve deneyler arac\u0131l\u0131\u011f\u0131yla ilk bilimsel s\u00fcre\u00e7 becerilerini kazan\u0131yor. Bu dizideki kitaplarla \u00e7ocuklar bitkiler, ya\u015fam d\u00f6ng\u00fcleri, hayvanlar, sa\u011fl\u0131kl\u0131 kalmak, duyular\u0131m\u0131z ve v\u00fccudumuz konular\u0131nda ilgin\u00e7 bilgiler ediniyor, bir yandan da g\u00f6zlem ve ara\u015ft\u0131rma yapmaya te\u015fvik edilerek \u00e7evrelerine bilimsel bir g\u00f6zle bakma becerisi kazanmalar\u0131 sa\u011flan\u0131yor. <\/p>\n","protected":false},"excerpt":{"rendered":"<p>Bilimin renkli, e\u011flenceli ve heyecanl\u0131 d\u00fcnyas\u0131na ho\u015f geldin. Bilime \u0130lk Ad\u0131m dizisi sayesinde \u00e7ocuklar bilimin temellerini ke\u015ffediyor, bilimin ana kavramlar\u0131n\u0131 \u00f6\u011freniyor, etkinlik ve deneyler arac\u0131l\u0131\u011f\u0131yla ilk<span class=\"excerpt-hellip\"> [\u2026]<\/span><\/p>\n","protected":false},"featured_media":0,"template":"","meta":{"_monsterinsights_skip_tracking":false,"_monsterinsights_sitenote_active":false,"_monsterinsights_sitenote_note":"","_monsterinsights_sitenote_category":0},"product_brand":[],"product_cat":[13829,12274],"product_tag":[],"class_list":{"0":"post-713685","1":"product","2":"type-product","3":"status-publish","5":"product_cat-bilimsel-kitaplar","6":"product_cat-cocuk-ve-genclik-kitaplari","7":"pa_cilt-ciltsiz","8":"pa_tur-kitap","9":"pa_yayinevi-almidilli","10":"pa_yazar-peter-riley","12":"first","13":"instock","14":"sale","15":"shipping-taxable","16":"purchasable","17":"product-type-simple"},"_links":{"self":[{"href":"https:\/\/roveyayinevi.com.tr\/index.php\/wp-json\/wp\/v2\/product\/713685","targetHints":{"allow":["GET"]}}],"collection":[{"href":"https:\/\/roveyayinevi.com.tr\/index.php\/wp-json\/wp\/v2\/product"}],"about":[{"href":"https:\/\/roveyayinevi.com.tr\/index.php\/wp-json\/wp\/v2\/types\/product"}],"wp:attachment":[{"href":"https:\/\/roveyayinevi.com.tr\/index.php\/wp-json\/wp\/v2\/media?parent=713685"}],"wp:term":[{"taxonomy":"product_brand","embeddable":true,"href":"https:\/\/roveyayinevi.com.tr\/index.php\/wp-json\/wp\/v2\/product_brand?post=713685"},{"taxonomy":"product_cat","embeddable":true,"href":"https:\/\/roveyayinevi.com.tr\/index.php\/wp-json\/wp\/v2\/product_cat?post=713685"},{"taxonomy":"product_tag","embeddable":true,"href":"https:\/\/roveyayinevi.com.tr\/index.php\/wp-json\/wp\/v2\/product_tag?post=713685"}],"curies":[{"name":"wp","href":"https:\/\/api.w.org\/{rel}","templated":true}]}}