{"id":713680,"date":"2025-08-27T17:10:03","date_gmt":"2025-08-27T14:10:03","guid":{"rendered":"https:\/\/roveyayinevi.com.tr\/index.php\/urun\/cogito-sayi-1-laiklik\/"},"modified":"2026-04-16T02:22:18","modified_gmt":"2026-04-15T23:22:18","slug":"cogito-sayi-1-laiklik","status":"publish","type":"product","link":"https:\/\/roveyayinevi.com.tr\/index.php\/urun\/cogito-sayi-1-laiklik\/","title":{"rendered":"Cogito Say\u0131: 1 Laiklik"},"content":{"rendered":"<p>Turhan Ilgaz &#8211; Neden Cogito? Ahmet Cemal &#8211; D\u00fc\u015f\u00fcnmeye Al\u0131\u015fmak Mehmet Ali K\u0131l\u0131\u00e7bay &#8211; Laiklik Ya da Bu D\u00fcnyay\u0131 Ya\u015fayabilmek Nil\u00fcfer Narl\u0131 &#8211; T\u00fcrkiye&#8217;de Laikli\u011fin Konumu Niyazi \u00d6ktem &#8211; Dinler ve Laiklik Mohammed Arkoun &#8211; \u0130slami Bir Bak\u0131\u015f A\u00e7\u0131s\u0131 \u0130\u00e7inde Pozitivizm ve Gelenek, Kemalizm Olay\u0131 Ali Bula\u00e7 &#8211; \u0130slam ve Modern Zamanlarda Din-Devlet \u0130li\u015fkisi Nuray Mert &#8211; Laiklik Tart\u0131\u015fmas\u0131 ve Siyasal \u0130sl\u00e2m Thomas M\u0131chel, S. J. &#8211; Laisizme Katolik Bir Bak\u0131\u015f Bak\u0131r \u00c7a\u011flar &#8211; T\u00fcrkiye&#8217;de Laikli\u011fin &#8220;B\u00fcy\u00fck Problem&#8221;i Laiklik ve Farkl\u0131 Anlamlar\u0131 \u00dczerine S\u00f6yle\u015fi &#8211; Fener Patri\u011fi ile S\u00f6yle\u015fi \/ \u00c7eviren: Turhan Ilgaz George Bata\u0131lle &#8211; G\u00fcnah \u00dczerine Tart\u0131\u015fma H\u00fclya Tufan &#8211; Kamuoyu Ara\u015ft\u0131rmalar\u0131n\u0131n Dayan\u0131lmaz Hafifli\u011fi Murat Belge &#8211; Bir Uzak K\u0131tada De\u011fi\u015fenler\/De\u011fi\u015fmeyenler \u015earlatanl\u0131k S\u00f6yle\u015fileri Fran\u00e7ois Biraud &#8211; &#8220;Tan\u0131kl\u0131klar Kan\u0131t De\u011fildir&#8230;&#8221; Hubert Reeves &#8211; Astrologlar\u0131n Dar G\u00f6ky\u00fcz\u00fc Henri Broch &#8211; Zetetik Profes\u00f6r\u00fc Jean-Pierre Adam &#8211; Tarihi Sapt\u0131ran \u015earlatanlar <\/p>\n","protected":false},"excerpt":{"rendered":"<p>Turhan Ilgaz &#8211; Neden Cogito? Ahmet Cemal &#8211; D\u00fc\u015f\u00fcnmeye Al\u0131\u015fmak Mehmet Ali K\u0131l\u0131\u00e7bay &#8211; Laiklik Ya da Bu D\u00fcnyay\u0131 Ya\u015fayabilmek Nil\u00fcfer Narl\u0131 &#8211; T\u00fcrkiye&#8217;de Laikli\u011fin Konumu<span class=\"excerpt-hellip\"> [\u2026]<\/span><\/p>\n","protected":false},"featured_media":0,"template":"","meta":{"_monsterinsights_skip_tracking":false,"_monsterinsights_sitenote_active":false,"_monsterinsights_sitenote_note":"","_monsterinsights_sitenote_category":0},"product_brand":[],"product_cat":[13527],"product_tag":[],"class_list":{"0":"post-713680","1":"product","2":"type-product","3":"status-publish","5":"product_cat-sureli-yayinlar","6":"pa_cilt-ciltsiz","7":"pa_tur-dergi","8":"pa_yayinevi-yapi-kredi-yayinlari-dergi","9":"pa_yazar-kollektif","11":"first","12":"instock","13":"sale","14":"shipping-taxable","15":"purchasable","16":"product-type-simple"},"_links":{"self":[{"href":"https:\/\/roveyayinevi.com.tr\/index.php\/wp-json\/wp\/v2\/product\/713680","targetHints":{"allow":["GET"]}}],"collection":[{"href":"https:\/\/roveyayinevi.com.tr\/index.php\/wp-json\/wp\/v2\/product"}],"about":[{"href":"https:\/\/roveyayinevi.com.tr\/index.php\/wp-json\/wp\/v2\/types\/product"}],"wp:attachment":[{"href":"https:\/\/roveyayinevi.com.tr\/index.php\/wp-json\/wp\/v2\/media?parent=713680"}],"wp:term":[{"taxonomy":"product_brand","embeddable":true,"href":"https:\/\/roveyayinevi.com.tr\/index.php\/wp-json\/wp\/v2\/product_brand?post=713680"},{"taxonomy":"product_cat","embeddable":true,"href":"https:\/\/roveyayinevi.com.tr\/index.php\/wp-json\/wp\/v2\/product_cat?post=713680"},{"taxonomy":"product_tag","embeddable":true,"href":"https:\/\/roveyayinevi.com.tr\/index.php\/wp-json\/wp\/v2\/product_tag?post=713680"}],"curies":[{"name":"wp","href":"https:\/\/api.w.org\/{rel}","templated":true}]}}