{"id":713675,"date":"2025-08-27T17:10:00","date_gmt":"2025-08-27T14:10:00","guid":{"rendered":"https:\/\/roveyayinevi.com.tr\/index.php\/urun\/en-etkili-300-dua-duanin-canlandirici-nefesini-hissedin\/"},"modified":"2026-04-16T02:22:18","modified_gmt":"2026-04-15T23:22:18","slug":"en-etkili-300-dua-duanin-canlandirici-nefesini-hissedin","status":"publish","type":"product","link":"https:\/\/roveyayinevi.com.tr\/index.php\/urun\/en-etkili-300-dua-duanin-canlandirici-nefesini-hissedin\/","title":{"rendered":"En Etkili 300 Dua &#8211; Duan\u0131n Canland\u0131r\u0131c\u0131 Nefesini Hissedin!"},"content":{"rendered":"<p>M\u00fcmin olarak elinizde \u00e7ok g\u00fc\u00e7l\u00fc bir dua silah\u0131 var! Tam bir ba\u015fucu kitab\u0131. G\u00fcnl\u00fck hayat\u0131n hemen her alan\u0131yla ilgili, dertlilere deva, hastalara \u015fifa, kederlilere ne\u015fe getirecek dualar&#8230; &#8216;En etkili&#8217; \u00e7\u00fcnk\u00fc titiz bir \u00e7al\u0131\u015fmayla Kur&#8217;an ve sahih hadisler ba\u015fta olmak \u00fczere en g\u00fcvenilir kaynaklardan derlendi. Siz yeter ki bu yakar\u0131\u015fta, bu s\u0131\u011f\u0131nmada, bu birebir hasbihalde samimi olun. Duan\u0131n canland\u0131r\u0131c\u0131 nefesini hissedin! <\/p>\n","protected":false},"excerpt":{"rendered":"<p>M\u00fcmin olarak elinizde \u00e7ok g\u00fc\u00e7l\u00fc bir dua silah\u0131 var! Tam bir ba\u015fucu kitab\u0131. G\u00fcnl\u00fck hayat\u0131n hemen her alan\u0131yla ilgili, dertlilere deva, hastalara \u015fifa, kederlilere ne\u015fe getirecek<span class=\"excerpt-hellip\"> [\u2026]<\/span><\/p>\n","protected":false},"featured_media":0,"template":"","meta":{"_monsterinsights_skip_tracking":false,"_monsterinsights_sitenote_active":false,"_monsterinsights_sitenote_note":"","_monsterinsights_sitenote_category":0},"product_brand":[],"product_cat":[12718,12719],"product_tag":[],"class_list":{"0":"post-713675","1":"product","2":"type-product","3":"status-publish","5":"product_cat-din","6":"product_cat-islam","7":"pa_cilt-ciltsiz","8":"pa_tur-kitap","9":"pa_yayinevi-hayykitap","10":"pa_yazar-mustafa-karatas","12":"first","13":"instock","14":"sale","15":"shipping-taxable","16":"purchasable","17":"product-type-simple"},"_links":{"self":[{"href":"https:\/\/roveyayinevi.com.tr\/index.php\/wp-json\/wp\/v2\/product\/713675","targetHints":{"allow":["GET"]}}],"collection":[{"href":"https:\/\/roveyayinevi.com.tr\/index.php\/wp-json\/wp\/v2\/product"}],"about":[{"href":"https:\/\/roveyayinevi.com.tr\/index.php\/wp-json\/wp\/v2\/types\/product"}],"wp:attachment":[{"href":"https:\/\/roveyayinevi.com.tr\/index.php\/wp-json\/wp\/v2\/media?parent=713675"}],"wp:term":[{"taxonomy":"product_brand","embeddable":true,"href":"https:\/\/roveyayinevi.com.tr\/index.php\/wp-json\/wp\/v2\/product_brand?post=713675"},{"taxonomy":"product_cat","embeddable":true,"href":"https:\/\/roveyayinevi.com.tr\/index.php\/wp-json\/wp\/v2\/product_cat?post=713675"},{"taxonomy":"product_tag","embeddable":true,"href":"https:\/\/roveyayinevi.com.tr\/index.php\/wp-json\/wp\/v2\/product_tag?post=713675"}],"curies":[{"name":"wp","href":"https:\/\/api.w.org\/{rel}","templated":true}]}}