{"id":713673,"date":"2025-08-27T17:09:58","date_gmt":"2025-08-27T14:09:58","guid":{"rendered":"https:\/\/roveyayinevi.com.tr\/index.php\/urun\/kahraman-hainler-turk-silahli-kuvvetlerinde-fetonun-kriptolari\/"},"modified":"2026-04-16T02:22:18","modified_gmt":"2026-04-15T23:22:18","slug":"kahraman-hainler-turk-silahli-kuvvetlerinde-fetonun-kriptolari","status":"publish","type":"product","link":"https:\/\/roveyayinevi.com.tr\/index.php\/urun\/kahraman-hainler-turk-silahli-kuvvetlerinde-fetonun-kriptolari\/","title":{"rendered":"Kahraman Hainler &#8211; T\u00fcrk Silahl\u0131 Kuvvetleri&#8217;nde Fe*t\u00f6&#8217;n\u00fcn Kriptolar\u0131"},"content":{"rendered":"<p>FET\u00d6, 15 Temmuz 2016 gecesi G\u00fclen\u2019in tam otuz y\u0131l \u00f6nce s\u00f6yledi\u011fi gibi, devleti, \u00fclkeyi ele ge\u00e7irmek i\u00e7in askeri darbe giri\u015fiminde bulundu. Darbe giri\u015fiminin \u00fczerinden hemen hemen iki y\u0131l ge\u00e7ti. Ama T\u00fcrk Silahl\u0131 Kuvvetleri i\u00e7erisinde, darbeye kat\u0131lmam\u0131\u015f, sicilinde en k\u00fc\u00e7\u00fck iz bulunmayan binlerce FET\u00d6\u2019c\u00fc subay tespit edildi. Neredeyse darbe giri\u015fimine kat\u0131lanlar kadar subay iki y\u0131l i\u00e7inde a\u00e7\u0131\u011fa al\u0131nd\u0131, g\u00f6revden uzakla\u015ft\u0131r\u0131ld\u0131, tutukland\u0131. 15 Temmuz gecesi yaralanarak g\u00f6\u011fs\u00fcne \u201cmadalya\u201d tak\u0131lan, \u201cgazi\u201d unvan\u0131 alan, \u201ckahraman\u201d ilan edilenlerin bile kovu\u015fturmaya u\u011fray\u0131p darbe giri\u015fiminden 1,5 y\u0131l sonra FET\u00d6 ile ili\u015fkilerini itiraf etmeleri tehlikenin h\u00e2l\u00e2 s\u00fcrd\u00fc\u011f\u00fcn\u00fc g\u00f6steriyor. FET\u00d6 darbeden iki y\u0131l sonra bile TSK i\u00e7indeki kripto elemanlar\u0131yla temas kuruyor, bilgi topluyor. Taktik geli\u015ftiriyor. 2018\u2019de h\u00e2l\u00e2 TSK\u2019ya s\u0131zma, s\u0131zd\u0131rd\u0131klar\u0131n\u0131 da kurmayl\u0131\u011fa yerle\u015ftirme \u00e7al\u0131\u015fmalar\u0131n\u0131 y\u00fcr\u00fct\u00fcyor. Evet art\u0131k i\u015fi eskisi kadar kolay de\u011fil. Evet \u015fu ana kadar TSK i\u00e7indeki 15 bin \u00fcyesi tespit edildi. Evet 4 bine yak\u0131n\u0131 itiraf\u00e7\u0131 oldu. Ama FET\u00d6 h\u00e2l\u00e2 T\u00fcrkiye\u2019nin gelece\u011fi i\u00e7in en \u00f6nemli tehlikelerden biri&#8230; <\/p>\n","protected":false},"excerpt":{"rendered":"<p>FET\u00d6, 15 Temmuz 2016 gecesi G\u00fclen\u2019in tam otuz y\u0131l \u00f6nce s\u00f6yledi\u011fi gibi, devleti, \u00fclkeyi ele ge\u00e7irmek i\u00e7in askeri darbe giri\u015fiminde bulundu. Darbe giri\u015fiminin \u00fczerinden hemen hemen<span class=\"excerpt-hellip\"> [\u2026]<\/span><\/p>\n","protected":false},"featured_media":0,"template":"","meta":{"_monsterinsights_skip_tracking":false,"_monsterinsights_sitenote_active":false,"_monsterinsights_sitenote_note":"","_monsterinsights_sitenote_category":0},"product_brand":[],"product_cat":[12346,12337],"product_tag":[],"class_list":{"0":"post-713673","1":"product","2":"type-product","3":"status-publish","5":"product_cat-derin-siyaset-komplo-teorileri","6":"product_cat-politika-siyaset","7":"pa_cilt-ciltsiz","8":"pa_tur-kitap","9":"pa_yayinevi-destek-yayinlari","10":"pa_yazar-nedim-sener","12":"first","13":"instock","14":"sale","15":"shipping-taxable","16":"purchasable","17":"product-type-simple"},"_links":{"self":[{"href":"https:\/\/roveyayinevi.com.tr\/index.php\/wp-json\/wp\/v2\/product\/713673","targetHints":{"allow":["GET"]}}],"collection":[{"href":"https:\/\/roveyayinevi.com.tr\/index.php\/wp-json\/wp\/v2\/product"}],"about":[{"href":"https:\/\/roveyayinevi.com.tr\/index.php\/wp-json\/wp\/v2\/types\/product"}],"wp:attachment":[{"href":"https:\/\/roveyayinevi.com.tr\/index.php\/wp-json\/wp\/v2\/media?parent=713673"}],"wp:term":[{"taxonomy":"product_brand","embeddable":true,"href":"https:\/\/roveyayinevi.com.tr\/index.php\/wp-json\/wp\/v2\/product_brand?post=713673"},{"taxonomy":"product_cat","embeddable":true,"href":"https:\/\/roveyayinevi.com.tr\/index.php\/wp-json\/wp\/v2\/product_cat?post=713673"},{"taxonomy":"product_tag","embeddable":true,"href":"https:\/\/roveyayinevi.com.tr\/index.php\/wp-json\/wp\/v2\/product_tag?post=713673"}],"curies":[{"name":"wp","href":"https:\/\/api.w.org\/{rel}","templated":true}]}}