{"id":713671,"date":"2025-08-27T17:09:57","date_gmt":"2025-08-27T14:09:57","guid":{"rendered":"https:\/\/roveyayinevi.com.tr\/index.php\/urun\/zorlanan-cocuklar-icin-ilkogretim-matematik-ogretimi\/"},"modified":"2026-04-07T02:29:34","modified_gmt":"2026-04-06T23:29:34","slug":"zorlanan-cocuklar-icin-ilkogretim-matematik-ogretimi","status":"publish","type":"product","link":"https:\/\/roveyayinevi.com.tr\/index.php\/urun\/zorlanan-cocuklar-icin-ilkogretim-matematik-ogretimi\/","title":{"rendered":"Zorlanan \u00c7ocuklar \u0130\u00e7in \u0130lk\u00f6\u011fretim Matematik \u00d6\u011fretimi"},"content":{"rendered":"<p>Matemati\u011fi \u00f6\u011frenmeye duyulan ihtiya\u00e7 \u00e7ok b\u00fcy\u00fck olup hayat boyu devam etmektedir. Di\u011fer taraftan, bir\u00e7ok \u00f6\u011frenci i\u00e7in matematik, \u00f6\u011frenilmesi zor bir aland\u0131r. Bu \u00f6\u011frencilerin \u00e7o\u011fu matematikte ya\u015fad\u0131klar\u0131 zorluklardan dolay\u0131 teknik dereceler almada g\u00fc\u00e7l\u00fck ya\u015famaktad\u0131rlar (Moore &amp; Shulock, 2010). Di\u011fer baz\u0131 \u00f6\u011frenciler ise, yeterli matematik anlay\u0131\u015f\u0131na sahip olmad\u0131klar\u0131ndan dolay\u0131 i\u015f imk\u00e2nlar\u0131n\u0131 ka\u00e7\u0131rmaktad\u0131rlar. Ayr\u0131ca bu \u00f6\u011frencilerin neredeyse tamam\u0131, ki\u015fisel finans planlamalar\u0131nda ve g\u00fcnl\u00fck hayatlar\u0131nda ihtiya\u00e7 duyduklar\u0131 matemati\u011fi kullanabilmek i\u00e7in alternatif yollar bulmak zorundad\u0131rlar. Matematikteki durumlar\u0131 ne olursa olsun, \u00f6\u011frenciler (1) \u015fimdi ve gelecekte, matemati\u011fin kendileri i\u00e7in \u00f6nemli oldu\u011funu anlamal\u0131 ve (2) alg\u0131lar\u0131ndaki anlama eksikli\u011finin veya matematikte ya\u015fad\u0131klar\u0131 a\u00e7\u0131k zorluklar\u0131n, finansal ve say\u0131sal ba\u011f\u0131ms\u0131zl\u0131\u011f\u0131 kazanmada kendilerini yava\u015flatmalar\u0131na izin vermemelidirler.<\/p>\n","protected":false},"excerpt":{"rendered":"<p>Matemati\u011fi \u00f6\u011frenmeye duyulan ihtiya\u00e7 \u00e7ok b\u00fcy\u00fck olup hayat boyu devam etmektedir. Di\u011fer taraftan, bir\u00e7ok \u00f6\u011frenci i\u00e7in matematik, \u00f6\u011frenilmesi zor bir aland\u0131r. Bu \u00f6\u011frencilerin \u00e7o\u011fu matematikte ya\u015fad\u0131klar\u0131<span class=\"excerpt-hellip\"> [\u2026]<\/span><\/p>\n","protected":false},"featured_media":0,"template":"","meta":{"_monsterinsights_skip_tracking":false,"_monsterinsights_sitenote_active":false,"_monsterinsights_sitenote_note":"","_monsterinsights_sitenote_category":0},"product_brand":[],"product_cat":[12567,12566],"product_tag":[],"class_list":{"0":"post-713671","1":"product","2":"type-product","3":"status-publish","5":"product_cat-diger-egitim","6":"product_cat-egitim","7":"pa_cilt-ciltsiz","8":"pa_tur-kitap","9":"pa_yayinevi-ani-yayincilik","10":"pa_yazar-bradley-s-witzel-mary-e-little","12":"first","13":"instock","14":"sale","15":"shipping-taxable","16":"purchasable","17":"product-type-simple"},"_links":{"self":[{"href":"https:\/\/roveyayinevi.com.tr\/index.php\/wp-json\/wp\/v2\/product\/713671","targetHints":{"allow":["GET"]}}],"collection":[{"href":"https:\/\/roveyayinevi.com.tr\/index.php\/wp-json\/wp\/v2\/product"}],"about":[{"href":"https:\/\/roveyayinevi.com.tr\/index.php\/wp-json\/wp\/v2\/types\/product"}],"wp:attachment":[{"href":"https:\/\/roveyayinevi.com.tr\/index.php\/wp-json\/wp\/v2\/media?parent=713671"}],"wp:term":[{"taxonomy":"product_brand","embeddable":true,"href":"https:\/\/roveyayinevi.com.tr\/index.php\/wp-json\/wp\/v2\/product_brand?post=713671"},{"taxonomy":"product_cat","embeddable":true,"href":"https:\/\/roveyayinevi.com.tr\/index.php\/wp-json\/wp\/v2\/product_cat?post=713671"},{"taxonomy":"product_tag","embeddable":true,"href":"https:\/\/roveyayinevi.com.tr\/index.php\/wp-json\/wp\/v2\/product_tag?post=713671"}],"curies":[{"name":"wp","href":"https:\/\/api.w.org\/{rel}","templated":true}]}}