{"id":713669,"date":"2025-08-27T17:09:56","date_gmt":"2025-08-27T14:09:56","guid":{"rendered":"https:\/\/roveyayinevi.com.tr\/index.php\/urun\/cesaret-turkler-bir-anlati\/"},"modified":"2026-04-16T02:22:17","modified_gmt":"2026-04-15T23:22:17","slug":"cesaret-turkler-bir-anlati","status":"publish","type":"product","link":"https:\/\/roveyayinevi.com.tr\/index.php\/urun\/cesaret-turkler-bir-anlati\/","title":{"rendered":"Cesaret &#8220;T\u00fcrkler&#8221; Bir Anlat\u0131"},"content":{"rendered":"<p>Osman Ata Ata\u00e7\u2019\u0131n anlat\u0131m\u0131 ile Cesaret, par\u00e7alanan bir imparatorlu\u011fun d\u00f6rt bir yan\u0131ndan Anadolu\u2019ya g\u00f6\u00e7en, s\u00fcrg\u00fcn edilen; yeni hayatlar\u0131n\u0131 kurmaya \u00e7al\u0131\u015f\u0131rken ge\u00e7mi\u015flerini de beraberinde ta\u015f\u0131yan insanlar\u0131n ger\u00e7ek ya\u015fam \u00f6yk\u00fclerini aktarmaktad\u0131r. Belleklerde ve foto\u011fraflarda kald\u0131\u011f\u0131 kadar\u0131yla, temel olaylar ve bu olaylar\u0131n kahramanlar\u0131 ger\u00e7ektir. Kitab\u0131n kahramanlar\u0131, \u00e7\u00f6ken bir imparatorlu\u011fun alt\u0131nda ezilip yok olmamak i\u00e7in inan\u0131lmaz bir m\u00fccadele veren, yepyeni bir vatanda yeni hayatlar\u0131n\u0131 kurmaya \u00e7al\u0131\u015f\u0131rken ge\u00e7mi\u015f ya\u015famlar\u0131n\u0131 da beraberlerinde ta\u015f\u0131yan insanlard\u0131r. Bug\u00fcn T\u00fcrkiye Cumhuriyeti\u2019nde ya\u015fayan insanlar\u0131n b\u00fcy\u00fcklerinin hik\u00e2yeleri cephede, yolda, a\u015fkta, arkada\u015fl\u0131kta, k\u0131sacas\u0131 ya\u015famda cesaret hik\u00e2yeleridir. <\/p>\n","protected":false},"excerpt":{"rendered":"<p>Osman Ata Ata\u00e7\u2019\u0131n anlat\u0131m\u0131 ile Cesaret, par\u00e7alanan bir imparatorlu\u011fun d\u00f6rt bir yan\u0131ndan Anadolu\u2019ya g\u00f6\u00e7en, s\u00fcrg\u00fcn edilen; yeni hayatlar\u0131n\u0131 kurmaya \u00e7al\u0131\u015f\u0131rken ge\u00e7mi\u015flerini de beraberinde ta\u015f\u0131yan insanlar\u0131n ger\u00e7ek<span class=\"excerpt-hellip\"> [\u2026]<\/span><\/p>\n","protected":false},"featured_media":0,"template":"","meta":{"_monsterinsights_skip_tracking":false,"_monsterinsights_sitenote_active":false,"_monsterinsights_sitenote_note":"","_monsterinsights_sitenote_category":0},"product_brand":[],"product_cat":[18545,12291],"product_tag":[],"class_list":{"0":"post-713669","1":"product","2":"type-product","3":"status-publish","5":"product_cat-anlati","6":"product_cat-edebiyat","7":"pa_cilt-ciltsiz","8":"pa_tur-kitap","9":"pa_yayinevi-efil-yayinevi","10":"pa_yazar-osman-ata-atac","12":"first","13":"instock","14":"sale","15":"shipping-taxable","16":"purchasable","17":"product-type-simple"},"_links":{"self":[{"href":"https:\/\/roveyayinevi.com.tr\/index.php\/wp-json\/wp\/v2\/product\/713669","targetHints":{"allow":["GET"]}}],"collection":[{"href":"https:\/\/roveyayinevi.com.tr\/index.php\/wp-json\/wp\/v2\/product"}],"about":[{"href":"https:\/\/roveyayinevi.com.tr\/index.php\/wp-json\/wp\/v2\/types\/product"}],"wp:attachment":[{"href":"https:\/\/roveyayinevi.com.tr\/index.php\/wp-json\/wp\/v2\/media?parent=713669"}],"wp:term":[{"taxonomy":"product_brand","embeddable":true,"href":"https:\/\/roveyayinevi.com.tr\/index.php\/wp-json\/wp\/v2\/product_brand?post=713669"},{"taxonomy":"product_cat","embeddable":true,"href":"https:\/\/roveyayinevi.com.tr\/index.php\/wp-json\/wp\/v2\/product_cat?post=713669"},{"taxonomy":"product_tag","embeddable":true,"href":"https:\/\/roveyayinevi.com.tr\/index.php\/wp-json\/wp\/v2\/product_tag?post=713669"}],"curies":[{"name":"wp","href":"https:\/\/api.w.org\/{rel}","templated":true}]}}