{"id":713667,"date":"2025-08-27T17:09:55","date_gmt":"2025-08-27T14:09:55","guid":{"rendered":"https:\/\/roveyayinevi.com.tr\/index.php\/urun\/yabanci-dil-olarak-turkce-ogretiminde-konusma-ve-yazma-kulup-calismalari\/"},"modified":"2026-04-16T02:22:17","modified_gmt":"2026-04-15T23:22:17","slug":"yabanci-dil-olarak-turkce-ogretiminde-konusma-ve-yazma-kulup-calismalari","status":"publish","type":"product","link":"https:\/\/roveyayinevi.com.tr\/index.php\/urun\/yabanci-dil-olarak-turkce-ogretiminde-konusma-ve-yazma-kulup-calismalari\/","title":{"rendered":"Yabanc\u0131 Dil Olarak T\u00fcrk\u00e7e \u00d6\u011fretiminde Konu\u015fma ve Yazma Kul\u00fcp \u00c7al\u0131\u015fmalar\u0131"},"content":{"rendered":"<p>Elinizdeki kitap, \u00f6\u011frenmekte oldu\u011funuz dili daha etkili ve yetkin kullanabilmeniz i\u00e7in sizlere yeni imk\u00e2nlar sunacak ve yeni bak\u0131\u015f a\u00e7\u0131lar\u0131 kazand\u0131racakt\u0131r. H\u00e2lihaz\u0131rda B2 ve C1 seviyeleri i\u00e7in haz\u0131rlanan bu kitaplar\u0131n \u00f6nu\u0308mu\u0308zdeki d\u00f6neme A1, A2 ve B1 seviyeleri i\u00e7in de haz\u0131rlanarak serinin tamamlanaca\u011f\u0131 mu\u0308jdesini \u015fimdiden vermek isteriz. Yabanc\u0131 dil \u00f6\u011fretimi okuma, dinleme, konu\u015fma ve yazma becerileri u\u0308zerine in\u015fa edilmektedir. S\u0131n\u0131f ortam\u0131nda konu\u015fma ve yazma becerilerinde zaman ve \u00e7e\u015fitli imk\u00e2ns\u0131zl\u0131klar sebebiyle kontrol mekanizmas\u0131 daha az i\u015fler. Bu yu\u0308zden \u00f6\u011frencilerin konu\u015fma ve yazma becerilerinin geli\u015fmesi i\u00e7in s\u0131n\u0131f ortam\u0131ndan uzak ve nispeten ders d\u0131\u015f\u0131 birtak\u0131m etkinliklere ihtiya\u00e7 vard\u0131r. Konu\u015fma ve yazma kulu\u0308pleri \u00f6\u011frencilerin bu ihtiya\u00e7lar\u0131na cevap verecek nitelikte haz\u0131rlanm\u0131\u015f ve elinizdeki kitap da bu amaca uygun tasarlanm\u0131\u015ft\u0131r. Konu\u015fma ve yazma becerilerinin geli\u015fmesine katk\u0131 sunaca\u011f\u0131na inand\u0131\u011f\u0131m\u0131z bu kitap, sekiz hafta konu\u015fma ve sekiz hafta yazma olmak u\u0308zere toplam on alt\u0131 haftal\u0131k bir kulu\u0308p etkinliklerini i\u00e7ermektedir. Her u\u0308nitede temel bir konudan hareketle yazma ve konu\u015fma becerisinin kazan\u0131mlar\u0131n\u0131 \u00f6l\u00e7en etkinlikler haz\u0131rlanm\u0131\u015ft\u0131r. S\u00f6z konusu etkinliklerin \u00f6\u011fretici rehberli\u011finde yap\u0131lmas\u0131 daha uygun olur fakat \u00f6\u011frenci merkezli ve \u00f6\u011frencinin aktif kat\u0131l\u0131m\u0131n\u0131n sa\u011fland\u0131\u011f\u0131 kulu\u0308p faaliyetleri hi\u00e7 \u015fu\u0308phe yok ki daha faydal\u0131 olacakt\u0131r . Kulu\u0308p faaliyetlerinde yapaca\u011f\u0131n\u0131z etkinlikler sizin kar\u015f\u0131l\u0131kl\u0131 ve ba\u011f\u0131ms\u0131z konu\u015fma becerinizi geli\u015ftirecek, ki\u015fisel kelime servetinizi zenginle\u015ftirecek ve hedef dilde okuyup anlama becerinizi peki\u015ftirecektir. Ayr\u0131ca kulu\u0308p faaliyetlerinin her etkinli\u011finde \u00f6\u011frenci, \u00f6\u011freticiden geri bildirim alma imk\u00e2n\u0131na da sahip olacakt\u0131r. <\/p>\n","protected":false},"excerpt":{"rendered":"<p>Elinizdeki kitap, \u00f6\u011frenmekte oldu\u011funuz dili daha etkili ve yetkin kullanabilmeniz i\u00e7in sizlere yeni imk\u00e2nlar sunacak ve yeni bak\u0131\u015f a\u00e7\u0131lar\u0131 kazand\u0131racakt\u0131r. H\u00e2lihaz\u0131rda B2 ve C1 seviyeleri i\u00e7in<span class=\"excerpt-hellip\"> [\u2026]<\/span><\/p>\n","protected":false},"featured_media":0,"template":"","meta":{"_monsterinsights_skip_tracking":false,"_monsterinsights_sitenote_active":false,"_monsterinsights_sitenote_note":"","_monsterinsights_sitenote_category":0},"product_brand":[],"product_cat":[14597,12566],"product_tag":[],"class_list":{"0":"post-713667","1":"product","2":"type-product","3":"status-publish","5":"product_cat-dil-ogrenimi","6":"product_cat-egitim","7":"pa_cilt-ciltsiz","8":"pa_tur-kitap","9":"pa_yayinevi-yade-yayinlari","10":"pa_yazar-halit-celik-ismail-alperen-bicer","12":"first","13":"instock","14":"sale","15":"shipping-taxable","16":"purchasable","17":"product-type-simple"},"_links":{"self":[{"href":"https:\/\/roveyayinevi.com.tr\/index.php\/wp-json\/wp\/v2\/product\/713667","targetHints":{"allow":["GET"]}}],"collection":[{"href":"https:\/\/roveyayinevi.com.tr\/index.php\/wp-json\/wp\/v2\/product"}],"about":[{"href":"https:\/\/roveyayinevi.com.tr\/index.php\/wp-json\/wp\/v2\/types\/product"}],"wp:attachment":[{"href":"https:\/\/roveyayinevi.com.tr\/index.php\/wp-json\/wp\/v2\/media?parent=713667"}],"wp:term":[{"taxonomy":"product_brand","embeddable":true,"href":"https:\/\/roveyayinevi.com.tr\/index.php\/wp-json\/wp\/v2\/product_brand?post=713667"},{"taxonomy":"product_cat","embeddable":true,"href":"https:\/\/roveyayinevi.com.tr\/index.php\/wp-json\/wp\/v2\/product_cat?post=713667"},{"taxonomy":"product_tag","embeddable":true,"href":"https:\/\/roveyayinevi.com.tr\/index.php\/wp-json\/wp\/v2\/product_tag?post=713667"}],"curies":[{"name":"wp","href":"https:\/\/api.w.org\/{rel}","templated":true}]}}