{"id":713663,"date":"2025-08-27T17:09:52","date_gmt":"2025-08-27T14:09:52","guid":{"rendered":"https:\/\/roveyayinevi.com.tr\/index.php\/urun\/ma-sekerdo-kardas-netmisiz-kardas-dersim-38-tanikliklari\/"},"modified":"2026-04-16T02:22:17","modified_gmt":"2026-04-15T23:22:17","slug":"ma-sekerdo-kardas-netmisiz-kardas-dersim-38-tanikliklari","status":"publish","type":"product","link":"https:\/\/roveyayinevi.com.tr\/index.php\/urun\/ma-sekerdo-kardas-netmisiz-kardas-dersim-38-tanikliklari\/","title":{"rendered":"Ma Sekerdo Karda\u015f? N\u2019etmi\u015fiz Karda\u015f? Dersim 38 Tan\u0131kl\u0131klar\u0131"},"content":{"rendered":"<p>\u201cGeride kalanlar\u0131, kad\u0131n ve \u00e7ocuklar\u0131 y\u00fck vagonlar\u0131na t\u0131k\u0131p bat\u0131ya s\u00fcrd\u00fcler. Nereye gittikleri, d\u00f6n\u00fcp d\u00f6nemeyecekleri belirsizdi. Erzincan\u2019da Karasu kenar\u0131nda, Il\u0131\u00e7\u2019ta F\u0131rat kenar\u0131nda beklediler. Belirsizlik i\u00e7inde korku dolu g\u00fcnlerdi. Neticede Divri\u011fi\u2019de isk\u00e2n masalar\u0131 kuruldu.\u0130sk\u00e2n memurlar\u0131 her bir aileden artakalanlar\u0131, Bal\u0131kesir, \u00c7anakkale, Eski\u015fehir vb. illerde bir k\u00f6ye verdiler. Penceresiz kara vagonlara t\u0131k\u0131l\u0131p g\u00f6nderildiler. Vard\u0131klar\u0131 yerde ilk g\u00fcnler yad\u0131rgayan bak\u0131\u015flar ile ge\u00e7ti. Sonra y\u0131llar ge\u00e7ti. 1947\u2019de bir af \u00e7\u0131kt\u0131, \u2018d\u00f6nebilirsiniz\u2019 dediler. D\u00f6nd\u00fcler. Yine a\u00e7 kald\u0131lar. Kolay olmad\u0131. Yeni do\u011fan \u00e7ocuklar bu hik\u00e2yenin i\u00e7ine do\u011fdular.\u201dDersim \u201938 hakk\u0131ndaki b\u00fcy\u00fck suskunluk birka\u00e7 y\u0131ld\u0131r \u00e7\u00f6z\u00fcld\u00fc, bu konuda epeyce yay\u0131n yap\u0131ld\u0131. Ma Sekerdo Karda\u015f\u2019\u0131n \u00f6zelli\u011fi, bu travmaya yak\u0131n g\u00f6zl\u00fc\u011f\u00fcyle bakmas\u0131d\u0131r. Surbahan k\u00f6y\u00fcn\u00fcn, \u00e7o\u011fu toplu olarak Z\u0131ni Gedi\u011fi\u2019ne g\u00f6m\u00fclm\u00fc\u015f kurbanlar\u0131ndan artakalanlar\u0131n hik\u00e2yesi.Evvelleri ve ahirleriyle.\u0130lhami Alg\u00f6r, \u201ckalanlar\u0131n\u201d haf\u0131zas\u0131yla konu\u015fuyor. 18. y\u00fczy\u0131ldan bug\u00fcne, hayat\u0131n, ailelerin, Rus i\u015fgalinin, Ermeni kom\u015fular\u0131n, k\u0131r\u0131m\u0131n, s\u00fcrg\u00fcn\u00fcn, d\u00f6n\u00fc\u015f\u00fcn, hat\u0131rlanan\u0131n ve hat\u0131rlanmak istenmeyenin hik\u00e2yesi. Haf\u0131zan\u0131n gedi\u011fine g\u00f6m\u00fclenleri, arkeolog \u015fefkatiyle, usulca kazan birkitap. <\/p>\n","protected":false},"excerpt":{"rendered":"<p>\u201cGeride kalanlar\u0131, kad\u0131n ve \u00e7ocuklar\u0131 y\u00fck vagonlar\u0131na t\u0131k\u0131p bat\u0131ya s\u00fcrd\u00fcler. Nereye gittikleri, d\u00f6n\u00fcp d\u00f6nemeyecekleri belirsizdi. Erzincan\u2019da Karasu kenar\u0131nda, Il\u0131\u00e7\u2019ta F\u0131rat kenar\u0131nda beklediler. Belirsizlik i\u00e7inde korku dolu<span class=\"excerpt-hellip\"> [\u2026]<\/span><\/p>\n","protected":false},"featured_media":0,"template":"","meta":{"_monsterinsights_skip_tracking":false,"_monsterinsights_sitenote_active":false,"_monsterinsights_sitenote_note":"","_monsterinsights_sitenote_category":0},"product_brand":[],"product_cat":[12291,12711],"product_tag":[],"class_list":{"0":"post-713663","1":"product","2":"type-product","3":"status-publish","5":"product_cat-edebiyat","6":"product_cat-roman-oyku","7":"pa_cilt-ciltsiz","8":"pa_tur-kitap","9":"pa_yayinevi-iletisim-yayinlari","10":"pa_yazar-ilhami-algor","12":"first","13":"instock","14":"sale","15":"shipping-taxable","16":"purchasable","17":"product-type-simple"},"_links":{"self":[{"href":"https:\/\/roveyayinevi.com.tr\/index.php\/wp-json\/wp\/v2\/product\/713663","targetHints":{"allow":["GET"]}}],"collection":[{"href":"https:\/\/roveyayinevi.com.tr\/index.php\/wp-json\/wp\/v2\/product"}],"about":[{"href":"https:\/\/roveyayinevi.com.tr\/index.php\/wp-json\/wp\/v2\/types\/product"}],"wp:attachment":[{"href":"https:\/\/roveyayinevi.com.tr\/index.php\/wp-json\/wp\/v2\/media?parent=713663"}],"wp:term":[{"taxonomy":"product_brand","embeddable":true,"href":"https:\/\/roveyayinevi.com.tr\/index.php\/wp-json\/wp\/v2\/product_brand?post=713663"},{"taxonomy":"product_cat","embeddable":true,"href":"https:\/\/roveyayinevi.com.tr\/index.php\/wp-json\/wp\/v2\/product_cat?post=713663"},{"taxonomy":"product_tag","embeddable":true,"href":"https:\/\/roveyayinevi.com.tr\/index.php\/wp-json\/wp\/v2\/product_tag?post=713663"}],"curies":[{"name":"wp","href":"https:\/\/api.w.org\/{rel}","templated":true}]}}