{"id":713662,"date":"2025-08-27T17:09:51","date_gmt":"2025-08-27T14:09:51","guid":{"rendered":"https:\/\/roveyayinevi.com.tr\/index.php\/urun\/cumbuscu-karincalar\/"},"modified":"2026-02-03T02:35:38","modified_gmt":"2026-02-02T23:35:38","slug":"cumbuscu-karincalar","status":"publish","type":"product","link":"https:\/\/roveyayinevi.com.tr\/index.php\/urun\/cumbuscu-karincalar\/","title":{"rendered":"C\u00fcmb\u00fc\u015f\u00e7\u00fc Kar\u0131ncalar"},"content":{"rendered":"<p>\u201cTezg\u00e2h, sadece yolcular\u0131 de\u011fil, geleni ge\u00e7eni kar\u015f\u0131l\u0131yordu. Gezineni, kom\u015fu esnaf\u0131, i\u015f\u00e7iyi, i\u015fsizi, g\u00fc\u00e7s\u00fcz\u00fc; herkesi. Azucena, i\u00e7 sesini h\u0131zla yitiren mahallenin gurur kayna\u011f\u0131 olmu\u015ftu. Bu y\u00fczden kimse dokunmuyordu soluk kald\u0131r\u0131m\u0131n \u00fcst\u00fcne konan bu tuhaf ama g\u00fczel \u00e7i\u00e7e\u011fe. \u00dcstelik bu da\u011f\u0131t\u0131m noktas\u0131nda para al\u0131\u015fveri\u015fi olmad\u0131\u011f\u0131 i\u00e7in mali kontrol tehlikesi de yoktu. Paranoyak grubunun korktu\u011fu \u015fey ba\u015fkayd\u0131. Tezg\u00e2h\u0131n i\u015flevi sadece meyve sebze sepetlerini sahiplerine da\u011f\u0131tmak de\u011fildi \u00e7\u00fcnk\u00fc.\u201dYollar\u0131n, dehlizlerin, masallar\u0131n, mavilerin garip ve divane hik\u00e2yeleri&#8230;A\u011fa\u00e7lar\u0131n dili, ka\u00e7ak a\u015fklar ve tatl\u0131 g\u00fcl\u00fc\u015fler. P\u0131nar Selek, d\u00fcnyayla sava\u015f\u0131, yediveren bencillikle u\u011fra\u015f\u0131 anlat\u0131yor. Toprakla, tohumla, \u015fiirle, vicdanla, payla\u015farak, tekere \u00e7omak, ana yollarda, ara yollarda&#8230;Mafyaya, \u0131rk\u00e7\u0131lara, \u00e7okuluslu \u015firketlere kar\u015f\u0131; kar\u0131ncalar misali usul usul, ince ince \u00e7al\u0131\u015farak. Direnen ve meydan okuyan&#8230;C\u00fcmb\u00fc\u015f\u00e7\u00fc Kar\u0131ncalar g\u00f6\u00e7lerle, s\u00fcrg\u00fcnlerle ba\u015fkala\u015fan bir Avrupa kentindeki yery\u00fcz\u00fc kar\u0131ncalar\u0131n\u0131n roman\u0131; umudu ve mutlulu\u011fu pay etme kavgas\u0131. <\/p>\n","protected":false},"excerpt":{"rendered":"<p>\u201cTezg\u00e2h, sadece yolcular\u0131 de\u011fil, geleni ge\u00e7eni kar\u015f\u0131l\u0131yordu. Gezineni, kom\u015fu esnaf\u0131, i\u015f\u00e7iyi, i\u015fsizi, g\u00fc\u00e7s\u00fcz\u00fc; herkesi. Azucena, i\u00e7 sesini h\u0131zla yitiren mahallenin gurur kayna\u011f\u0131 olmu\u015ftu. Bu y\u00fczden kimse<span class=\"excerpt-hellip\"> [\u2026]<\/span><\/p>\n","protected":false},"featured_media":0,"template":"","meta":{"_monsterinsights_skip_tracking":false,"_monsterinsights_sitenote_active":false,"_monsterinsights_sitenote_note":"","_monsterinsights_sitenote_category":0},"product_brand":[],"product_cat":[12291,12711],"product_tag":[],"class_list":{"0":"post-713662","1":"product","2":"type-product","3":"status-publish","5":"product_cat-edebiyat","6":"product_cat-roman-oyku","7":"pa_cilt-ciltsiz","8":"pa_tur-kitap","9":"pa_yayinevi-iletisim-yayinlari","10":"pa_yazar-pinar-selek","12":"first","13":"instock","14":"sale","15":"shipping-taxable","16":"purchasable","17":"product-type-simple"},"_links":{"self":[{"href":"https:\/\/roveyayinevi.com.tr\/index.php\/wp-json\/wp\/v2\/product\/713662","targetHints":{"allow":["GET"]}}],"collection":[{"href":"https:\/\/roveyayinevi.com.tr\/index.php\/wp-json\/wp\/v2\/product"}],"about":[{"href":"https:\/\/roveyayinevi.com.tr\/index.php\/wp-json\/wp\/v2\/types\/product"}],"wp:attachment":[{"href":"https:\/\/roveyayinevi.com.tr\/index.php\/wp-json\/wp\/v2\/media?parent=713662"}],"wp:term":[{"taxonomy":"product_brand","embeddable":true,"href":"https:\/\/roveyayinevi.com.tr\/index.php\/wp-json\/wp\/v2\/product_brand?post=713662"},{"taxonomy":"product_cat","embeddable":true,"href":"https:\/\/roveyayinevi.com.tr\/index.php\/wp-json\/wp\/v2\/product_cat?post=713662"},{"taxonomy":"product_tag","embeddable":true,"href":"https:\/\/roveyayinevi.com.tr\/index.php\/wp-json\/wp\/v2\/product_tag?post=713662"}],"curies":[{"name":"wp","href":"https:\/\/api.w.org\/{rel}","templated":true}]}}