{"id":713661,"date":"2025-08-27T17:09:50","date_gmt":"2025-08-27T14:09:50","guid":{"rendered":"https:\/\/roveyayinevi.com.tr\/index.php\/urun\/nuktedanlardan-bi-dolu-fikra\/"},"modified":"2026-04-16T02:22:17","modified_gmt":"2026-04-15T23:22:17","slug":"nuktedanlardan-bi-dolu-fikra","status":"publish","type":"product","link":"https:\/\/roveyayinevi.com.tr\/index.php\/urun\/nuktedanlardan-bi-dolu-fikra\/","title":{"rendered":"N\u00fcktedanlardan Bi Dolu F\u0131kra"},"content":{"rendered":"<p>B\u0130Z \u0130K\u0130S\u0130N\u0130 DE HO\u015eG\u00d6RENLERDEN\u0130Z Bekta\u015fi\u2019ye sormu\u015flar: -Ramazan\u0131 m\u0131 seversin, bayram\u0131 m\u0131? Bekta\u015fi: -Biz ikisini de ho\u015f g\u00f6renlerdeniz! Ne Ramazan geldi diye d\u00fc\u015f\u00fcn\u00fcr\u00fcz, ne de bayram geldi diye seviniriz. <\/p>\n","protected":false},"excerpt":{"rendered":"<p>B\u0130Z \u0130K\u0130S\u0130N\u0130 DE HO\u015eG\u00d6RENLERDEN\u0130Z Bekta\u015fi\u2019ye sormu\u015flar: -Ramazan\u0131 m\u0131 seversin, bayram\u0131 m\u0131? Bekta\u015fi: -Biz ikisini de ho\u015f g\u00f6renlerdeniz! Ne Ramazan geldi diye d\u00fc\u015f\u00fcn\u00fcr\u00fcz, ne de bayram geldi<span class=\"excerpt-hellip\"> [\u2026]<\/span><\/p>\n","protected":false},"featured_media":0,"template":"","meta":{"_monsterinsights_skip_tracking":false,"_monsterinsights_sitenote_active":false,"_monsterinsights_sitenote_note":"","_monsterinsights_sitenote_category":0},"product_brand":[],"product_cat":[12291,14825],"product_tag":[],"class_list":{"0":"post-713661","1":"product","2":"type-product","3":"status-publish","5":"product_cat-edebiyat","6":"product_cat-mizah","7":"pa_cilt-ciltsiz","8":"pa_tur-kitap","9":"pa_yayinevi-fark-yayinlari","10":"pa_yazar-mahsuni-farimaz","12":"first","13":"instock","14":"sale","15":"shipping-taxable","16":"purchasable","17":"product-type-simple"},"_links":{"self":[{"href":"https:\/\/roveyayinevi.com.tr\/index.php\/wp-json\/wp\/v2\/product\/713661","targetHints":{"allow":["GET"]}}],"collection":[{"href":"https:\/\/roveyayinevi.com.tr\/index.php\/wp-json\/wp\/v2\/product"}],"about":[{"href":"https:\/\/roveyayinevi.com.tr\/index.php\/wp-json\/wp\/v2\/types\/product"}],"wp:attachment":[{"href":"https:\/\/roveyayinevi.com.tr\/index.php\/wp-json\/wp\/v2\/media?parent=713661"}],"wp:term":[{"taxonomy":"product_brand","embeddable":true,"href":"https:\/\/roveyayinevi.com.tr\/index.php\/wp-json\/wp\/v2\/product_brand?post=713661"},{"taxonomy":"product_cat","embeddable":true,"href":"https:\/\/roveyayinevi.com.tr\/index.php\/wp-json\/wp\/v2\/product_cat?post=713661"},{"taxonomy":"product_tag","embeddable":true,"href":"https:\/\/roveyayinevi.com.tr\/index.php\/wp-json\/wp\/v2\/product_tag?post=713661"}],"curies":[{"name":"wp","href":"https:\/\/api.w.org\/{rel}","templated":true}]}}