{"id":713658,"date":"2025-08-27T17:09:48","date_gmt":"2025-08-27T14:09:48","guid":{"rendered":"https:\/\/roveyayinevi.com.tr\/index.php\/urun\/kandan-ve-kemikten-cocuklar\/"},"modified":"2026-04-16T02:22:17","modified_gmt":"2026-04-15T23:22:17","slug":"kandan-ve-kemikten-cocuklar","status":"publish","type":"product","link":"https:\/\/roveyayinevi.com.tr\/index.php\/urun\/kandan-ve-kemikten-cocuklar\/","title":{"rendered":"Kandan ve Kemikten \u00c7ocuklar"},"content":{"rendered":"<p>Zelie mutlu g\u00fcnlerini \u00f6zl\u00fcyor. Annesinin yan\u0131nda oldu\u011fu, b\u00fcy\u00fcn\u00fcn t\u00fcm Ori\u015fa\u2019da \u00f6zg\u00fcrce dola\u015fabildi\u011fi g\u00fcnleri. \u00c7\u00fcnk\u00fc zalim bir kral hem annesini hem b\u00fcy\u00fcy\u00fc yok etti. Majilerin i\u00e7inden b\u00fcy\u00fcy\u00fc s\u00f6k\u00fcp ald\u0131. Herkesi yaln\u0131zca kendi isteklerini yerine getirmeye mahk\u00fbm etti. Ama buraya kadar! Art\u0131k Zelie\u2019nin s\u0131ras\u0131. \u015eimdi b\u00fc- y\u00fcy\u00fc geri getirme, Ori\u015fa\u2019y\u0131 eski g\u00fcnlerine d\u00f6nd\u00fcrme \u015fans\u0131 var. Yolda ba\u015f\u0131na ne gelirse gelsin, her ne pahas\u0131na olursa olsun bu yolda ilerlemeli. Annesinin intikam\u0131n\u0131 almal\u0131. Ama a\u011fabeyi ve davetsiz misafirleriyle \u00e7\u0131kt\u0131\u011f\u0131 bu yol sand\u0131\u011f\u0131 kadar kolay de\u011fil. \u00d6l\u00fcm ve korku salan muhaf\u0131zlar her yerde. Sularda intikam dolu ruhlar bekliyor. \u00dcstelik Zelie yeni yeni hissetmeye ba\u015flad\u0131\u011f\u0131 g\u00fc\u00e7lerini kontrol etmekte zorlan\u0131yor. Sadece g\u00fc\u00e7leri mi? Ya duygular\u0131? Hem de en olmad\u0131k yer ve zamanda\u2026 Tomi Adeyemi\u2019den yay\u0131mland\u0131\u011f\u0131 ilk g\u00fcnden beri t\u00fcm d\u00fcnyada ad\u0131ndan s\u00f6z ettiren, haftalard\u0131r \u00e7ok satanlar listelerinden d\u00fc\u015fmeyen, muhte\u015fem bir roman: Kandan ve Kemikten \u00c7ocuklar! <\/p>\n","protected":false},"excerpt":{"rendered":"<p>Zelie mutlu g\u00fcnlerini \u00f6zl\u00fcyor. Annesinin yan\u0131nda oldu\u011fu, b\u00fcy\u00fcn\u00fcn t\u00fcm Ori\u015fa\u2019da \u00f6zg\u00fcrce dola\u015fabildi\u011fi g\u00fcnleri. \u00c7\u00fcnk\u00fc zalim bir kral hem annesini hem b\u00fcy\u00fcy\u00fc yok etti. Majilerin i\u00e7inden b\u00fcy\u00fcy\u00fc<span class=\"excerpt-hellip\"> [\u2026]<\/span><\/p>\n","protected":false},"featured_media":0,"template":"","meta":{"_monsterinsights_skip_tracking":false,"_monsterinsights_sitenote_active":false,"_monsterinsights_sitenote_note":"","_monsterinsights_sitenote_category":0},"product_brand":[],"product_cat":[12291,12711],"product_tag":[],"class_list":{"0":"post-713658","1":"product","2":"type-product","3":"status-publish","5":"product_cat-edebiyat","6":"product_cat-roman-oyku","7":"pa_cilt-ciltsiz","8":"pa_tur-kitap","9":"pa_yayinevi-hep-kitap","10":"pa_yazar-tomi-adeyemi","12":"first","13":"instock","14":"sale","15":"shipping-taxable","16":"purchasable","17":"product-type-simple"},"_links":{"self":[{"href":"https:\/\/roveyayinevi.com.tr\/index.php\/wp-json\/wp\/v2\/product\/713658","targetHints":{"allow":["GET"]}}],"collection":[{"href":"https:\/\/roveyayinevi.com.tr\/index.php\/wp-json\/wp\/v2\/product"}],"about":[{"href":"https:\/\/roveyayinevi.com.tr\/index.php\/wp-json\/wp\/v2\/types\/product"}],"wp:attachment":[{"href":"https:\/\/roveyayinevi.com.tr\/index.php\/wp-json\/wp\/v2\/media?parent=713658"}],"wp:term":[{"taxonomy":"product_brand","embeddable":true,"href":"https:\/\/roveyayinevi.com.tr\/index.php\/wp-json\/wp\/v2\/product_brand?post=713658"},{"taxonomy":"product_cat","embeddable":true,"href":"https:\/\/roveyayinevi.com.tr\/index.php\/wp-json\/wp\/v2\/product_cat?post=713658"},{"taxonomy":"product_tag","embeddable":true,"href":"https:\/\/roveyayinevi.com.tr\/index.php\/wp-json\/wp\/v2\/product_tag?post=713658"}],"curies":[{"name":"wp","href":"https:\/\/api.w.org\/{rel}","templated":true}]}}