{"id":713656,"date":"2025-08-27T17:09:47","date_gmt":"2025-08-27T14:09:47","guid":{"rendered":"https:\/\/roveyayinevi.com.tr\/index.php\/urun\/hissedilen-zaman-zamani-nasil-deneyimleriz\/"},"modified":"2026-03-24T02:26:05","modified_gmt":"2026-03-23T23:26:05","slug":"hissedilen-zaman-zamani-nasil-deneyimleriz","status":"publish","type":"product","link":"https:\/\/roveyayinevi.com.tr\/index.php\/urun\/hissedilen-zaman-zamani-nasil-deneyimleriz\/","title":{"rendered":"Hissedilen Zaman &#8211; Zaman\u0131 Nas\u0131l Deneyimleriz?"},"content":{"rendered":"<p>Zaman hepimizin hayat\u0131n\u0131n \u00e7ok \u00f6nemli bir par\u00e7as\u0131: \u00d6zellikle sanayile\u015fmi\u015f toplumlarda her \u015feyi \u00f6nceden belirlenmi\u015f zaman dilimleri i\u00e7inde yap\u0131yor, s\u00fcrekli zamana kar\u015f\u0131 yar\u0131\u015f\u0131yoruz. \u201cZaman\u0131m yok,\u201d diyoruz, \u201cbir vakit bulabilsem!\u201d B\u00fct\u00fcn bu ko\u015fu\u015fturmaca i\u00e7inde, bizi her daim sar\u0131p sarmalayan zaman\u0131 nas\u0131l alg\u0131lad\u0131\u011f\u0131m\u0131z\u0131 d\u00fc\u015f\u00fcnmeye de pek vakit bulam\u0131yoruz do\u011fal olarak. Hissedilen Zaman\u2019da Marc Wittmann i\u015fte bu bo\u015flu\u011fu doldurmay\u0131, zaman\u0131 nas\u0131l deneyimledi\u011fimizi incelikli deneyler ve ilgin\u00e7 bulgular e\u015fli\u011finde a\u00e7\u0131klamay\u0131 hedefliyor. Kitapta \u015fu ve benzeri sorular ele al\u0131n\u0131yor: \u00d6znel zaman nedir? Zaman duygumuz nas\u0131l olu\u015fur? Zaman neden bazen yava\u015f bazen de h\u0131zl\u0131 ge\u00e7iyormu\u015f gibi gelir? Hayat\u0131n \u00e7e\u015fitli evrelerinde zaman alg\u0131m\u0131z nas\u0131l de\u011fi\u015fir? Neden baz\u0131 insanlar beklemeyi becerebilirken baz\u0131lar\u0131 sab\u0131rs\u0131zd\u0131r? \u201cZaman miyobu\u201d nedir? \u0130\u00e7sel saatimiz nas\u0131l i\u015fler? Duygular ve beden ritmi zaman alg\u0131m\u0131z\u0131 nas\u0131l etkiler? Zaman konusuna sadece bilimsel a\u00e7\u0131dan de\u011fil, psikolojik a\u00e7\u0131dan da yakla\u015fan Wittmann, okurlara biraz yava\u015flay\u0131p hayat\u0131 daha sakin bir \u015fekilde, mevcut \u00e2n\u0131n fark\u0131na vararak ya\u015faman\u0131n, b\u00f6ylece daha tatmink\u00e2r bir hayata ula\u015fman\u0131n ipu\u00e7lar\u0131n\u0131 da sunuyor. <\/p>\n","protected":false},"excerpt":{"rendered":"<p>Zaman hepimizin hayat\u0131n\u0131n \u00e7ok \u00f6nemli bir par\u00e7as\u0131: \u00d6zellikle sanayile\u015fmi\u015f toplumlarda her \u015feyi \u00f6nceden belirlenmi\u015f zaman dilimleri i\u00e7inde yap\u0131yor, s\u00fcrekli zamana kar\u015f\u0131 yar\u0131\u015f\u0131yoruz. \u201cZaman\u0131m yok,\u201d diyoruz, \u201cbir<span class=\"excerpt-hellip\"> [\u2026]<\/span><\/p>\n","protected":false},"featured_media":0,"template":"","meta":{"_monsterinsights_skip_tracking":false,"_monsterinsights_sitenote_active":false,"_monsterinsights_sitenote_note":"","_monsterinsights_sitenote_category":0},"product_brand":[],"product_cat":[13005,13006],"product_tag":[],"class_list":{"0":"post-713656","1":"product","2":"type-product","3":"status-publish","5":"product_cat-bilim-muhendislik","6":"product_cat-populer-bilim","7":"pa_cilt-ciltsiz","8":"pa_tur-kitap","9":"pa_yayinevi-metis-yayinlari","10":"pa_yazar-marc-wittmann","12":"first","13":"instock","14":"sale","15":"shipping-taxable","16":"purchasable","17":"product-type-simple"},"_links":{"self":[{"href":"https:\/\/roveyayinevi.com.tr\/index.php\/wp-json\/wp\/v2\/product\/713656","targetHints":{"allow":["GET"]}}],"collection":[{"href":"https:\/\/roveyayinevi.com.tr\/index.php\/wp-json\/wp\/v2\/product"}],"about":[{"href":"https:\/\/roveyayinevi.com.tr\/index.php\/wp-json\/wp\/v2\/types\/product"}],"wp:attachment":[{"href":"https:\/\/roveyayinevi.com.tr\/index.php\/wp-json\/wp\/v2\/media?parent=713656"}],"wp:term":[{"taxonomy":"product_brand","embeddable":true,"href":"https:\/\/roveyayinevi.com.tr\/index.php\/wp-json\/wp\/v2\/product_brand?post=713656"},{"taxonomy":"product_cat","embeddable":true,"href":"https:\/\/roveyayinevi.com.tr\/index.php\/wp-json\/wp\/v2\/product_cat?post=713656"},{"taxonomy":"product_tag","embeddable":true,"href":"https:\/\/roveyayinevi.com.tr\/index.php\/wp-json\/wp\/v2\/product_tag?post=713656"}],"curies":[{"name":"wp","href":"https:\/\/api.w.org\/{rel}","templated":true}]}}