{"id":713651,"date":"2025-08-27T17:09:43","date_gmt":"2025-08-27T14:09:43","guid":{"rendered":"https:\/\/roveyayinevi.com.tr\/index.php\/urun\/cek-duzenle-paylas\/"},"modified":"2026-04-16T02:22:17","modified_gmt":"2026-04-15T23:22:17","slug":"cek-duzenle-paylas","status":"publish","type":"product","link":"https:\/\/roveyayinevi.com.tr\/index.php\/urun\/cek-duzenle-paylas\/","title":{"rendered":"\u00c7ek D\u00fczenle Payla\u015f"},"content":{"rendered":"<p>Cep telefonu kameran\u0131z\u0131 kullan\u0131n, e\u011flenin; foto\u011fraf\u00e7\u0131l\u0131\u011f\u0131n\u0131z\u0131 geli\u015ftirin, \u00e7ektiklerinizi Instagram ve Facebook\u2019ta payla\u015f\u0131n. Ak\u0131ll\u0131 telefonlar k\u00fc\u00e7\u00fck boyutlar\u0131, her an yan\u0131m\u0131zda bulunmalar\u0131 ve sens\u00f6r kaliteleriyle foto\u011fraf d\u00fcnyas\u0131nda oyunun kurallar\u0131n\u0131 de\u011fi\u015ftirdi. S\u00fcratli ve basit \u00e7al\u0131\u015f\u0131yor, g\u00fczel foto\u011fraflar \u00e7ekiyor, uygulamalar arac\u0131l\u0131\u011f\u0131yla foto\u011fraflar\u0131 ba\u015fka boyutlara ta\u015f\u0131yabiliyor, Facebook, Flickr, Instagram ve Tumblr gibi sosyal a\u011flar\u0131n arac\u0131l\u0131\u011f\u0131yla y\u00fcz binlere ula\u015fma imk\u00e2n\u0131 sa\u011fl\u0131yorlar. Bu kitap, cep telefonu kameran\u0131z\u0131 daha verimli kullanman\u0131za ve onunla ya\u015fam\u0131n\u0131z\u0131n en g\u00fczel foto\u011fraflar\u0131n\u0131 \u00e7ekmenize yard\u0131mc\u0131 olmay\u0131 ama\u00e7l\u0131yor. Daha ileri gitmek isteyenler olursa, onlara da uygulamalar arac\u0131l\u0131\u011f\u0131yla \u201cmobil sanat\u201d\u0131n kap\u0131lar\u0131n\u0131 aral\u0131yor. Yazar, iPhone kameras\u0131n\u0131 temel alm\u0131\u015f olsa da ele ald\u0131\u011f\u0131 \u00f6zelliklerin \u00e7o\u011fu t\u00fcm cep telefonlar\u0131nda ortakt\u0131r. Bu y\u00fczden, iPhone telefonu olmayanlar da bu kitaptan rahatl\u0131kla faydalanabilir. <\/p>\n","protected":false},"excerpt":{"rendered":"<p>Cep telefonu kameran\u0131z\u0131 kullan\u0131n, e\u011flenin; foto\u011fraf\u00e7\u0131l\u0131\u011f\u0131n\u0131z\u0131 geli\u015ftirin, \u00e7ektiklerinizi Instagram ve Facebook\u2019ta payla\u015f\u0131n. Ak\u0131ll\u0131 telefonlar k\u00fc\u00e7\u00fck boyutlar\u0131, her an yan\u0131m\u0131zda bulunmalar\u0131 ve sens\u00f6r kaliteleriyle foto\u011fraf d\u00fcnyas\u0131nda oyunun<span class=\"excerpt-hellip\"> [\u2026]<\/span><\/p>\n","protected":false},"featured_media":0,"template":"","meta":{"_monsterinsights_skip_tracking":false,"_monsterinsights_sitenote_active":false,"_monsterinsights_sitenote_note":"","_monsterinsights_sitenote_category":0},"product_brand":[],"product_cat":[12409,12408],"product_tag":[],"class_list":{"0":"post-713651","1":"product","2":"type-product","3":"status-publish","5":"product_cat-fotograf-sinema-tiyatro","6":"product_cat-sanat","7":"pa_cilt-ciltsiz","8":"pa_tur-kitap","9":"pa_yayinevi-remzi-kitabevi","10":"pa_yazar-mehmet-omur","12":"first","13":"instock","14":"sale","15":"shipping-taxable","16":"purchasable","17":"product-type-simple"},"_links":{"self":[{"href":"https:\/\/roveyayinevi.com.tr\/index.php\/wp-json\/wp\/v2\/product\/713651","targetHints":{"allow":["GET"]}}],"collection":[{"href":"https:\/\/roveyayinevi.com.tr\/index.php\/wp-json\/wp\/v2\/product"}],"about":[{"href":"https:\/\/roveyayinevi.com.tr\/index.php\/wp-json\/wp\/v2\/types\/product"}],"wp:attachment":[{"href":"https:\/\/roveyayinevi.com.tr\/index.php\/wp-json\/wp\/v2\/media?parent=713651"}],"wp:term":[{"taxonomy":"product_brand","embeddable":true,"href":"https:\/\/roveyayinevi.com.tr\/index.php\/wp-json\/wp\/v2\/product_brand?post=713651"},{"taxonomy":"product_cat","embeddable":true,"href":"https:\/\/roveyayinevi.com.tr\/index.php\/wp-json\/wp\/v2\/product_cat?post=713651"},{"taxonomy":"product_tag","embeddable":true,"href":"https:\/\/roveyayinevi.com.tr\/index.php\/wp-json\/wp\/v2\/product_tag?post=713651"}],"curies":[{"name":"wp","href":"https:\/\/api.w.org\/{rel}","templated":true}]}}