{"id":713650,"date":"2025-08-27T17:09:43","date_gmt":"2025-08-27T14:09:43","guid":{"rendered":"https:\/\/roveyayinevi.com.tr\/index.php\/urun\/hamilelik-dogum\/"},"modified":"2026-04-16T02:22:17","modified_gmt":"2026-04-15T23:22:17","slug":"hamilelik-dogum","status":"publish","type":"product","link":"https:\/\/roveyayinevi.com.tr\/index.php\/urun\/hamilelik-dogum\/","title":{"rendered":"Hamilelik &amp; Do\u011fum"},"content":{"rendered":"<p>Tebrikler hamilesiniz\u2026 Hayat hi\u00e7 bu kadar anlaml\u0131, hi\u00e7 bu kadar s\u00fcrprizlerle ve sorularla dolu olmam\u0131\u015ft\u0131 sizin i\u00e7in. K\u0131sac\u0131k gibi g\u00f6r\u00fcnen,  e\u015fsiz ve unutulmaz bu s\u00fcrecin her ne kadar acemisi gibi hissetseniz de asl\u0131nda bir k\u0131z \u00e7ocu\u011fu olarak d\u00fcnyaya geldi\u011finizden beri bedeniniz anne olmaya haz\u0131rlad\u0131 kendini. Kad\u0131n Hastal\u0131klar\u0131 ve Do\u011fum Uzman\u0131 Op. Dr. Banu \u00c7ift\u00e7i\u2019nin  hi\u00e7bir detay\u0131 atlamadan kaleme ald\u0131\u011f\u0131 HAM\u0130LEL\u0130K &amp; DO\u011eUM,  ya\u015fayaca\u011f\u0131n\u0131z bu e\u015fsiz deneyiminiz boyunca bebe\u011finizin geli\u015fim evrelerinden beslenmeye, d\u00fczenli egzersizlerden g\u00fczellik, bak\u0131m ve estetik uygulamalara, doktor kontrollerinden endi\u015fe y\u00f6netimine kadar \u00e7ok y\u00f6nl\u00fc, geni\u015f bir alanda size rehberlik edecek. <\/p>\n","protected":false},"excerpt":{"rendered":"<p>Tebrikler hamilesiniz\u2026 Hayat hi\u00e7 bu kadar anlaml\u0131, hi\u00e7 bu kadar s\u00fcrprizlerle ve sorularla dolu olmam\u0131\u015ft\u0131 sizin i\u00e7in. K\u0131sac\u0131k gibi g\u00f6r\u00fcnen, e\u015fsiz ve unutulmaz bu s\u00fcrecin her<span class=\"excerpt-hellip\"> [\u2026]<\/span><\/p>\n","protected":false},"featured_media":0,"template":"","meta":{"_monsterinsights_skip_tracking":false,"_monsterinsights_sitenote_active":false,"_monsterinsights_sitenote_note":"","_monsterinsights_sitenote_category":0},"product_brand":[],"product_cat":[14902,13365],"product_tag":[],"class_list":{"0":"post-713650","1":"product","2":"type-product","3":"status-publish","5":"product_cat-annelik-ve-cocuk-bakimi","6":"product_cat-saglik","7":"pa_cilt-ciltsiz","8":"pa_tur-kitap","9":"pa_yayinevi-destek-yayinlari","10":"pa_yazar-banu-ciftci","12":"first","13":"instock","14":"sale","15":"shipping-taxable","16":"purchasable","17":"product-type-simple"},"_links":{"self":[{"href":"https:\/\/roveyayinevi.com.tr\/index.php\/wp-json\/wp\/v2\/product\/713650","targetHints":{"allow":["GET"]}}],"collection":[{"href":"https:\/\/roveyayinevi.com.tr\/index.php\/wp-json\/wp\/v2\/product"}],"about":[{"href":"https:\/\/roveyayinevi.com.tr\/index.php\/wp-json\/wp\/v2\/types\/product"}],"wp:attachment":[{"href":"https:\/\/roveyayinevi.com.tr\/index.php\/wp-json\/wp\/v2\/media?parent=713650"}],"wp:term":[{"taxonomy":"product_brand","embeddable":true,"href":"https:\/\/roveyayinevi.com.tr\/index.php\/wp-json\/wp\/v2\/product_brand?post=713650"},{"taxonomy":"product_cat","embeddable":true,"href":"https:\/\/roveyayinevi.com.tr\/index.php\/wp-json\/wp\/v2\/product_cat?post=713650"},{"taxonomy":"product_tag","embeddable":true,"href":"https:\/\/roveyayinevi.com.tr\/index.php\/wp-json\/wp\/v2\/product_tag?post=713650"}],"curies":[{"name":"wp","href":"https:\/\/api.w.org\/{rel}","templated":true}]}}