{"id":713649,"date":"2025-08-27T17:09:42","date_gmt":"2025-08-27T14:09:42","guid":{"rendered":"https:\/\/roveyayinevi.com.tr\/index.php\/urun\/his-cehennem-cicegi\/"},"modified":"2025-11-13T04:42:08","modified_gmt":"2025-11-13T01:42:08","slug":"his-cehennem-cicegi","status":"publish","type":"product","link":"https:\/\/roveyayinevi.com.tr\/index.php\/urun\/his-cehennem-cicegi\/","title":{"rendered":"His: Cehennem \u00c7i\u00e7e\u011fi"},"content":{"rendered":"<p>Siz hi\u00e7 bir ruha a\u015f\u0131k oldunuz mu? Hare oldu. \u00d6fkelendi\u011finde nas\u0131l bakt\u0131\u011f\u0131n\u0131 bilmeden, G\u00fcl\u00fcmsemesinden bir nefret boyu kadar uzakken Ac\u0131 kahve kokusuyla s\u0131nand\u0131 kalbi.   \u201cAte\u015f&#8217;i sevmek \u00e7er\u00e7evedeki bir resmi sevmek gibiydi benim i\u00e7in. \u00dcz\u00fcl\u00fcyordum, k\u0131r\u0131l\u0131yordum, heyecanlan\u0131yordum. Bazen cehennemin ate\u015ften labutlar\u0131 olanca a\u011f\u0131rl\u0131\u011f\u0131yla c\u0131l\u0131z Bedenimin \u00fczerine devriliyordu, \u00e7o\u011fu zaman hissedebilece\u011fim en ufak duygunun zerresini b\u0131rakm\u0131yordu benli\u011fime. Oysa cans\u0131z bir resimde hep ayn\u0131 bakan suretten ibaretti, ne zaman baksam buz gibi, ne zaman baksam ate\u015f&#8230;\u201d <\/p>\n","protected":false},"excerpt":{"rendered":"<p>Siz hi\u00e7 bir ruha a\u015f\u0131k oldunuz mu? Hare oldu. \u00d6fkelendi\u011finde nas\u0131l bakt\u0131\u011f\u0131n\u0131 bilmeden, G\u00fcl\u00fcmsemesinden bir nefret boyu kadar uzakken Ac\u0131 kahve kokusuyla s\u0131nand\u0131 kalbi. \u201cAte\u015f&#8217;i sevmek<span class=\"excerpt-hellip\"> [\u2026]<\/span><\/p>\n","protected":false},"featured_media":0,"template":"","meta":{"_monsterinsights_skip_tracking":false,"_monsterinsights_sitenote_active":false,"_monsterinsights_sitenote_note":"","_monsterinsights_sitenote_category":0},"product_brand":[],"product_cat":[12291,12711],"product_tag":[],"class_list":{"0":"post-713649","1":"product","2":"type-product","3":"status-publish","5":"product_cat-edebiyat","6":"product_cat-roman-oyku","7":"pa_cilt-ciltsiz","8":"pa_tur-kitap","9":"pa_yayinevi-epsilon-yayinlari","10":"pa_yazar-duru-mavii","12":"first","13":"instock","14":"sale","15":"shipping-taxable","16":"purchasable","17":"product-type-simple"},"_links":{"self":[{"href":"https:\/\/roveyayinevi.com.tr\/index.php\/wp-json\/wp\/v2\/product\/713649","targetHints":{"allow":["GET"]}}],"collection":[{"href":"https:\/\/roveyayinevi.com.tr\/index.php\/wp-json\/wp\/v2\/product"}],"about":[{"href":"https:\/\/roveyayinevi.com.tr\/index.php\/wp-json\/wp\/v2\/types\/product"}],"wp:attachment":[{"href":"https:\/\/roveyayinevi.com.tr\/index.php\/wp-json\/wp\/v2\/media?parent=713649"}],"wp:term":[{"taxonomy":"product_brand","embeddable":true,"href":"https:\/\/roveyayinevi.com.tr\/index.php\/wp-json\/wp\/v2\/product_brand?post=713649"},{"taxonomy":"product_cat","embeddable":true,"href":"https:\/\/roveyayinevi.com.tr\/index.php\/wp-json\/wp\/v2\/product_cat?post=713649"},{"taxonomy":"product_tag","embeddable":true,"href":"https:\/\/roveyayinevi.com.tr\/index.php\/wp-json\/wp\/v2\/product_tag?post=713649"}],"curies":[{"name":"wp","href":"https:\/\/api.w.org\/{rel}","templated":true}]}}