{"id":713647,"date":"2025-08-27T17:09:41","date_gmt":"2025-08-27T14:09:41","guid":{"rendered":"https:\/\/roveyayinevi.com.tr\/index.php\/urun\/felsefi-dusun-sayi-10-ortacag-ve-ronesans-felsefesi\/"},"modified":"2026-04-16T02:22:17","modified_gmt":"2026-04-15T23:22:17","slug":"felsefi-dusun-sayi-10-ortacag-ve-ronesans-felsefesi","status":"publish","type":"product","link":"https:\/\/roveyayinevi.com.tr\/index.php\/urun\/felsefi-dusun-sayi-10-ortacag-ve-ronesans-felsefesi\/","title":{"rendered":"Felsefi D\u00fc\u015f\u00fcn Say\u0131: 10 Orta\u00e7a\u011f ve R\u00f6nesans Felsefesi"},"content":{"rendered":"<p>Bu Say\u0131da Yer Alanlar Bet\u00fcl \u00c7OTUKS\u00d6KEN SUNU\u015e * MAKALELER   Yasemin AKI\u015e YAMAN Orta\u00e7a\u011fdan Varolu\u015f\u00e7u Felsefeye: Augustinus ve Kierkegaard\u2019da K\u00f6t\u00fcl\u00fc\u011f\u00fcn Kayna\u011f\u0131 ve Su\u00e7lulu\u011fun Devaml\u0131l\u0131\u011f\u0131 Problemi * C. Cengiz \u00c7EV\u0130K Policraticus\u2019ta Yasan\u0131n Efendisi ve K\u00f6lesi Olarak Kral * \u00dcnsal \u00c7\u0130MEN Francis Bacon\u2019\u0131n D\u0131\u015fsal Mekani\u011fi ve Matematik\u00e7i Fizik\u00e7ilerin Makine Sistemi * F. Didem \u00c7OBAN SARI Augustinus ve Boethius\u2019un D\u00fc\u015f\u00fcncelerinde Sempiternus Kavram\u0131 * Aysel DEM\u0130R Bu D\u00fcnyaya F\u0131rlat\u0131lma ve Augustinus\u2019un Kutsal Devleti * Kurtul G\u00dcLEN\u00c7 &amp;Nihal Petek BOYACI Aquinal\u0131 Thomas\u2019ta Do\u011fal Hukuk \u00d6\u011fretisi * Aliye KARAB\u00dcK KOVANLIKAYA \u0130bn S\u00een\u00e2\u2019da Ben Bilinci * Esma KAYAR Suarez&#8217;de Ak\u0131l Varl\u0131klar\u0131 Olarak Olumsuzlama ve Yoksunluk * Aylin KILI\u00c7 CEPD\u0130B\u0130 Orta\u00e7a\u011fdan R\u00f6nesansa: H\u00fcmanizm ve Bat\u0131 Felsefe Gelene\u011fi A\u00e7\u0131s\u0131ndan De\u011ferlendirmesi * Ey\u00fcp Ali KILI\u00c7ASLAN Hegel\u2019in Felsefe Tarihi Dersleri\u2019nde \u2018Orta\u00e7a\u011f Felsefesi\u2019 * Samet MOR Perspektif: Bilim ve G\u00fczel Sanatlar\u0131n Kesi\u015fiminde Bir Bi\u00e7im Tart\u0131\u015fmas\u0131 * \u00d6zden \u00d6ZKAYA Augustinus\u2019un Zaman Anlay\u0131\u015f\u0131 * Nalan SARA\u00c7 Thomas Aquinas\u2019\u0131n Duygu Anlay\u0131\u015f\u0131 ve Duygular\u0131n Ahlak \u00dczerine Etkileri * E. Burak \u015eAMAN \u0130bn S\u00een\u00e2 ve Descartes\u2019ta Ben Bilgisi ve Kesinlik * Bar\u0131\u015f UZUN Orta\u00e7a\u011f ve \u00d6tesi: Empirizmin Habercisi Olarak Ockhaml\u0131 William * Engin YURT H\u0131ristiyanl\u0131kta Kutsal\u0131n Do\u011fas\u0131na Dair Fikir Ayr\u0131l\u0131\u011f\u0131 ve Buna Kilise Babalar\u0131\u2019nda Olas\u0131 Bir \u00c7\u00f6z\u00fcm <\/p>\n","protected":false},"excerpt":{"rendered":"<p>Bu Say\u0131da Yer Alanlar Bet\u00fcl \u00c7OTUKS\u00d6KEN SUNU\u015e * MAKALELER Yasemin AKI\u015e YAMAN Orta\u00e7a\u011fdan Varolu\u015f\u00e7u Felsefeye: Augustinus ve Kierkegaard\u2019da K\u00f6t\u00fcl\u00fc\u011f\u00fcn Kayna\u011f\u0131 ve Su\u00e7lulu\u011fun Devaml\u0131l\u0131\u011f\u0131 Problemi * C.<span class=\"excerpt-hellip\"> [\u2026]<\/span><\/p>\n","protected":false},"featured_media":0,"template":"","meta":{"_monsterinsights_skip_tracking":false,"_monsterinsights_sitenote_active":false,"_monsterinsights_sitenote_note":"","_monsterinsights_sitenote_category":0},"product_brand":[],"product_cat":[19460,13527],"product_tag":[],"class_list":{"0":"post-713647","1":"product","2":"type-product","3":"status-publish","5":"product_cat-felsefe-sureli-yayinlar","6":"product_cat-sureli-yayinlar","7":"pa_cilt-ciltsiz","8":"pa_tur-dergi","9":"pa_yayinevi-pinhan-yayincilik","10":"pa_yazar-kollektif","12":"first","13":"instock","14":"sale","15":"shipping-taxable","16":"purchasable","17":"product-type-simple"},"_links":{"self":[{"href":"https:\/\/roveyayinevi.com.tr\/index.php\/wp-json\/wp\/v2\/product\/713647","targetHints":{"allow":["GET"]}}],"collection":[{"href":"https:\/\/roveyayinevi.com.tr\/index.php\/wp-json\/wp\/v2\/product"}],"about":[{"href":"https:\/\/roveyayinevi.com.tr\/index.php\/wp-json\/wp\/v2\/types\/product"}],"wp:attachment":[{"href":"https:\/\/roveyayinevi.com.tr\/index.php\/wp-json\/wp\/v2\/media?parent=713647"}],"wp:term":[{"taxonomy":"product_brand","embeddable":true,"href":"https:\/\/roveyayinevi.com.tr\/index.php\/wp-json\/wp\/v2\/product_brand?post=713647"},{"taxonomy":"product_cat","embeddable":true,"href":"https:\/\/roveyayinevi.com.tr\/index.php\/wp-json\/wp\/v2\/product_cat?post=713647"},{"taxonomy":"product_tag","embeddable":true,"href":"https:\/\/roveyayinevi.com.tr\/index.php\/wp-json\/wp\/v2\/product_tag?post=713647"}],"curies":[{"name":"wp","href":"https:\/\/api.w.org\/{rel}","templated":true}]}}