{"id":713646,"date":"2025-08-27T17:09:40","date_gmt":"2025-08-27T14:09:40","guid":{"rendered":"https:\/\/roveyayinevi.com.tr\/index.php\/urun\/ceviribilirsin-edebiyatin-gizli-kahramanligi-hakkinda-notlar\/"},"modified":"2026-04-16T02:22:17","modified_gmt":"2026-04-15T23:22:17","slug":"ceviribilirsin-edebiyatin-gizli-kahramanligi-hakkinda-notlar","status":"publish","type":"product","link":"https:\/\/roveyayinevi.com.tr\/index.php\/urun\/ceviribilirsin-edebiyatin-gizli-kahramanligi-hakkinda-notlar\/","title":{"rendered":"\u00c7eviri&#8217;Bilirsin: Edebiyat\u0131n Gizli Kahramanl\u0131\u011f\u0131 Hakk\u0131nda Notlar"},"content":{"rendered":"<p>hep kitap\u2019\u0131n yazmay\u0131 ve okumay\u0131 hayat\u0131n\u0131n merkezine yerle\u015ftiren, s\u00f6zc\u00fcklerden beslenen herkesin ilgisini \u00e7eken \u201cAt\u00f6lye\u201d serisinden bu defa da edebiyat\u0131n gizli kahramanlar\u0131n\u0131n ba\u015f ucundan ay\u0131rmayaca\u011f\u0131 bir kitap: \u00c7eviri\u2019Bilirsin: Edebiyat\u0131n Gizli Kahramanl\u0131\u011f\u0131 Hakk\u0131nda Notlar! Romanlar\u0131yla oldu\u011fu kadar James Joyce gibi \u201c\u00e7evrilemez\u201d denen bir yazar\u0131n eserlerini bile ustal\u0131kla dilimize kazand\u0131rmas\u0131yla da tan\u0131nan, bol \u00f6d\u00fcll\u00fc \u00e7evirmen Fuat Sevimay, \u00e7evirinin inceliklerini verdi\u011fi onlarca at\u00f6lye, \u00e7evirdi\u011fi onlarca kitaptan yola \u00e7\u0131karak anlat\u0131yor. \u00c7evirmenler edebiyat\u0131n gizli kahramanlar\u0131. \u00c7o\u011fu zaman d\u00fcnya edebiyat\u0131n\u0131n bek\u00e7ileri. Ama kahramanlar\u0131n da \u00f6n\u00fcnde o bo\u015f sayfa a\u00e7\u0131kken dan\u0131\u015facak bir dosta ihtiyac\u0131 vard\u0131r. \u00c7eviri Bilirsin bu yolda sizin ger\u00e7ek dostunuz olacak! <\/p>\n","protected":false},"excerpt":{"rendered":"<p>hep kitap\u2019\u0131n yazmay\u0131 ve okumay\u0131 hayat\u0131n\u0131n merkezine yerle\u015ftiren, s\u00f6zc\u00fcklerden beslenen herkesin ilgisini \u00e7eken \u201cAt\u00f6lye\u201d serisinden bu defa da edebiyat\u0131n gizli kahramanlar\u0131n\u0131n ba\u015f ucundan ay\u0131rmayaca\u011f\u0131 bir kitap:<span class=\"excerpt-hellip\"> [\u2026]<\/span><\/p>\n","protected":false},"featured_media":0,"template":"","meta":{"_monsterinsights_skip_tracking":false,"_monsterinsights_sitenote_active":false,"_monsterinsights_sitenote_note":"","_monsterinsights_sitenote_category":0},"product_brand":[],"product_cat":[13072,12291],"product_tag":[],"class_list":{"0":"post-713646","1":"product","2":"type-product","3":"status-publish","5":"product_cat-arastirma-inceleme-referans","6":"product_cat-edebiyat","7":"pa_cilt-ciltsiz","8":"pa_tur-kitap","9":"pa_yayinevi-hep-kitap","10":"pa_yazar-fuat-sevimay","12":"first","13":"instock","14":"sale","15":"shipping-taxable","16":"purchasable","17":"product-type-simple"},"_links":{"self":[{"href":"https:\/\/roveyayinevi.com.tr\/index.php\/wp-json\/wp\/v2\/product\/713646","targetHints":{"allow":["GET"]}}],"collection":[{"href":"https:\/\/roveyayinevi.com.tr\/index.php\/wp-json\/wp\/v2\/product"}],"about":[{"href":"https:\/\/roveyayinevi.com.tr\/index.php\/wp-json\/wp\/v2\/types\/product"}],"wp:attachment":[{"href":"https:\/\/roveyayinevi.com.tr\/index.php\/wp-json\/wp\/v2\/media?parent=713646"}],"wp:term":[{"taxonomy":"product_brand","embeddable":true,"href":"https:\/\/roveyayinevi.com.tr\/index.php\/wp-json\/wp\/v2\/product_brand?post=713646"},{"taxonomy":"product_cat","embeddable":true,"href":"https:\/\/roveyayinevi.com.tr\/index.php\/wp-json\/wp\/v2\/product_cat?post=713646"},{"taxonomy":"product_tag","embeddable":true,"href":"https:\/\/roveyayinevi.com.tr\/index.php\/wp-json\/wp\/v2\/product_tag?post=713646"}],"curies":[{"name":"wp","href":"https:\/\/api.w.org\/{rel}","templated":true}]}}