{"id":713640,"date":"2025-08-27T17:09:36","date_gmt":"2025-08-27T14:09:36","guid":{"rendered":"https:\/\/roveyayinevi.com.tr\/index.php\/urun\/imis\/"},"modified":"2026-04-16T02:22:17","modified_gmt":"2026-04-15T23:22:17","slug":"imis","status":"publish","type":"product","link":"https:\/\/roveyayinevi.com.tr\/index.php\/urun\/imis\/","title":{"rendered":"\u0130mi\u015f"},"content":{"rendered":"<p>Hassas terazi ile \u00f6l\u00e7\u00fclm\u00fc\u015f dili ve anlat\u0131m\u0131yla \u0130mi\u015f, de\u011fer y\u00fckl\u00fc eylemlerin izini s\u00fcrebilece\u011finiz bir roman. Sahnede so\u011fukkanl\u0131 bir soytar\u0131, mutsuz ama inad\u0131na \u201cg\u00f6steriyi devam ettiren\u201d \u0130mi\u015faba\u2019n\u0131n ya\u015fam\u0131ndan bir kesit. \u0130mi\u015f, dilini \u00e7oktan bulmu\u015f bir yeni yazar\u0131 ilan ediyor. <\/p>\n","protected":false},"excerpt":{"rendered":"<p>Hassas terazi ile \u00f6l\u00e7\u00fclm\u00fc\u015f dili ve anlat\u0131m\u0131yla \u0130mi\u015f, de\u011fer y\u00fckl\u00fc eylemlerin izini s\u00fcrebilece\u011finiz bir roman. Sahnede so\u011fukkanl\u0131 bir soytar\u0131, mutsuz ama inad\u0131na \u201cg\u00f6steriyi devam ettiren\u201d \u0130mi\u015faba\u2019n\u0131n<span class=\"excerpt-hellip\"> [\u2026]<\/span><\/p>\n","protected":false},"featured_media":0,"template":"","meta":{"_monsterinsights_skip_tracking":false,"_monsterinsights_sitenote_active":false,"_monsterinsights_sitenote_note":"","_monsterinsights_sitenote_category":0},"product_brand":[],"product_cat":[12291,12711],"product_tag":[],"class_list":{"0":"post-713640","1":"product","2":"type-product","3":"status-publish","5":"product_cat-edebiyat","6":"product_cat-roman-oyku","7":"pa_cilt-ciltsiz","8":"pa_tur-kitap","9":"pa_yayinevi-kirmizi-kedi-yayinevi","10":"pa_yazar-sukru-keles","12":"first","13":"instock","14":"sale","15":"shipping-taxable","16":"purchasable","17":"product-type-simple"},"_links":{"self":[{"href":"https:\/\/roveyayinevi.com.tr\/index.php\/wp-json\/wp\/v2\/product\/713640","targetHints":{"allow":["GET"]}}],"collection":[{"href":"https:\/\/roveyayinevi.com.tr\/index.php\/wp-json\/wp\/v2\/product"}],"about":[{"href":"https:\/\/roveyayinevi.com.tr\/index.php\/wp-json\/wp\/v2\/types\/product"}],"wp:attachment":[{"href":"https:\/\/roveyayinevi.com.tr\/index.php\/wp-json\/wp\/v2\/media?parent=713640"}],"wp:term":[{"taxonomy":"product_brand","embeddable":true,"href":"https:\/\/roveyayinevi.com.tr\/index.php\/wp-json\/wp\/v2\/product_brand?post=713640"},{"taxonomy":"product_cat","embeddable":true,"href":"https:\/\/roveyayinevi.com.tr\/index.php\/wp-json\/wp\/v2\/product_cat?post=713640"},{"taxonomy":"product_tag","embeddable":true,"href":"https:\/\/roveyayinevi.com.tr\/index.php\/wp-json\/wp\/v2\/product_tag?post=713640"}],"curies":[{"name":"wp","href":"https:\/\/api.w.org\/{rel}","templated":true}]}}