{"id":713639,"date":"2025-08-27T17:09:35","date_gmt":"2025-08-27T14:09:35","guid":{"rendered":"https:\/\/roveyayinevi.com.tr\/index.php\/urun\/cilgin-bitkiler-ciltli\/"},"modified":"2026-04-16T02:22:17","modified_gmt":"2026-04-15T23:22:17","slug":"cilgin-bitkiler-ciltli","status":"publish","type":"product","link":"https:\/\/roveyayinevi.com.tr\/index.php\/urun\/cilgin-bitkiler-ciltli\/","title":{"rendered":"\u00c7\u0131lg\u0131n Bitkiler (Ciltli)"},"content":{"rendered":"<p>M\u00fcthi\u015f bir yolculu\u011fa \u00e7\u0131k\u0131yoruz. Bu kitapta neler yok ki! Etle beslenen bitkiler (K\u00f6fte mi yiyorlar acaba?) Mafya \u00e7i\u00e7e\u011fi (Yer alt\u0131nda a\u00e7\u0131yor.) Ceset \u00e7i\u00e7e\u011fi (Annnneeeee!)  Psikopat bitkiler (\u00c7ok tehlikeliler.) Berbat kokan bitkiler (Burnunuzu kapat\u0131n!) G\u00fcnd\u00fcz uyuyup gece uyanan bitkiler H\u00fcng\u00fcr h\u00fcng\u00fcr a\u011flayan bitkiler (Dertleri var belli ki\u2026) Zehirli bitkiler  Romantik bitkiler Bir de akl\u0131ma tak\u0131lan bir soru var: Fatih Sultan Mehmed neden domates yememi\u015f? Bitkiler hakk\u0131nda komik, tuhaf ve ilgin\u00e7 her \u015fey bu kitapta.  Profes\u00f6r L\u00fctf\u00fc Lafcambaz\u0131\u2019n\u0131n muhte\u015fem anlat\u0131m\u0131yla. <\/p>\n","protected":false},"excerpt":{"rendered":"<p>M\u00fcthi\u015f bir yolculu\u011fa \u00e7\u0131k\u0131yoruz. Bu kitapta neler yok ki! Etle beslenen bitkiler (K\u00f6fte mi yiyorlar acaba?) Mafya \u00e7i\u00e7e\u011fi (Yer alt\u0131nda a\u00e7\u0131yor.) Ceset \u00e7i\u00e7e\u011fi (Annnneeeee!) Psikopat bitkiler<span class=\"excerpt-hellip\"> [\u2026]<\/span><\/p>\n","protected":false},"featured_media":0,"template":"","meta":{"_monsterinsights_skip_tracking":false,"_monsterinsights_sitenote_active":false,"_monsterinsights_sitenote_note":"","_monsterinsights_sitenote_category":0},"product_brand":[],"product_cat":[13829,12274],"product_tag":[],"class_list":{"0":"post-713639","1":"product","2":"type-product","3":"status-publish","5":"product_cat-bilimsel-kitaplar","6":"product_cat-cocuk-ve-genclik-kitaplari","7":"pa_cilt-ciltli","8":"pa_tur-kitap","9":"pa_yayinevi-nesil-genc","10":"pa_yazar-yusuf-asal","12":"first","13":"instock","14":"sale","15":"shipping-taxable","16":"purchasable","17":"product-type-simple"},"_links":{"self":[{"href":"https:\/\/roveyayinevi.com.tr\/index.php\/wp-json\/wp\/v2\/product\/713639","targetHints":{"allow":["GET"]}}],"collection":[{"href":"https:\/\/roveyayinevi.com.tr\/index.php\/wp-json\/wp\/v2\/product"}],"about":[{"href":"https:\/\/roveyayinevi.com.tr\/index.php\/wp-json\/wp\/v2\/types\/product"}],"wp:attachment":[{"href":"https:\/\/roveyayinevi.com.tr\/index.php\/wp-json\/wp\/v2\/media?parent=713639"}],"wp:term":[{"taxonomy":"product_brand","embeddable":true,"href":"https:\/\/roveyayinevi.com.tr\/index.php\/wp-json\/wp\/v2\/product_brand?post=713639"},{"taxonomy":"product_cat","embeddable":true,"href":"https:\/\/roveyayinevi.com.tr\/index.php\/wp-json\/wp\/v2\/product_cat?post=713639"},{"taxonomy":"product_tag","embeddable":true,"href":"https:\/\/roveyayinevi.com.tr\/index.php\/wp-json\/wp\/v2\/product_tag?post=713639"}],"curies":[{"name":"wp","href":"https:\/\/api.w.org\/{rel}","templated":true}]}}