{"id":713638,"date":"2025-08-27T17:09:34","date_gmt":"2025-08-27T14:09:34","guid":{"rendered":"https:\/\/roveyayinevi.com.tr\/index.php\/urun\/ciplak-kalem\/"},"modified":"2026-04-16T02:22:17","modified_gmt":"2026-04-15T23:22:17","slug":"ciplak-kalem","status":"publish","type":"product","link":"https:\/\/roveyayinevi.com.tr\/index.php\/urun\/ciplak-kalem\/","title":{"rendered":"\u00c7\u0131plak Kalem"},"content":{"rendered":"<p>Bir \u00e7\u0131\u011fl\u0131k olsa gerek Mavi bir pencereden seken K\u00f6p\u00fck i\u00e7indeki denize vuran Bir \u0131\u015f\u0131k Anl\u0131k \u0131\u015f\u0131\u011f\u0131 Fenerin Ad\u0131n\u0131 veren Karanl\u0131\u011fa Bir ben Bir sen Bir o Her seferinde birimiz- Kayna\u011f\u0131ndan                                                              Bir kez ayr\u0131lan ve d\u00f6nmeyen                                                              K\u00f6p\u00fckl\u00fc karanl\u0131k dalgalara                                                              G\u00f6ky\u00fcz\u00fcn\u00fcn ve y\u0131ld\u0131zlar\u0131n                                                              Ne kadar uzak oldu\u011funu g\u00f6steren                                                              F\u0131rt\u0131naya tutulmu\u015f mart\u0131 yavrusunun                                                              G\u00f6zlerindeki anl\u0131k par\u0131lt\u0131&#8230; <\/p>\n","protected":false},"excerpt":{"rendered":"<p>Bir \u00e7\u0131\u011fl\u0131k olsa gerek Mavi bir pencereden seken K\u00f6p\u00fck i\u00e7indeki denize vuran Bir \u0131\u015f\u0131k Anl\u0131k \u0131\u015f\u0131\u011f\u0131 Fenerin Ad\u0131n\u0131 veren Karanl\u0131\u011fa Bir ben Bir sen Bir o<span class=\"excerpt-hellip\"> [\u2026]<\/span><\/p>\n","protected":false},"featured_media":0,"template":"","meta":{"_monsterinsights_skip_tracking":false,"_monsterinsights_sitenote_active":false,"_monsterinsights_sitenote_note":"","_monsterinsights_sitenote_category":0},"product_brand":[],"product_cat":[12291,12509],"product_tag":[],"class_list":{"0":"post-713638","1":"product","2":"type-product","3":"status-publish","5":"product_cat-edebiyat","6":"product_cat-siir","7":"pa_cilt-ciltsiz","8":"pa_tur-kitap","9":"pa_yayinevi-kirmizi-kedi-yayinevi","10":"pa_yazar-izzet-goldeli","12":"first","13":"instock","14":"sale","15":"shipping-taxable","16":"purchasable","17":"product-type-simple"},"_links":{"self":[{"href":"https:\/\/roveyayinevi.com.tr\/index.php\/wp-json\/wp\/v2\/product\/713638","targetHints":{"allow":["GET"]}}],"collection":[{"href":"https:\/\/roveyayinevi.com.tr\/index.php\/wp-json\/wp\/v2\/product"}],"about":[{"href":"https:\/\/roveyayinevi.com.tr\/index.php\/wp-json\/wp\/v2\/types\/product"}],"wp:attachment":[{"href":"https:\/\/roveyayinevi.com.tr\/index.php\/wp-json\/wp\/v2\/media?parent=713638"}],"wp:term":[{"taxonomy":"product_brand","embeddable":true,"href":"https:\/\/roveyayinevi.com.tr\/index.php\/wp-json\/wp\/v2\/product_brand?post=713638"},{"taxonomy":"product_cat","embeddable":true,"href":"https:\/\/roveyayinevi.com.tr\/index.php\/wp-json\/wp\/v2\/product_cat?post=713638"},{"taxonomy":"product_tag","embeddable":true,"href":"https:\/\/roveyayinevi.com.tr\/index.php\/wp-json\/wp\/v2\/product_tag?post=713638"}],"curies":[{"name":"wp","href":"https:\/\/api.w.org\/{rel}","templated":true}]}}