{"id":713637,"date":"2025-08-27T17:09:33","date_gmt":"2025-08-27T14:09:33","guid":{"rendered":"https:\/\/roveyayinevi.com.tr\/index.php\/urun\/nefret-cagi-the-witcher-serisi-4\/"},"modified":"2026-04-16T02:22:17","modified_gmt":"2026-04-15T23:22:17","slug":"nefret-cagi-the-witcher-serisi-4","status":"publish","type":"product","link":"https:\/\/roveyayinevi.com.tr\/index.php\/urun\/nefret-cagi-the-witcher-serisi-4\/","title":{"rendered":"Nefret \u00c7a\u011f\u0131 &#8211; The Witcher Serisi 4"},"content":{"rendered":"<p>Rivyal\u0131 Geralt, kendisini b\u00fcy\u00fcc\u00fclerin kar\u015f\u0131s\u0131nda ve korkun\u00e7 bir sava\u015f\u0131n ortas\u0131nda buluyor.\u201cYapamam&#8230; Onu yazg\u0131s\u0131na teslim edemem. Yapayaln\u0131z o \u015fimdi&#8230; Oysa hi\u00e7 yaln\u0131z kalmamal\u0131, Dandelion. Sen bunu anlayamazs\u0131n. Kimse anlayamaz ama ben anl\u0131yorum. E\u011fer yaln\u0131z kal\u0131rsa, bir zamanlar&#8230; Bir zamanlar benim ba\u015f\u0131ma gelenleri o da ya\u015fayacak&#8230; Sen bunu anlayamazs\u0131n\u2026\u201dNilfgaard \u0130mparatoru Emhyr var Emreis harekete ge\u00e7mek \u00fczere. Tek bir hamleyle Kuzey Krall\u0131klar\u0131\u2019n\u0131 par\u00e7alamak, \u00f6n\u00fcne \u00e7\u0131kmak talihsizli\u011fine d\u00fc\u015fen herkesi \u00f6ld\u00fcrmek veya esir almak istiyor. Ge\u00e7mi\u015fte Sodden Tepesi\u2019nde b\u00fcy\u00fcc\u00fcler y\u00fcz\u00fcnden yenilen Nilfgaard \u0130mparatoru bu sefer zaferle aras\u0131na hi\u00e7 kimsenin giremeyece\u011finden emin.\u0130nsanlar\u0131n ve devletlerin \u00e7\u0131kar sava\u015flar\u0131na kesinlikle bula\u015fmamay\u0131 ve daima tarafs\u0131z kalmay\u0131 se\u00e7en Rivyal\u0131 Geralt bu sefer \u00e7ok zor bir karar vermek zorundad\u0131r. Kehanetlerde bahsedilen, t\u00fcm d\u00fcnyay\u0131 de\u011fi\u015ftirmeye yazg\u0131l\u0131 \u00e7ocuk onun kendi k\u0131z\u0131 gibi sevdi\u011fi Ciri\u2019dir. Ve Ciri\u2019yi korumak i\u00e7in Geralt\u2019\u0131n yapmayaca\u011f\u0131 \u015fey yoktur. Nihayet bir taraf se\u00e7mek ve can\u0131n\u0131 hi\u00e7e saymak d\u00e2hil.\u201cBu kitab\u0131 ger\u00e7ekten, ger\u00e7ekten \u00e7ok be\u011fendim&#8230; Sapkowsk\u0131\u2019nin d\u00fcnyas\u0131ndaki hi\u00e7bir karakter siyah-beyaz de\u011fil. Geralt ve canavarlar d\u00e2hil herkes grinin bir tonu.&#8221;- The Deckled Edge <\/p>\n","protected":false},"excerpt":{"rendered":"<p>Rivyal\u0131 Geralt, kendisini b\u00fcy\u00fcc\u00fclerin kar\u015f\u0131s\u0131nda ve korkun\u00e7 bir sava\u015f\u0131n ortas\u0131nda buluyor.\u201cYapamam&#8230; Onu yazg\u0131s\u0131na teslim edemem. Yapayaln\u0131z o \u015fimdi&#8230; Oysa hi\u00e7 yaln\u0131z kalmamal\u0131, Dandelion. Sen bunu anlayamazs\u0131n.<span class=\"excerpt-hellip\"> [\u2026]<\/span><\/p>\n","protected":false},"featured_media":0,"template":"","meta":{"_monsterinsights_skip_tracking":false,"_monsterinsights_sitenote_active":false,"_monsterinsights_sitenote_note":"","_monsterinsights_sitenote_category":0},"product_brand":[],"product_cat":[12291,14777],"product_tag":[],"class_list":{"0":"post-713637","1":"product","2":"type-product","3":"status-publish","5":"product_cat-edebiyat","6":"product_cat-fantastik","7":"pa_cilt-ciltsiz","8":"pa_tur-kitap","9":"pa_yayinevi-pegasus-yayinlari","10":"pa_yazar-andrzej-sapkowski","12":"first","13":"instock","14":"sale","15":"shipping-taxable","16":"purchasable","17":"product-type-simple"},"_links":{"self":[{"href":"https:\/\/roveyayinevi.com.tr\/index.php\/wp-json\/wp\/v2\/product\/713637","targetHints":{"allow":["GET"]}}],"collection":[{"href":"https:\/\/roveyayinevi.com.tr\/index.php\/wp-json\/wp\/v2\/product"}],"about":[{"href":"https:\/\/roveyayinevi.com.tr\/index.php\/wp-json\/wp\/v2\/types\/product"}],"wp:attachment":[{"href":"https:\/\/roveyayinevi.com.tr\/index.php\/wp-json\/wp\/v2\/media?parent=713637"}],"wp:term":[{"taxonomy":"product_brand","embeddable":true,"href":"https:\/\/roveyayinevi.com.tr\/index.php\/wp-json\/wp\/v2\/product_brand?post=713637"},{"taxonomy":"product_cat","embeddable":true,"href":"https:\/\/roveyayinevi.com.tr\/index.php\/wp-json\/wp\/v2\/product_cat?post=713637"},{"taxonomy":"product_tag","embeddable":true,"href":"https:\/\/roveyayinevi.com.tr\/index.php\/wp-json\/wp\/v2\/product_tag?post=713637"}],"curies":[{"name":"wp","href":"https:\/\/api.w.org\/{rel}","templated":true}]}}