{"id":713635,"date":"2025-08-27T17:09:24","date_gmt":"2025-08-27T14:09:24","guid":{"rendered":"https:\/\/roveyayinevi.com.tr\/index.php\/urun\/kader-kilici-the-witcher-serisi-2\/"},"modified":"2026-04-16T02:22:17","modified_gmt":"2026-04-15T23:22:17","slug":"kader-kilici-the-witcher-serisi-2","status":"publish","type":"product","link":"https:\/\/roveyayinevi.com.tr\/index.php\/urun\/kader-kilici-the-witcher-serisi-2\/","title":{"rendered":"Kader K\u0131l\u0131c\u0131 &#8211; The Witcher Serisi 2"},"content":{"rendered":"<p>\u0130ngiltere i\u00e7in Tolkien,  Amerika i\u00e7in George R. R. Martin neyse Do\u011fu Avrupa i\u00e7in Sapkowski odur. Rivyal\u0131 Geralt bir Witcher\u2019d\u0131r. Daha k\u00fc\u00e7\u00fck bir \u00e7ocukken se\u00e7ilmi\u015f, e\u011fitilmi\u015f, b\u00fcy\u00fclerle donat\u0131lm\u0131\u015f ve mutasyon ge\u00e7irmi\u015f bir canavar avc\u0131s\u0131. Ac\u0131mas\u0131z, tekinsiz, karanl\u0131k ve canavarlarla dolu bir d\u00fcnyada ya\u015far. Bir Witcher\u2019\u0131n hayat\u0131 kolay de\u011fildir. Yapt\u0131\u011f\u0131 i\u015f gere\u011fi bo\u011faz\u0131na kadar pisli\u011fe bat\u0131p t\u00fcm \u015fehri tehdit eden \u00f6l\u00fcmc\u00fcl canavarlar\u0131n pe\u015fine d\u00fc\u015fer, denizk\u0131zlar\u0131n\u0131 ikna etmeye \u00e7al\u0131\u015f\u0131r. As\u0131l meselenin ejderhay\u0131 \u00f6ld\u00fcrmek de\u011fil hazinesinin nas\u0131l payla\u015f\u0131laca\u011f\u0131 olan bir maceraya g\u00f6n\u00fcls\u00fczce kat\u0131lmak, insanlar\u0131n m\u0131 yoksa kadim t\u00fcrlerin mi daha b\u00fcy\u00fck canavarlar oldu\u011funa karar vermek zorunda kal\u0131r. Sihirbazlar, prensler, canavarlar, derebeyleri, rahipler, ozanlar ve her t\u00fcrden canavar bu topraklarda ya\u015far, hayatta kalmak i\u00e7in sava\u015f\u0131r, sever ve nefret eder. Hepsinin aras\u0131nda ise Rivyal\u0131 Geralt tek ba\u015f\u0131na y\u00fcr\u00fcr. \u201cMieville ve Neil Gaiman gibi Sapkowski de eskiyi al\u0131p yeniliyor\u2026 Fantastik t\u00fcrde taze bir a\u00e7\u0131l\u0131m.\u201d &#8211; Foundation \u201cBu kitab\u0131 ger\u00e7ekten, ger\u00e7ekten \u00e7ok be\u011fendim&#8230; SapkowskI\u2019nin d\u00fcnyas\u0131ndaki hi\u00e7bir karakter  Siyah-Beyaz de\u011fil. Geralt ve canavarlar dahil herkes grinin bir tonu.\u201d &#8211; The Deckled Edge \u201cD\u00fcnyadan b\u0131km\u0131\u015fl\u0131\u011f\u0131 ve say\u0131s\u0131z sava\u015fta geli\u015ftirilmi\u015f g\u00fc\u00e7leri, Geralt\u2019\u0131 b\u00f6ylesine ilgin\u00e7 bir karakter yap\u0131yor.\u201d &#8211; Edge <\/p>\n","protected":false},"excerpt":{"rendered":"<p>\u0130ngiltere i\u00e7in Tolkien, Amerika i\u00e7in George R. R. Martin neyse Do\u011fu Avrupa i\u00e7in Sapkowski odur. Rivyal\u0131 Geralt bir Witcher\u2019d\u0131r. Daha k\u00fc\u00e7\u00fck bir \u00e7ocukken se\u00e7ilmi\u015f, e\u011fitilmi\u015f, b\u00fcy\u00fclerle<span class=\"excerpt-hellip\"> [\u2026]<\/span><\/p>\n","protected":false},"featured_media":0,"template":"","meta":{"_monsterinsights_skip_tracking":false,"_monsterinsights_sitenote_active":false,"_monsterinsights_sitenote_note":"","_monsterinsights_sitenote_category":0},"product_brand":[],"product_cat":[12291,14777],"product_tag":[],"class_list":{"0":"post-713635","1":"product","2":"type-product","3":"status-publish","5":"product_cat-edebiyat","6":"product_cat-fantastik","7":"pa_cilt-ciltsiz","8":"pa_tur-kitap","9":"pa_yayinevi-pegasus-yayinlari","10":"pa_yazar-andrzej-sapkowski","12":"first","13":"instock","14":"sale","15":"shipping-taxable","16":"purchasable","17":"product-type-simple"},"_links":{"self":[{"href":"https:\/\/roveyayinevi.com.tr\/index.php\/wp-json\/wp\/v2\/product\/713635","targetHints":{"allow":["GET"]}}],"collection":[{"href":"https:\/\/roveyayinevi.com.tr\/index.php\/wp-json\/wp\/v2\/product"}],"about":[{"href":"https:\/\/roveyayinevi.com.tr\/index.php\/wp-json\/wp\/v2\/types\/product"}],"wp:attachment":[{"href":"https:\/\/roveyayinevi.com.tr\/index.php\/wp-json\/wp\/v2\/media?parent=713635"}],"wp:term":[{"taxonomy":"product_brand","embeddable":true,"href":"https:\/\/roveyayinevi.com.tr\/index.php\/wp-json\/wp\/v2\/product_brand?post=713635"},{"taxonomy":"product_cat","embeddable":true,"href":"https:\/\/roveyayinevi.com.tr\/index.php\/wp-json\/wp\/v2\/product_cat?post=713635"},{"taxonomy":"product_tag","embeddable":true,"href":"https:\/\/roveyayinevi.com.tr\/index.php\/wp-json\/wp\/v2\/product_tag?post=713635"}],"curies":[{"name":"wp","href":"https:\/\/api.w.org\/{rel}","templated":true}]}}