{"id":713634,"date":"2025-08-27T17:09:24","date_gmt":"2025-08-27T14:09:24","guid":{"rendered":"https:\/\/roveyayinevi.com.tr\/index.php\/urun\/elflerin-kani-the-witcher-serisi-3\/"},"modified":"2026-04-16T02:22:17","modified_gmt":"2026-04-15T23:22:17","slug":"elflerin-kani-the-witcher-serisi-3","status":"publish","type":"product","link":"https:\/\/roveyayinevi.com.tr\/index.php\/urun\/elflerin-kani-the-witcher-serisi-3\/","title":{"rendered":"Elflerin Kan\u0131 &#8211; The Witcher Serisi 3"},"content":{"rendered":"<p>Rivyal\u0131 Geralt, Witcher serisinin ilk roman\u0131yla geri d\u00f6nd\u00fc ve bu sefer d\u00fcnyan\u0131n kaderini ellerinde tutuyor. \u201cBen Witcher\u2019\u0131m. Yapay olarak yarat\u0131lm\u0131\u015f bir mutant. Para kar\u015f\u0131l\u0131\u011f\u0131nda canavar \u00f6ld\u00fcr\u00fcr\u00fcm. Anne babalar\u0131 bedelini \u00f6derlerse \u00e7ocuklar\u0131 korurum. Paras\u0131n\u0131 Nilfgaardl\u0131 anne babalar \u00f6derlerse Nilfgaardl\u0131 \u00e7ocuklar\u0131 da korurum. D\u00fcnya harap olsa bile -ki bunu hi\u00e7 sanm\u0131yorum- bir canavar beni \u00f6ld\u00fcr\u00fcnceye kadar bu d\u00fcnyan\u0131n harabeleri \u00fczerinde canavar \u00f6ld\u00fcrmeyi s\u00fcrd\u00fcr\u00fcr\u00fcm. Bu benim yazg\u0131m.\u201d Y\u00fczy\u0131ldan fazla bir s\u00fcredir insanlar, c\u00fcceler ve elfler bar\u0131\u015f i\u00e7inde ya\u015f\u0131yordu. Ancak zaman de\u011fi\u015fti. Bar\u0131\u015f sona erdi ve farkl\u0131 \u0131rklar tekrar sava\u015fmaya ba\u015flad\u0131. Hem birbirlerine kar\u015f\u0131 hem de kendi aralar\u0131nda. C\u00fcceler h\u0131s\u0131mlar\u0131n\u0131 \u00f6ld\u00fcr\u00fcyor, elfler de insanlar\u0131 ve insanlarla dostluk kuran elfleri. Bu \u00e7alkant\u0131l\u0131 \u00e7a\u011fda k\u00e2hinlerin bekledi\u011fi bir \u00e7ocuk do\u011far. Cintra Aslan\u0131 Krali\u00e7e Calanthe\u2019nin torunu Ciri\u2019nin garip g\u00fc\u00e7leri ve daha da garip bir kaderi vard\u0131r. Kehanetler onu \u201cAlev\u201d diye niteliyor, iyi veya k\u00f6t\u00fc d\u00fcnyay\u0131 de\u011fi\u015ftirecek ki\u015fi olarak. Bu kitab\u0131 ger\u00e7ekten, ger\u00e7ekten \u00e7ok be\u011fendim&#8230; Sapkowskp&#8217;nin d\u00fcnyas\u0131ndaki hi\u00e7bir karakter siyah beyaz de\u011fil. Geralt ve canavarlar dahil herkes grinin bir tonu   \u2013The Deckled Edge <\/p>\n","protected":false},"excerpt":{"rendered":"<p>Rivyal\u0131 Geralt, Witcher serisinin ilk roman\u0131yla geri d\u00f6nd\u00fc ve bu sefer d\u00fcnyan\u0131n kaderini ellerinde tutuyor. \u201cBen Witcher\u2019\u0131m. Yapay olarak yarat\u0131lm\u0131\u015f bir mutant. Para kar\u015f\u0131l\u0131\u011f\u0131nda canavar \u00f6ld\u00fcr\u00fcr\u00fcm.<span class=\"excerpt-hellip\"> [\u2026]<\/span><\/p>\n","protected":false},"featured_media":0,"template":"","meta":{"_monsterinsights_skip_tracking":false,"_monsterinsights_sitenote_active":false,"_monsterinsights_sitenote_note":"","_monsterinsights_sitenote_category":0},"product_brand":[],"product_cat":[12291,14777],"product_tag":[],"class_list":{"0":"post-713634","1":"product","2":"type-product","3":"status-publish","5":"product_cat-edebiyat","6":"product_cat-fantastik","7":"pa_cilt-ciltsiz","8":"pa_tur-kitap","9":"pa_yayinevi-pegasus-yayinlari","10":"pa_yazar-andrzej-sapkowski","12":"first","13":"instock","14":"sale","15":"shipping-taxable","16":"purchasable","17":"product-type-simple"},"_links":{"self":[{"href":"https:\/\/roveyayinevi.com.tr\/index.php\/wp-json\/wp\/v2\/product\/713634","targetHints":{"allow":["GET"]}}],"collection":[{"href":"https:\/\/roveyayinevi.com.tr\/index.php\/wp-json\/wp\/v2\/product"}],"about":[{"href":"https:\/\/roveyayinevi.com.tr\/index.php\/wp-json\/wp\/v2\/types\/product"}],"wp:attachment":[{"href":"https:\/\/roveyayinevi.com.tr\/index.php\/wp-json\/wp\/v2\/media?parent=713634"}],"wp:term":[{"taxonomy":"product_brand","embeddable":true,"href":"https:\/\/roveyayinevi.com.tr\/index.php\/wp-json\/wp\/v2\/product_brand?post=713634"},{"taxonomy":"product_cat","embeddable":true,"href":"https:\/\/roveyayinevi.com.tr\/index.php\/wp-json\/wp\/v2\/product_cat?post=713634"},{"taxonomy":"product_tag","embeddable":true,"href":"https:\/\/roveyayinevi.com.tr\/index.php\/wp-json\/wp\/v2\/product_tag?post=713634"}],"curies":[{"name":"wp","href":"https:\/\/api.w.org\/{rel}","templated":true}]}}